{"id":1767,"date":"2023-02-28T08:39:44","date_gmt":"2023-02-28T07:39:44","guid":{"rendered":"https:\/\/artsystemdeco.com\/galeria\/posadzki-i-schody-z-betonu\/"},"modified":"2023-09-08T11:49:16","modified_gmt":"2023-09-08T09:49:16","slug":"betonove-podlahy-a-schody","status":"publish","type":"page","link":"https:\/\/artsystemdeco.com\/cs\/galerie\/betonove-podlahy-a-schody\/","title":{"rendered":"GALERIE &#8211; BETONOV\u00c9 PODLAHY A SCHODY"},"content":{"rendered":"<section class=\"l-section wpb_row us_custom_a21ea65f thin-content height_auto with_img\"><div class=\"l-section-img\" style=\"background-image: url(https:\/\/artsystemdeco.com\/wp-content\/uploads\/2023\/09\/schody-galeria-top.jpg);background-repeat: no-repeat;\" data-img-width=\"1800\" data-img-height=\"500\"><\/div><div class=\"l-section-h i-cf\"><div class=\"g-cols vc_row via_flex valign_middle type_default stacking_default\"><div class=\"vc_col-sm-12 wpb_column vc_column_container\"><div class=\"vc_column-inner\"><div class=\"wpb_wrapper\"><h1 class=\"w-post-elm post_title us_custom_409b4cb1 align_right entry-title color_link_inherit\">GALERIE &#8211; BETONOV\u00c9 PODLAHY A SCHODY<\/h1><\/div><\/div><\/div><\/div><\/div><\/section><section class=\"l-section wpb_row thin-content height_medium\"><div class=\"l-section-h i-cf\"><div class=\"g-cols vc_row via_flex valign_top type_default stacking_default\"><div class=\"vc_col-sm-12 wpb_column vc_column_container\"><div class=\"vc_column-inner\"><div class=\"wpb_wrapper\"><div class=\"wpb_text_column\"><div class=\"wpb_wrapper\"><h2 style=\"text-align: center;\">BETONOV\u00c9 PODLAHY A SCHODY<\/h2>\n<\/div><\/div><div class=\"w-separator size_custom with_line width_default thick_1 style_solid color_border align_center\" style=\"height:2px\"><div class=\"w-separator-h\"><\/div><\/div><div class=\"w-separator size_small\"><\/div><div class=\"wpb_text_column\"><div class=\"wpb_wrapper\"><p>Abychom zajistili komplexnost nab\u00eddky na\u0161\u00ed spole\u010dnosti, krom\u011b komplexn\u00edch konstrukc\u00ed z um\u011bl\u00fdch skal, nab\u00edz\u00edme tak\u00e9 odoln\u00e9, a z\u00e1rove\u0148 estetick\u00e9 kamenn\u00e9 podlahy z ra\u017een\u00e9ho betonu. Na\u0161e slu\u017eby \u010dasto vyu\u017e\u00edvaj\u00ed obchodn\u00ed centra, z\u00e1bavn\u00ed a kulturn\u00ed za\u0159\u00edzen\u00ed. V z\u00e1vislosti na pot\u0159eb\u00e1ch a o\u010dek\u00e1v\u00e1n\u00edch z\u00e1kazn\u00edk\u016f m\u016f\u017eeme vytvo\u0159it podlahy na m\u00edru pro vnit\u0159n\u00ed i venkovn\u00ed prostory.<br \/>\nTechnologie vyu\u017e\u00edvan\u00e9 na\u0161\u00ed spole\u010dnost\u00ed se vyzna\u010duj\u00ed nejen vynikaj\u00edc\u00edm vzhledem, ale tak\u00e9 vysokou odolnost\u00ed v\u016f\u010di vn\u011bj\u0161\u00edm podm\u00ednk\u00e1m a mechanick\u00e9mu po\u0161kozen\u00ed (od\u011bru nebo prask\u00e1n\u00ed). Jsme p\u0159esv\u011bd\u010deni, \u017ee \u0161irok\u00fd v\u00fdb\u011br vzor\u016f, barev a textur materi\u00e1l\u016f spln\u00ed o\u010dek\u00e1v\u00e1n\u00ed i t\u011bch nejn\u00e1ro\u010dn\u011bj\u0161\u00edch z\u00e1kazn\u00edk\u016f.<\/p>\n<\/div><\/div><div class=\"w-grid type_grid layout_gallery_default cols_4 ratio_1x1\" id=\"us_grid_1\" data-filterable=\"true\"><style>#us_grid_1 .w-grid-item{padding:5px}#us_grid_1 .w-grid-list{margin:-5px}.w-grid + #us_grid_1 .w-grid-list,.w-grid-none + #us_grid_1 .w-grid-list{margin-top:5px}@media (max-width:1199px){#us_grid_1 .w-grid-item{width:33.3333%}#us_grid_1 .w-grid-item.size_2x1,#us_grid_1 .w-grid-item.size_2x2{width:66.6667%}}@media (max-width:899px){#us_grid_1 .w-grid-item{width:50%}#us_grid_1 .w-grid-item.size_2x1,#us_grid_1 .w-grid-item.size_2x2{width:100%}}@media (max-width:599px){#us_grid_1 .w-grid-item{width:50%}#us_grid_1 .w-grid-item.size_2x1,#us_grid_1 .w-grid-item.size_2x2{width:100%}}#us_grid_1 .w-grid-item-h:before{padding-bottom:100%}.layout_gallery_default .w-grid-item-h:before{padding-bottom:100%}@media (min-width:600px){.layout_gallery_default .w-grid-item.size_1x2 .w-grid-item-h:before{padding-bottom:calc(200% + 5px + 5px)}.layout_gallery_default .w-grid-item.size_2x1 .w-grid-item-h:before{padding-bottom:calc(50% - 5px * 1)}.layout_gallery_default .w-grid-item.size_2x2 .w-grid-item-h:before{padding-bottom:calc(100% - 5px * 0)}}.layout_gallery_default .w-grid-item-h{}<\/style><div class=\"w-grid-list\">\t<article class=\"w-grid-item post-1495 attachment type-attachment status-inherit hentry\" data-id=\"1495\">\r\n\t\t<div class=\"w-grid-item-h\">\r\n\t\t\t\t\t\t\t<a class=\"w-grid-item-anchor\" href=\"https:\/\/artsystemdeco.com\/wp-content\/uploads\/2023\/02\/Basen-Morawica-posadzka-groty-1.jpg\" ref=\"magnificPopupGrid\" title=\"Basen Morawica posadzka groty-1\"><\/a>\r\n\t\t\t\t\t\t<div class=\"w-post-elm post_image usg_post_image_1 stretched\"><img width=\"1024\" height=\"683\" src=\"https:\/\/artsystemdeco.com\/wp-content\/uploads\/2023\/02\/Basen-Morawica-posadzka-groty-1.jpg\" class=\"attachment-large size-large\" alt=\"Basen Morawica posadzka groty-1\" decoding=\"async\" loading=\"lazy\" srcset=\"https:\/\/artsystemdeco.com\/wp-content\/uploads\/2023\/02\/Basen-Morawica-posadzka-groty-1.jpg 1024w, https:\/\/artsystemdeco.com\/wp-content\/uploads\/2023\/02\/Basen-Morawica-posadzka-groty-1-300x200.jpg 300w\" sizes=\"(max-width: 1024px) 100vw, 1024px\" \/><\/div>\t\t<\/div>\r\n\t<\/article>\r\n\t<article class=\"w-grid-item post-1496 attachment type-attachment status-inherit hentry\" data-id=\"1496\">\r\n\t\t<div class=\"w-grid-item-h\">\r\n\t\t\t\t\t\t\t<a class=\"w-grid-item-anchor\" href=\"https:\/\/artsystemdeco.com\/wp-content\/uploads\/2023\/02\/Basen-Morawica-posadzka-groty-2-1.jpg\" ref=\"magnificPopupGrid\" title=\"Basen Morawica posadzka groty-2\"><\/a>\r\n\t\t\t\t\t\t<div class=\"w-post-elm post_image usg_post_image_1 stretched\"><img width=\"1024\" height=\"683\" src=\"https:\/\/artsystemdeco.com\/wp-content\/uploads\/2023\/02\/Basen-Morawica-posadzka-groty-2-1.jpg\" class=\"attachment-large size-large\" alt=\"Basen Morawica posadzka groty-2\" decoding=\"async\" loading=\"lazy\" srcset=\"https:\/\/artsystemdeco.com\/wp-content\/uploads\/2023\/02\/Basen-Morawica-posadzka-groty-2-1.jpg 1024w, https:\/\/artsystemdeco.com\/wp-content\/uploads\/2023\/02\/Basen-Morawica-posadzka-groty-2-1-300x200.jpg 300w\" sizes=\"(max-width: 1024px) 100vw, 1024px\" \/><\/div>\t\t<\/div>\r\n\t<\/article>\r\n\t<article class=\"w-grid-item post-1497 attachment type-attachment status-inherit hentry\" data-id=\"1497\">\r\n\t\t<div class=\"w-grid-item-h\">\r\n\t\t\t\t\t\t\t<a class=\"w-grid-item-anchor\" href=\"https:\/\/artsystemdeco.com\/wp-content\/uploads\/2023\/02\/Basen-Morawica-posadzka-groty-3-1.jpg\" ref=\"magnificPopupGrid\" title=\"Basen Morawica posadzka groty-3\"><\/a>\r\n\t\t\t\t\t\t<div class=\"w-post-elm post_image usg_post_image_1 stretched\"><img width=\"1024\" height=\"683\" src=\"https:\/\/artsystemdeco.com\/wp-content\/uploads\/2023\/02\/Basen-Morawica-posadzka-groty-3-1.jpg\" class=\"attachment-large size-large\" alt=\"Basen Morawica posadzka groty-3\" decoding=\"async\" loading=\"lazy\" srcset=\"https:\/\/artsystemdeco.com\/wp-content\/uploads\/2023\/02\/Basen-Morawica-posadzka-groty-3-1.jpg 1024w, https:\/\/artsystemdeco.com\/wp-content\/uploads\/2023\/02\/Basen-Morawica-posadzka-groty-3-1-300x200.jpg 300w\" sizes=\"(max-width: 1024px) 100vw, 1024px\" \/><\/div>\t\t<\/div>\r\n\t<\/article>\r\n\t<article class=\"w-grid-item post-1498 attachment type-attachment status-inherit hentry\" data-id=\"1498\">\r\n\t\t<div class=\"w-grid-item-h\">\r\n\t\t\t\t\t\t\t<a class=\"w-grid-item-anchor\" href=\"https:\/\/artsystemdeco.com\/wp-content\/uploads\/2023\/02\/Posadzka-i-schody-4-1.jpg\" ref=\"magnificPopupGrid\" title=\"Posadzka i schody-4\"><\/a>\r\n\t\t\t\t\t\t<div class=\"w-post-elm post_image usg_post_image_1 stretched\"><img width=\"1024\" height=\"683\" src=\"https:\/\/artsystemdeco.com\/wp-content\/uploads\/2023\/02\/Posadzka-i-schody-4-1.jpg\" class=\"attachment-large size-large\" alt=\"Posadzka i schody-4\" decoding=\"async\" loading=\"lazy\" srcset=\"https:\/\/artsystemdeco.com\/wp-content\/uploads\/2023\/02\/Posadzka-i-schody-4-1.jpg 1024w, https:\/\/artsystemdeco.com\/wp-content\/uploads\/2023\/02\/Posadzka-i-schody-4-1-300x200.jpg 300w\" sizes=\"(max-width: 1024px) 100vw, 1024px\" \/><\/div>\t\t<\/div>\r\n\t<\/article>\r\n\t<article class=\"w-grid-item post-1499 attachment type-attachment status-inherit hentry\" data-id=\"1499\">\r\n\t\t<div class=\"w-grid-item-h\">\r\n\t\t\t\t\t\t\t<a class=\"w-grid-item-anchor\" href=\"https:\/\/artsystemdeco.com\/wp-content\/uploads\/2023\/02\/Posadzka-i-schody-5.jpg\" ref=\"magnificPopupGrid\" title=\"Posadzka i schody-5\"><\/a>\r\n\t\t\t\t\t\t<div class=\"w-post-elm post_image usg_post_image_1 stretched\"><img width=\"683\" height=\"1024\" src=\"https:\/\/artsystemdeco.com\/wp-content\/uploads\/2023\/02\/Posadzka-i-schody-5.jpg\" class=\"attachment-large size-large\" alt=\"Posadzka i schody-5\" decoding=\"async\" loading=\"lazy\" srcset=\"https:\/\/artsystemdeco.com\/wp-content\/uploads\/2023\/02\/Posadzka-i-schody-5.jpg 683w, https:\/\/artsystemdeco.com\/wp-content\/uploads\/2023\/02\/Posadzka-i-schody-5-200x300.jpg 200w\" sizes=\"(max-width: 683px) 100vw, 683px\" \/><\/div>\t\t<\/div>\r\n\t<\/article>\r\n\t<article class=\"w-grid-item post-1500 attachment type-attachment status-inherit hentry\" data-id=\"1500\">\r\n\t\t<div class=\"w-grid-item-h\">\r\n\t\t\t\t\t\t\t<a class=\"w-grid-item-anchor\" href=\"https:\/\/artsystemdeco.com\/wp-content\/uploads\/2023\/02\/Posadzka-i-schody-6.jpg\" ref=\"magnificPopupGrid\" title=\"Posadzka i schody-6\"><\/a>\r\n\t\t\t\t\t\t<div class=\"w-post-elm post_image usg_post_image_1 stretched\"><img width=\"683\" height=\"1024\" src=\"https:\/\/artsystemdeco.com\/wp-content\/uploads\/2023\/02\/Posadzka-i-schody-6-683x1024.jpg\" class=\"attachment-large size-large\" alt=\"Posadzka i schody-6\" decoding=\"async\" loading=\"lazy\" srcset=\"https:\/\/artsystemdeco.com\/wp-content\/uploads\/2023\/02\/Posadzka-i-schody-6-683x1024.jpg 683w, https:\/\/artsystemdeco.com\/wp-content\/uploads\/2023\/02\/Posadzka-i-schody-6-200x300.jpg 200w, https:\/\/artsystemdeco.com\/wp-content\/uploads\/2023\/02\/Posadzka-i-schody-6.jpg 800w\" sizes=\"(max-width: 683px) 100vw, 683px\" \/><\/div>\t\t<\/div>\r\n\t<\/article>\r\n\t<article class=\"w-grid-item post-1501 attachment type-attachment status-inherit hentry\" data-id=\"1501\">\r\n\t\t<div class=\"w-grid-item-h\">\r\n\t\t\t\t\t\t\t<a class=\"w-grid-item-anchor\" href=\"https:\/\/artsystemdeco.com\/wp-content\/uploads\/2023\/02\/Posadzka-i-schody-7-1.jpg\" ref=\"magnificPopupGrid\" title=\"Posadzka i schody-7\"><\/a>\r\n\t\t\t\t\t\t<div class=\"w-post-elm post_image usg_post_image_1 stretched\"><img width=\"683\" height=\"1024\" src=\"https:\/\/artsystemdeco.com\/wp-content\/uploads\/2023\/02\/Posadzka-i-schody-7-1-683x1024.jpg\" class=\"attachment-large size-large\" alt=\"Posadzka i schody-7\" decoding=\"async\" loading=\"lazy\" srcset=\"https:\/\/artsystemdeco.com\/wp-content\/uploads\/2023\/02\/Posadzka-i-schody-7-1-683x1024.jpg 683w, https:\/\/artsystemdeco.com\/wp-content\/uploads\/2023\/02\/Posadzka-i-schody-7-1-200x300.jpg 200w, https:\/\/artsystemdeco.com\/wp-content\/uploads\/2023\/02\/Posadzka-i-schody-7-1.jpg 800w\" sizes=\"(max-width: 683px) 100vw, 683px\" \/><\/div>\t\t<\/div>\r\n\t<\/article>\r\n\t<article class=\"w-grid-item post-1502 attachment type-attachment status-inherit hentry\" data-id=\"1502\">\r\n\t\t<div class=\"w-grid-item-h\">\r\n\t\t\t\t\t\t\t<a class=\"w-grid-item-anchor\" href=\"https:\/\/artsystemdeco.com\/wp-content\/uploads\/2023\/02\/Posadzka-Radca-8.jpg\" ref=\"magnificPopupGrid\" title=\"Posadzka i schody-8\"><\/a>\r\n\t\t\t\t\t\t<div class=\"w-post-elm post_image usg_post_image_1 stretched\"><img width=\"1024\" height=\"576\" src=\"https:\/\/artsystemdeco.com\/wp-content\/uploads\/2023\/02\/Posadzka-Radca-8.jpg\" class=\"attachment-large size-large\" alt=\"Posadzka i schody-8\" decoding=\"async\" loading=\"lazy\" srcset=\"https:\/\/artsystemdeco.com\/wp-content\/uploads\/2023\/02\/Posadzka-Radca-8.jpg 1024w, https:\/\/artsystemdeco.com\/wp-content\/uploads\/2023\/02\/Posadzka-Radca-8-300x169.jpg 300w\" sizes=\"(max-width: 1024px) 100vw, 1024px\" \/><\/div>\t\t<\/div>\r\n\t<\/article>\r\n\t<article class=\"w-grid-item post-1503 attachment type-attachment status-inherit hentry\" data-id=\"1503\">\r\n\t\t<div class=\"w-grid-item-h\">\r\n\t\t\t\t\t\t\t<a class=\"w-grid-item-anchor\" href=\"https:\/\/artsystemdeco.com\/wp-content\/uploads\/2023\/02\/Posadzka-Radca-9.jpg\" ref=\"magnificPopupGrid\" title=\"Posadzka Radca 9\"><\/a>\r\n\t\t\t\t\t\t<div class=\"w-post-elm post_image usg_post_image_1 stretched\"><img width=\"577\" height=\"1024\" src=\"https:\/\/artsystemdeco.com\/wp-content\/uploads\/2023\/02\/Posadzka-Radca-9-577x1024.jpg\" class=\"attachment-large size-large\" alt=\"Posadzka Radca 9\" decoding=\"async\" loading=\"lazy\" srcset=\"https:\/\/artsystemdeco.com\/wp-content\/uploads\/2023\/02\/Posadzka-Radca-9-577x1024.jpg 577w, https:\/\/artsystemdeco.com\/wp-content\/uploads\/2023\/02\/Posadzka-Radca-9-169x300.jpg 169w, https:\/\/artsystemdeco.com\/wp-content\/uploads\/2023\/02\/Posadzka-Radca-9.jpg 676w\" sizes=\"(max-width: 577px) 100vw, 577px\" \/><\/div>\t\t<\/div>\r\n\t<\/article>\r\n\t<article class=\"w-grid-item post-1504 attachment type-attachment status-inherit hentry\" data-id=\"1504\">\r\n\t\t<div class=\"w-grid-item-h\">\r\n\t\t\t\t\t\t\t<a class=\"w-grid-item-anchor\" href=\"https:\/\/artsystemdeco.com\/wp-content\/uploads\/2023\/02\/Posadzka-Radca-10.jpg\" ref=\"magnificPopupGrid\" title=\"Posadzka Radca 10\"><\/a>\r\n\t\t\t\t\t\t<div class=\"w-post-elm post_image usg_post_image_1 stretched\"><img width=\"576\" height=\"1024\" src=\"https:\/\/artsystemdeco.com\/wp-content\/uploads\/2023\/02\/Posadzka-Radca-10-576x1024.jpg\" class=\"attachment-large size-large\" alt=\"Posadzka Radca 10\" decoding=\"async\" loading=\"lazy\" srcset=\"https:\/\/artsystemdeco.com\/wp-content\/uploads\/2023\/02\/Posadzka-Radca-10-576x1024.jpg 576w, https:\/\/artsystemdeco.com\/wp-content\/uploads\/2023\/02\/Posadzka-Radca-10-169x300.jpg 169w, https:\/\/artsystemdeco.com\/wp-content\/uploads\/2023\/02\/Posadzka-Radca-10.jpg 675w\" sizes=\"(max-width: 576px) 100vw, 576px\" \/><\/div>\t\t<\/div>\r\n\t<\/article>\r\n\t<article class=\"w-grid-item post-1505 attachment type-attachment status-inherit hentry\" data-id=\"1505\">\r\n\t\t<div class=\"w-grid-item-h\">\r\n\t\t\t\t\t\t\t<a class=\"w-grid-item-anchor\" href=\"https:\/\/artsystemdeco.com\/wp-content\/uploads\/2023\/02\/posadzki1.jpg\" ref=\"magnificPopupGrid\" title=\"Posadzka i schody-1\"><\/a>\r\n\t\t\t\t\t\t<div class=\"w-post-elm post_image usg_post_image_1 stretched\"><img width=\"755\" height=\"722\" src=\"https:\/\/artsystemdeco.com\/wp-content\/uploads\/2023\/02\/posadzki1.jpg\" class=\"attachment-large size-large\" alt=\"Posadzka i schody-1\" decoding=\"async\" loading=\"lazy\" srcset=\"https:\/\/artsystemdeco.com\/wp-content\/uploads\/2023\/02\/posadzki1.jpg 755w, https:\/\/artsystemdeco.com\/wp-content\/uploads\/2023\/02\/posadzki1-300x287.jpg 300w\" sizes=\"(max-width: 755px) 100vw, 755px\" \/><\/div>\t\t<\/div>\r\n\t<\/article>\r\n<\/div><div class=\"w-grid-preloader\"><div class=\"g-preloader type_1\">\r\n\t<div><\/div>\r\n<\/div>\r\n<\/div>\t<div class=\"w-grid-json hidden\" onclick='return {&quot;action&quot;:&quot;us_ajax_grid&quot;,&quot;ajax_url&quot;:&quot;https:\\\/\\\/artsystemdeco.com\\\/wp-admin\\\/admin-ajax.php&quot;,&quot;infinite_scroll&quot;:0,&quot;max_num_pages&quot;:1,&quot;pagination&quot;:&quot;none&quot;,&quot;permalink_url&quot;:&quot;https:\\\/\\\/artsystemdeco.com\\\/cs\\\/wp-json\\\/wp\\\/v2\\\/pages\\\/1767\\\/&quot;,&quot;template_vars&quot;:{&quot;columns&quot;:&quot;4&quot;,&quot;exclude_items&quot;:&quot;none&quot;,&quot;img_size&quot;:&quot;default&quot;,&quot;ignore_items_size&quot;:0,&quot;items_layout&quot;:&quot;gallery_default&quot;,&quot;items_offset&quot;:&quot;1&quot;,&quot;load_animation&quot;:&quot;none&quot;,&quot;overriding_link&quot;:&quot;popup_post_image&quot;,&quot;post_id&quot;:1767,&quot;query_args&quot;:{&quot;post_type&quot;:[&quot;attachment&quot;],&quot;post__in&quot;:[&quot;453&quot;,&quot;454&quot;,&quot;455&quot;,&quot;456&quot;,&quot;457&quot;,&quot;458&quot;,&quot;459&quot;,&quot;460&quot;,&quot;461&quot;,&quot;462&quot;,&quot;463&quot;],&quot;post_status&quot;:&quot;inherit&quot;,&quot;post_mime_type&quot;:&quot;image&quot;,&quot;posts_per_page&quot;:&quot;999&quot;},&quot;orderby_query_args&quot;:{&quot;orderby&quot;:{&quot;post__in&quot;:&quot;ASC&quot;},&quot;order&quot;:&quot;ASC&quot;},&quot;type&quot;:&quot;grid&quot;,&quot;us_grid_ajax_index&quot;:1,&quot;us_grid_filter_params&quot;:null,&quot;us_grid_index&quot;:1,&quot;_us_grid_post_type&quot;:&quot;attachment&quot;,&quot;lang&quot;:&quot;cs&quot;}}'><\/div>\r\n\t<\/div><\/div><\/div><\/div><\/div><\/div><\/section>\n","protected":false},"excerpt":{"rendered":"","protected":false},"author":1,"featured_media":0,"parent":1756,"menu_order":0,"comment_status":"closed","ping_status":"closed","template":"","meta":[],"acf":[],"yoast_head":"<!-- This site is optimized with the Yoast SEO plugin v20.13 - https:\/\/yoast.com\/wordpress\/plugins\/seo\/ -->\n<title>GALERIE - BETONOV\u00c9 PODLAHY A SCHODY - ArtSystemDeco<\/title>\n<meta name=\"robots\" content=\"index, follow, max-snippet:-1, max-image-preview:large, max-video-preview:-1\" \/>\n<link rel=\"canonical\" href=\"https:\/\/artsystemdeco.com\/cs\/galerie\/betonove-podlahy-a-schody\/\" \/>\n<meta property=\"og:locale\" content=\"cs_CZ\" \/>\n<meta property=\"og:type\" content=\"article\" \/>\n<meta property=\"og:title\" content=\"GALERIE - BETONOV\u00c9 PODLAHY A SCHODY - ArtSystemDeco\" \/>\n<meta property=\"og:url\" content=\"https:\/\/artsystemdeco.com\/cs\/galerie\/betonove-podlahy-a-schody\/\" \/>\n<meta property=\"og:site_name\" content=\"ArtSystemDeco\" \/>\n<meta property=\"article:modified_time\" content=\"2023-09-08T09:49:16+00:00\" \/>\n<meta name=\"twitter:card\" content=\"summary_large_image\" \/>\n<meta name=\"twitter:label1\" content=\"Odhadovan\u00e1 doba \u010dten\u00ed\" \/>\n\t<meta name=\"twitter:data1\" content=\"1 minuta\" \/>\n<script type=\"application\/ld+json\" class=\"yoast-schema-graph\">{\"@context\":\"https:\/\/schema.org\",\"@graph\":[{\"@type\":\"WebPage\",\"@id\":\"https:\/\/artsystemdeco.com\/cs\/galerie\/betonove-podlahy-a-schody\/\",\"url\":\"https:\/\/artsystemdeco.com\/cs\/galerie\/betonove-podlahy-a-schody\/\",\"name\":\"GALERIE - BETONOV\u00c9 PODLAHY A SCHODY - ArtSystemDeco\",\"isPartOf\":{\"@id\":\"https:\/\/artsystemdeco.com\/cs\/#website\"},\"datePublished\":\"2023-02-28T07:39:44+00:00\",\"dateModified\":\"2023-09-08T09:49:16+00:00\",\"breadcrumb\":{\"@id\":\"https:\/\/artsystemdeco.com\/cs\/galerie\/betonove-podlahy-a-schody\/#breadcrumb\"},\"inLanguage\":\"cs\",\"potentialAction\":[{\"@type\":\"ReadAction\",\"target\":[\"https:\/\/artsystemdeco.com\/cs\/galerie\/betonove-podlahy-a-schody\/\"]}]},{\"@type\":\"BreadcrumbList\",\"@id\":\"https:\/\/artsystemdeco.com\/cs\/galerie\/betonove-podlahy-a-schody\/#breadcrumb\",\"itemListElement\":[{\"@type\":\"ListItem\",\"position\":1,\"name\":\"Strona g\u0142\u00f3wna\",\"item\":\"https:\/\/artsystemdeco.com\/cs\/\"},{\"@type\":\"ListItem\",\"position\":2,\"name\":\"GALERIE\",\"item\":\"https:\/\/artsystemdeco.com\/cs\/galerie\/\"},{\"@type\":\"ListItem\",\"position\":3,\"name\":\"GALERIE &#8211; BETONOV\u00c9 PODLAHY A SCHODY\"}]},{\"@type\":\"WebSite\",\"@id\":\"https:\/\/artsystemdeco.com\/cs\/#website\",\"url\":\"https:\/\/artsystemdeco.com\/cs\/\",\"name\":\"ArtSystemDeco\",\"description\":\"\",\"potentialAction\":[{\"@type\":\"SearchAction\",\"target\":{\"@type\":\"EntryPoint\",\"urlTemplate\":\"https:\/\/artsystemdeco.com\/cs\/?s={search_term_string}\"},\"query-input\":\"required name=search_term_string\"}],\"inLanguage\":\"cs\"}]}<\/script>\n<!-- \/ Yoast SEO plugin. -->","yoast_head_json":{"title":"GALERIE - BETONOV\u00c9 PODLAHY A SCHODY - ArtSystemDeco","robots":{"index":"index","follow":"follow","max-snippet":"max-snippet:-1","max-image-preview":"max-image-preview:large","max-video-preview":"max-video-preview:-1"},"canonical":"https:\/\/artsystemdeco.com\/cs\/galerie\/betonove-podlahy-a-schody\/","og_locale":"cs_CZ","og_type":"article","og_title":"GALERIE - BETONOV\u00c9 PODLAHY A SCHODY - ArtSystemDeco","og_url":"https:\/\/artsystemdeco.com\/cs\/galerie\/betonove-podlahy-a-schody\/","og_site_name":"ArtSystemDeco","article_modified_time":"2023-09-08T09:49:16+00:00","twitter_card":"summary_large_image","twitter_misc":{"Odhadovan\u00e1 doba \u010dten\u00ed":"1 minuta"},"schema":{"@context":"https:\/\/schema.org","@graph":[{"@type":"WebPage","@id":"https:\/\/artsystemdeco.com\/cs\/galerie\/betonove-podlahy-a-schody\/","url":"https:\/\/artsystemdeco.com\/cs\/galerie\/betonove-podlahy-a-schody\/","name":"GALERIE - BETONOV\u00c9 PODLAHY A SCHODY - ArtSystemDeco","isPartOf":{"@id":"https:\/\/artsystemdeco.com\/cs\/#website"},"datePublished":"2023-02-28T07:39:44+00:00","dateModified":"2023-09-08T09:49:16+00:00","breadcrumb":{"@id":"https:\/\/artsystemdeco.com\/cs\/galerie\/betonove-podlahy-a-schody\/#breadcrumb"},"inLanguage":"cs","potentialAction":[{"@type":"ReadAction","target":["https:\/\/artsystemdeco.com\/cs\/galerie\/betonove-podlahy-a-schody\/"]}]},{"@type":"BreadcrumbList","@id":"https:\/\/artsystemdeco.com\/cs\/galerie\/betonove-podlahy-a-schody\/#breadcrumb","itemListElement":[{"@type":"ListItem","position":1,"name":"Strona g\u0142\u00f3wna","item":"https:\/\/artsystemdeco.com\/cs\/"},{"@type":"ListItem","position":2,"name":"GALERIE","item":"https:\/\/artsystemdeco.com\/cs\/galerie\/"},{"@type":"ListItem","position":3,"name":"GALERIE &#8211; BETONOV\u00c9 PODLAHY A SCHODY"}]},{"@type":"WebSite","@id":"https:\/\/artsystemdeco.com\/cs\/#website","url":"https:\/\/artsystemdeco.com\/cs\/","name":"ArtSystemDeco","description":"","potentialAction":[{"@type":"SearchAction","target":{"@type":"EntryPoint","urlTemplate":"https:\/\/artsystemdeco.com\/cs\/?s={search_term_string}"},"query-input":"required name=search_term_string"}],"inLanguage":"cs"}]}},"_links":{"self":[{"href":"https:\/\/artsystemdeco.com\/cs\/wp-json\/wp\/v2\/pages\/1767"}],"collection":[{"href":"https:\/\/artsystemdeco.com\/cs\/wp-json\/wp\/v2\/pages"}],"about":[{"href":"https:\/\/artsystemdeco.com\/cs\/wp-json\/wp\/v2\/types\/page"}],"author":[{"embeddable":true,"href":"https:\/\/artsystemdeco.com\/cs\/wp-json\/wp\/v2\/users\/1"}],"replies":[{"embeddable":true,"href":"https:\/\/artsystemdeco.com\/cs\/wp-json\/wp\/v2\/comments?post=1767"}],"version-history":[{"count":2,"href":"https:\/\/artsystemdeco.com\/cs\/wp-json\/wp\/v2\/pages\/1767\/revisions"}],"predecessor-version":[{"id":3232,"href":"https:\/\/artsystemdeco.com\/cs\/wp-json\/wp\/v2\/pages\/1767\/revisions\/3232"}],"up":[{"embeddable":true,"href":"https:\/\/artsystemdeco.com\/cs\/wp-json\/wp\/v2\/pages\/1756"}],"wp:attachment":[{"href":"https:\/\/artsystemdeco.com\/cs\/wp-json\/wp\/v2\/media?parent=1767"}],"curies":[{"name":"wp","href":"https:\/\/api.w.org\/{rel}","templated":true}]}}