{"id":1774,"date":"2023-02-27T15:47:31","date_gmt":"2023-02-27T14:47:31","guid":{"rendered":"https:\/\/artsystemdeco.com\/galerie\/sztuczne-plaze\/"},"modified":"2023-09-08T12:02:14","modified_gmt":"2023-09-08T10:02:14","slug":"umele-plaze","status":"publish","type":"page","link":"https:\/\/artsystemdeco.com\/cs\/galerie\/umele-plaze\/","title":{"rendered":"GALERIE &#8211; UM\u011aL\u00c9 PL\u00c1\u017dE"},"content":{"rendered":"<section class=\"l-section wpb_row us_custom_a21ea65f thin-content height_auto with_img\"><div class=\"l-section-img\" style=\"background-image: url(https:\/\/artsystemdeco.com\/wp-content\/uploads\/2023\/09\/sztuczne-plaze-galeria-toop.jpg);background-repeat: no-repeat;\" data-img-width=\"1800\" data-img-height=\"500\"><\/div><div class=\"l-section-h i-cf\"><div class=\"g-cols vc_row via_flex valign_middle type_default stacking_default\"><div class=\"vc_col-sm-12 wpb_column vc_column_container\"><div class=\"vc_column-inner\"><div class=\"wpb_wrapper\"><h1 class=\"w-post-elm post_title us_custom_409b4cb1 align_right entry-title color_link_inherit\">GALERIE &#8211; UM\u011aL\u00c9 PL\u00c1\u017dE<\/h1><\/div><\/div><\/div><\/div><\/div><\/section><section class=\"l-section wpb_row thin-content height_medium\"><div class=\"l-section-h i-cf\"><div class=\"g-cols vc_row via_flex valign_top type_default stacking_default\"><div class=\"vc_col-sm-12 wpb_column vc_column_container\"><div class=\"vc_column-inner\"><div class=\"wpb_wrapper\"><div class=\"wpb_text_column\"><div class=\"wpb_wrapper\"><h2 style=\"text-align: center;\">UM\u011aL\u00c9 PL\u00c1\u017dE<\/h2>\n<\/div><\/div><div class=\"w-separator size_custom with_line width_default thick_1 style_solid color_border align_center\" style=\"height:2px\"><div class=\"w-separator-h\"><\/div><\/div><div class=\"w-separator size_small\"><\/div><div class=\"wpb_text_column\"><div class=\"wpb_wrapper\"><p>Jako spole\u010dnost se zku\u0161enostmi s realizac\u00ed mnoha r\u016fzn\u00fdch skaln\u00edch konstrukc\u00ed jsme schopni splnit t\u00e9m\u011b\u0159 ka\u017edou v\u00fdzvu. Pat\u0159\u00ed mezi n\u011b i um\u011bl\u00e9 pl\u00e1\u017ee, kter\u00e9 se sv\u00fdm vzhledem velmi podobaj\u00ed t\u011bm p\u0159\u00edrodn\u00edm. Tento typ zak\u00e1zek nej\u010dast\u011bji realizujeme pro zoologick\u00e9 zahrady, z\u00e1bavn\u00ed parky, prvky ve\u0159ejn\u00e9 architektury a mnoho dal\u0161\u00edch spole\u010dnost\u00ed, nej\u010dast\u011bji z rekrea\u010dn\u00edho sektoru. Aby n\u00e1mi vytvo\u0159en\u00e1 um\u011bl\u00e1 pl\u00e1\u017e vypadala co nejrealisti\u010dt\u011bji, pou\u017e\u00edv\u00e1me pouze pe\u010dliv\u011b vybran\u00e9 polotovary, kter\u00e9 poskytuj\u00ed nejlep\u0161\u00ed vizu\u00e1ln\u00ed efekt. Zaji\u0161\u0165ujeme tak\u00e9 spr\u00e1vnou strukturu a barvy, nap\u0159. pro konkr\u00e9tn\u00ed podneb\u00ed nebo m\u00edsto na sv\u011bt\u011b. V p\u0159\u00edpad\u011b jak\u00fdchkoli dotaz\u016f se obra\u0165te na na\u0161e konzultanty! R\u00e1di v\u00e1m objasn\u00ed ve\u0161ker\u00e9 pochybnosti a navrhnou vhodn\u00e9 \u0159e\u0161en\u00ed.<\/p>\n<\/div><\/div><div class=\"w-grid type_grid layout_gallery_default cols_4 ratio_1x1\" id=\"us_grid_1\" data-filterable=\"true\"><style>#us_grid_1 .w-grid-item{padding:5px}#us_grid_1 .w-grid-list{margin:-5px}.w-grid + #us_grid_1 .w-grid-list,.w-grid-none + #us_grid_1 .w-grid-list{margin-top:5px}@media (max-width:1199px){#us_grid_1 .w-grid-item{width:33.3333%}#us_grid_1 .w-grid-item.size_2x1,#us_grid_1 .w-grid-item.size_2x2{width:66.6667%}}@media (max-width:899px){#us_grid_1 .w-grid-item{width:50%}#us_grid_1 .w-grid-item.size_2x1,#us_grid_1 .w-grid-item.size_2x2{width:100%}}@media (max-width:599px){#us_grid_1 .w-grid-item{width:50%}#us_grid_1 .w-grid-item.size_2x1,#us_grid_1 .w-grid-item.size_2x2{width:100%}}#us_grid_1 .w-grid-item-h:before{padding-bottom:100%}.layout_gallery_default .w-grid-item-h:before{padding-bottom:100%}@media (min-width:600px){.layout_gallery_default .w-grid-item.size_1x2 .w-grid-item-h:before{padding-bottom:calc(200% + 5px + 5px)}.layout_gallery_default .w-grid-item.size_2x1 .w-grid-item-h:before{padding-bottom:calc(50% - 5px * 1)}.layout_gallery_default .w-grid-item.size_2x2 .w-grid-item-h:before{padding-bottom:calc(100% - 5px * 0)}}.layout_gallery_default .w-grid-item-h{}<\/style><div class=\"w-grid-list\">\t<article class=\"w-grid-item post-1415 attachment type-attachment status-inherit hentry\" data-id=\"1415\">\r\n\t\t<div class=\"w-grid-item-h\">\r\n\t\t\t\t\t\t\t<a class=\"w-grid-item-anchor\" href=\"https:\/\/artsystemdeco.com\/wp-content\/uploads\/2023\/02\/17.jpg\" ref=\"magnificPopupGrid\" title=\"Galeria - sztuczne pla\u017ce 17\"><\/a>\r\n\t\t\t\t\t\t<div class=\"w-post-elm post_image usg_post_image_1 stretched\"><img width=\"1024\" height=\"683\" src=\"https:\/\/artsystemdeco.com\/wp-content\/uploads\/2023\/02\/17-1024x683.jpg\" class=\"attachment-large size-large\" alt=\"Galeria - sztuczne pla\u017ce 17\" decoding=\"async\" loading=\"lazy\" srcset=\"https:\/\/artsystemdeco.com\/wp-content\/uploads\/2023\/02\/17-1024x683.jpg 1024w, https:\/\/artsystemdeco.com\/wp-content\/uploads\/2023\/02\/17-300x200.jpg 300w, https:\/\/artsystemdeco.com\/wp-content\/uploads\/2023\/02\/17.jpg 1600w\" sizes=\"(max-width: 1024px) 100vw, 1024px\" \/><\/div>\t\t<\/div>\r\n\t<\/article>\r\n\t<article class=\"w-grid-item post-1416 attachment type-attachment status-inherit hentry\" data-id=\"1416\">\r\n\t\t<div class=\"w-grid-item-h\">\r\n\t\t\t\t\t\t\t<a class=\"w-grid-item-anchor\" href=\"https:\/\/artsystemdeco.com\/wp-content\/uploads\/2023\/02\/29.jpg\" ref=\"magnificPopupGrid\" title=\"Galeria - sztuczne pla\u017ce 29\"><\/a>\r\n\t\t\t\t\t\t<div class=\"w-post-elm post_image usg_post_image_1 stretched\"><img width=\"1024\" height=\"683\" src=\"https:\/\/artsystemdeco.com\/wp-content\/uploads\/2023\/02\/29-1024x683.jpg\" class=\"attachment-large size-large\" alt=\"Galeria - sztuczne pla\u017ce 29\" decoding=\"async\" loading=\"lazy\" srcset=\"https:\/\/artsystemdeco.com\/wp-content\/uploads\/2023\/02\/29-1024x683.jpg 1024w, https:\/\/artsystemdeco.com\/wp-content\/uploads\/2023\/02\/29-300x200.jpg 300w, https:\/\/artsystemdeco.com\/wp-content\/uploads\/2023\/02\/29.jpg 1600w\" sizes=\"(max-width: 1024px) 100vw, 1024px\" \/><\/div>\t\t<\/div>\r\n\t<\/article>\r\n\t<article class=\"w-grid-item post-1417 attachment type-attachment status-inherit hentry\" data-id=\"1417\">\r\n\t\t<div class=\"w-grid-item-h\">\r\n\t\t\t\t\t\t\t<a class=\"w-grid-item-anchor\" href=\"https:\/\/artsystemdeco.com\/wp-content\/uploads\/2023\/02\/38.jpg\" ref=\"magnificPopupGrid\" title=\"Galeria - sztuczne pla\u017ce 38\"><\/a>\r\n\t\t\t\t\t\t<div class=\"w-post-elm post_image usg_post_image_1 stretched\"><img width=\"1024\" height=\"683\" src=\"https:\/\/artsystemdeco.com\/wp-content\/uploads\/2023\/02\/38-1024x683.jpg\" class=\"attachment-large size-large\" alt=\"Galeria - sztuczne pla\u017ce 38\" decoding=\"async\" loading=\"lazy\" srcset=\"https:\/\/artsystemdeco.com\/wp-content\/uploads\/2023\/02\/38-1024x683.jpg 1024w, https:\/\/artsystemdeco.com\/wp-content\/uploads\/2023\/02\/38-300x200.jpg 300w, https:\/\/artsystemdeco.com\/wp-content\/uploads\/2023\/02\/38.jpg 1600w\" sizes=\"(max-width: 1024px) 100vw, 1024px\" \/><\/div>\t\t<\/div>\r\n\t<\/article>\r\n\t<article class=\"w-grid-item post-1418 attachment type-attachment status-inherit hentry\" data-id=\"1418\">\r\n\t\t<div class=\"w-grid-item-h\">\r\n\t\t\t\t\t\t\t<a class=\"w-grid-item-anchor\" href=\"https:\/\/artsystemdeco.com\/wp-content\/uploads\/2023\/02\/49-1.jpg\" ref=\"magnificPopupGrid\" title=\"Galeria - sztuczne pla\u017ce 49\"><\/a>\r\n\t\t\t\t\t\t<div class=\"w-post-elm post_image usg_post_image_1 stretched\"><img width=\"1024\" height=\"683\" src=\"https:\/\/artsystemdeco.com\/wp-content\/uploads\/2023\/02\/49-1-1024x683.jpg\" class=\"attachment-large size-large\" alt=\"Galeria - sztuczne pla\u017ce 49\" decoding=\"async\" loading=\"lazy\" srcset=\"https:\/\/artsystemdeco.com\/wp-content\/uploads\/2023\/02\/49-1-1024x683.jpg 1024w, https:\/\/artsystemdeco.com\/wp-content\/uploads\/2023\/02\/49-1-300x200.jpg 300w, https:\/\/artsystemdeco.com\/wp-content\/uploads\/2023\/02\/49-1.jpg 1600w\" sizes=\"(max-width: 1024px) 100vw, 1024px\" \/><\/div>\t\t<\/div>\r\n\t<\/article>\r\n\t<article class=\"w-grid-item post-1420 attachment type-attachment status-inherit hentry\" data-id=\"1420\">\r\n\t\t<div class=\"w-grid-item-h\">\r\n\t\t\t\t\t\t\t<a class=\"w-grid-item-anchor\" href=\"https:\/\/artsystemdeco.com\/wp-content\/uploads\/2023\/02\/66.jpg\" ref=\"magnificPopupGrid\" title=\"Galeria - sztuczne pla\u017ce 66\"><\/a>\r\n\t\t\t\t\t\t<div class=\"w-post-elm post_image usg_post_image_1 stretched\"><img width=\"1024\" height=\"683\" src=\"https:\/\/artsystemdeco.com\/wp-content\/uploads\/2023\/02\/66-1024x683.jpg\" class=\"attachment-large size-large\" alt=\"Galeria - sztuczne pla\u017ce 66\" decoding=\"async\" loading=\"lazy\" srcset=\"https:\/\/artsystemdeco.com\/wp-content\/uploads\/2023\/02\/66-1024x683.jpg 1024w, https:\/\/artsystemdeco.com\/wp-content\/uploads\/2023\/02\/66-300x200.jpg 300w, https:\/\/artsystemdeco.com\/wp-content\/uploads\/2023\/02\/66.jpg 1600w\" sizes=\"(max-width: 1024px) 100vw, 1024px\" \/><\/div>\t\t<\/div>\r\n\t<\/article>\r\n\t<article class=\"w-grid-item post-1419 attachment type-attachment status-inherit hentry\" data-id=\"1419\">\r\n\t\t<div class=\"w-grid-item-h\">\r\n\t\t\t\t\t\t\t<a class=\"w-grid-item-anchor\" href=\"https:\/\/artsystemdeco.com\/wp-content\/uploads\/2023\/02\/56.jpg\" ref=\"magnificPopupGrid\" title=\"Galeria - sztuczne pla\u017ce 56\"><\/a>\r\n\t\t\t\t\t\t<div class=\"w-post-elm post_image usg_post_image_1 stretched\"><img width=\"1024\" height=\"683\" src=\"https:\/\/artsystemdeco.com\/wp-content\/uploads\/2023\/02\/56-1024x683.jpg\" class=\"attachment-large size-large\" alt=\"Galeria - sztuczne pla\u017ce 56\" decoding=\"async\" loading=\"lazy\" srcset=\"https:\/\/artsystemdeco.com\/wp-content\/uploads\/2023\/02\/56-1024x683.jpg 1024w, https:\/\/artsystemdeco.com\/wp-content\/uploads\/2023\/02\/56-300x200.jpg 300w, https:\/\/artsystemdeco.com\/wp-content\/uploads\/2023\/02\/56.jpg 1600w\" sizes=\"(max-width: 1024px) 100vw, 1024px\" \/><\/div>\t\t<\/div>\r\n\t<\/article>\r\n\t<article class=\"w-grid-item post-1421 attachment type-attachment status-inherit hentry\" data-id=\"1421\">\r\n\t\t<div class=\"w-grid-item-h\">\r\n\t\t\t\t\t\t\t<a class=\"w-grid-item-anchor\" href=\"https:\/\/artsystemdeco.com\/wp-content\/uploads\/2023\/02\/72-1.jpg\" ref=\"magnificPopupGrid\" title=\"Galeria - sztuczne pla\u017ce 72\"><\/a>\r\n\t\t\t\t\t\t<div class=\"w-post-elm post_image usg_post_image_1 stretched\"><img width=\"1024\" height=\"683\" src=\"https:\/\/artsystemdeco.com\/wp-content\/uploads\/2023\/02\/72-1-1024x683.jpg\" class=\"attachment-large size-large\" alt=\"Galeria - sztuczne pla\u017ce 72\" decoding=\"async\" loading=\"lazy\" srcset=\"https:\/\/artsystemdeco.com\/wp-content\/uploads\/2023\/02\/72-1-1024x683.jpg 1024w, https:\/\/artsystemdeco.com\/wp-content\/uploads\/2023\/02\/72-1-300x200.jpg 300w, https:\/\/artsystemdeco.com\/wp-content\/uploads\/2023\/02\/72-1.jpg 1600w\" sizes=\"(max-width: 1024px) 100vw, 1024px\" \/><\/div>\t\t<\/div>\r\n\t<\/article>\r\n\t<article class=\"w-grid-item post-1422 attachment type-attachment status-inherit hentry\" data-id=\"1422\">\r\n\t\t<div class=\"w-grid-item-h\">\r\n\t\t\t\t\t\t\t<a class=\"w-grid-item-anchor\" href=\"https:\/\/artsystemdeco.com\/wp-content\/uploads\/2023\/02\/83.jpg\" ref=\"magnificPopupGrid\" title=\"Galeria - sztuczne pla\u017ce 83\"><\/a>\r\n\t\t\t\t\t\t<div class=\"w-post-elm post_image usg_post_image_1 stretched\"><img width=\"1024\" height=\"683\" src=\"https:\/\/artsystemdeco.com\/wp-content\/uploads\/2023\/02\/83-1024x683.jpg\" class=\"attachment-large size-large\" alt=\"Galeria - sztuczne pla\u017ce 83\" decoding=\"async\" loading=\"lazy\" srcset=\"https:\/\/artsystemdeco.com\/wp-content\/uploads\/2023\/02\/83-1024x683.jpg 1024w, https:\/\/artsystemdeco.com\/wp-content\/uploads\/2023\/02\/83-300x200.jpg 300w, https:\/\/artsystemdeco.com\/wp-content\/uploads\/2023\/02\/83.jpg 1600w\" sizes=\"(max-width: 1024px) 100vw, 1024px\" \/><\/div>\t\t<\/div>\r\n\t<\/article>\r\n<\/div><div class=\"w-grid-preloader\"><div class=\"g-preloader type_1\">\r\n\t<div><\/div>\r\n<\/div>\r\n<\/div>\t<div class=\"w-grid-json hidden\" onclick='return {&quot;action&quot;:&quot;us_ajax_grid&quot;,&quot;ajax_url&quot;:&quot;https:\\\/\\\/artsystemdeco.com\\\/wp-admin\\\/admin-ajax.php&quot;,&quot;infinite_scroll&quot;:0,&quot;max_num_pages&quot;:1,&quot;pagination&quot;:&quot;none&quot;,&quot;permalink_url&quot;:&quot;https:\\\/\\\/artsystemdeco.com\\\/cs\\\/wp-json\\\/wp\\\/v2\\\/pages\\\/1774\\\/&quot;,&quot;template_vars&quot;:{&quot;columns&quot;:&quot;4&quot;,&quot;exclude_items&quot;:&quot;none&quot;,&quot;img_size&quot;:&quot;default&quot;,&quot;ignore_items_size&quot;:0,&quot;items_layout&quot;:&quot;gallery_default&quot;,&quot;items_offset&quot;:&quot;1&quot;,&quot;load_animation&quot;:&quot;none&quot;,&quot;overriding_link&quot;:&quot;popup_post_image&quot;,&quot;post_id&quot;:1774,&quot;query_args&quot;:{&quot;post_type&quot;:[&quot;attachment&quot;],&quot;post__in&quot;:[&quot;348&quot;,&quot;349&quot;,&quot;350&quot;,&quot;351&quot;,&quot;353&quot;,&quot;352&quot;,&quot;354&quot;,&quot;355&quot;],&quot;post_status&quot;:&quot;inherit&quot;,&quot;post_mime_type&quot;:&quot;image&quot;,&quot;posts_per_page&quot;:&quot;999&quot;},&quot;orderby_query_args&quot;:{&quot;orderby&quot;:{&quot;post__in&quot;:&quot;ASC&quot;},&quot;order&quot;:&quot;ASC&quot;},&quot;type&quot;:&quot;grid&quot;,&quot;us_grid_ajax_index&quot;:1,&quot;us_grid_filter_params&quot;:null,&quot;us_grid_index&quot;:1,&quot;_us_grid_post_type&quot;:&quot;attachment&quot;,&quot;lang&quot;:&quot;cs&quot;}}'><\/div>\r\n\t<\/div><\/div><\/div><\/div><\/div><\/div><\/section>\n","protected":false},"excerpt":{"rendered":"","protected":false},"author":1,"featured_media":0,"parent":1756,"menu_order":0,"comment_status":"closed","ping_status":"closed","template":"","meta":[],"acf":[],"yoast_head":"<!-- This site is optimized with the Yoast SEO plugin v20.13 - https:\/\/yoast.com\/wordpress\/plugins\/seo\/ -->\n<title>GALERIE - UM\u011aL\u00c9 PL\u00c1\u017dE - ArtSystemDeco<\/title>\n<meta name=\"robots\" content=\"index, follow, max-snippet:-1, max-image-preview:large, max-video-preview:-1\" \/>\n<link rel=\"canonical\" href=\"https:\/\/artsystemdeco.com\/cs\/galerie\/umele-plaze\/\" \/>\n<meta property=\"og:locale\" content=\"cs_CZ\" \/>\n<meta property=\"og:type\" content=\"article\" \/>\n<meta property=\"og:title\" content=\"GALERIE - UM\u011aL\u00c9 PL\u00c1\u017dE - ArtSystemDeco\" \/>\n<meta property=\"og:url\" content=\"https:\/\/artsystemdeco.com\/cs\/galerie\/umele-plaze\/\" \/>\n<meta property=\"og:site_name\" content=\"ArtSystemDeco\" \/>\n<meta property=\"article:modified_time\" content=\"2023-09-08T10:02:14+00:00\" \/>\n<meta name=\"twitter:card\" content=\"summary_large_image\" \/>\n<meta name=\"twitter:label1\" content=\"Odhadovan\u00e1 doba \u010dten\u00ed\" \/>\n\t<meta name=\"twitter:data1\" content=\"1 minuta\" \/>\n<script type=\"application\/ld+json\" class=\"yoast-schema-graph\">{\"@context\":\"https:\/\/schema.org\",\"@graph\":[{\"@type\":\"WebPage\",\"@id\":\"https:\/\/artsystemdeco.com\/cs\/galerie\/umele-plaze\/\",\"url\":\"https:\/\/artsystemdeco.com\/cs\/galerie\/umele-plaze\/\",\"name\":\"GALERIE - UM\u011aL\u00c9 PL\u00c1\u017dE - ArtSystemDeco\",\"isPartOf\":{\"@id\":\"https:\/\/artsystemdeco.com\/cs\/#website\"},\"datePublished\":\"2023-02-27T14:47:31+00:00\",\"dateModified\":\"2023-09-08T10:02:14+00:00\",\"breadcrumb\":{\"@id\":\"https:\/\/artsystemdeco.com\/cs\/galerie\/umele-plaze\/#breadcrumb\"},\"inLanguage\":\"cs\",\"potentialAction\":[{\"@type\":\"ReadAction\",\"target\":[\"https:\/\/artsystemdeco.com\/cs\/galerie\/umele-plaze\/\"]}]},{\"@type\":\"BreadcrumbList\",\"@id\":\"https:\/\/artsystemdeco.com\/cs\/galerie\/umele-plaze\/#breadcrumb\",\"itemListElement\":[{\"@type\":\"ListItem\",\"position\":1,\"name\":\"Strona g\u0142\u00f3wna\",\"item\":\"https:\/\/artsystemdeco.com\/cs\/\"},{\"@type\":\"ListItem\",\"position\":2,\"name\":\"GALERIE\",\"item\":\"https:\/\/artsystemdeco.com\/cs\/galerie\/\"},{\"@type\":\"ListItem\",\"position\":3,\"name\":\"GALERIE &#8211; UM\u011aL\u00c9 PL\u00c1\u017dE\"}]},{\"@type\":\"WebSite\",\"@id\":\"https:\/\/artsystemdeco.com\/cs\/#website\",\"url\":\"https:\/\/artsystemdeco.com\/cs\/\",\"name\":\"ArtSystemDeco\",\"description\":\"\",\"potentialAction\":[{\"@type\":\"SearchAction\",\"target\":{\"@type\":\"EntryPoint\",\"urlTemplate\":\"https:\/\/artsystemdeco.com\/cs\/?s={search_term_string}\"},\"query-input\":\"required name=search_term_string\"}],\"inLanguage\":\"cs\"}]}<\/script>\n<!-- \/ Yoast SEO plugin. -->","yoast_head_json":{"title":"GALERIE - UM\u011aL\u00c9 PL\u00c1\u017dE - ArtSystemDeco","robots":{"index":"index","follow":"follow","max-snippet":"max-snippet:-1","max-image-preview":"max-image-preview:large","max-video-preview":"max-video-preview:-1"},"canonical":"https:\/\/artsystemdeco.com\/cs\/galerie\/umele-plaze\/","og_locale":"cs_CZ","og_type":"article","og_title":"GALERIE - UM\u011aL\u00c9 PL\u00c1\u017dE - ArtSystemDeco","og_url":"https:\/\/artsystemdeco.com\/cs\/galerie\/umele-plaze\/","og_site_name":"ArtSystemDeco","article_modified_time":"2023-09-08T10:02:14+00:00","twitter_card":"summary_large_image","twitter_misc":{"Odhadovan\u00e1 doba \u010dten\u00ed":"1 minuta"},"schema":{"@context":"https:\/\/schema.org","@graph":[{"@type":"WebPage","@id":"https:\/\/artsystemdeco.com\/cs\/galerie\/umele-plaze\/","url":"https:\/\/artsystemdeco.com\/cs\/galerie\/umele-plaze\/","name":"GALERIE - UM\u011aL\u00c9 PL\u00c1\u017dE - ArtSystemDeco","isPartOf":{"@id":"https:\/\/artsystemdeco.com\/cs\/#website"},"datePublished":"2023-02-27T14:47:31+00:00","dateModified":"2023-09-08T10:02:14+00:00","breadcrumb":{"@id":"https:\/\/artsystemdeco.com\/cs\/galerie\/umele-plaze\/#breadcrumb"},"inLanguage":"cs","potentialAction":[{"@type":"ReadAction","target":["https:\/\/artsystemdeco.com\/cs\/galerie\/umele-plaze\/"]}]},{"@type":"BreadcrumbList","@id":"https:\/\/artsystemdeco.com\/cs\/galerie\/umele-plaze\/#breadcrumb","itemListElement":[{"@type":"ListItem","position":1,"name":"Strona g\u0142\u00f3wna","item":"https:\/\/artsystemdeco.com\/cs\/"},{"@type":"ListItem","position":2,"name":"GALERIE","item":"https:\/\/artsystemdeco.com\/cs\/galerie\/"},{"@type":"ListItem","position":3,"name":"GALERIE &#8211; UM\u011aL\u00c9 PL\u00c1\u017dE"}]},{"@type":"WebSite","@id":"https:\/\/artsystemdeco.com\/cs\/#website","url":"https:\/\/artsystemdeco.com\/cs\/","name":"ArtSystemDeco","description":"","potentialAction":[{"@type":"SearchAction","target":{"@type":"EntryPoint","urlTemplate":"https:\/\/artsystemdeco.com\/cs\/?s={search_term_string}"},"query-input":"required name=search_term_string"}],"inLanguage":"cs"}]}},"_links":{"self":[{"href":"https:\/\/artsystemdeco.com\/cs\/wp-json\/wp\/v2\/pages\/1774"}],"collection":[{"href":"https:\/\/artsystemdeco.com\/cs\/wp-json\/wp\/v2\/pages"}],"about":[{"href":"https:\/\/artsystemdeco.com\/cs\/wp-json\/wp\/v2\/types\/page"}],"author":[{"embeddable":true,"href":"https:\/\/artsystemdeco.com\/cs\/wp-json\/wp\/v2\/users\/1"}],"replies":[{"embeddable":true,"href":"https:\/\/artsystemdeco.com\/cs\/wp-json\/wp\/v2\/comments?post=1774"}],"version-history":[{"count":2,"href":"https:\/\/artsystemdeco.com\/cs\/wp-json\/wp\/v2\/pages\/1774\/revisions"}],"predecessor-version":[{"id":3252,"href":"https:\/\/artsystemdeco.com\/cs\/wp-json\/wp\/v2\/pages\/1774\/revisions\/3252"}],"up":[{"embeddable":true,"href":"https:\/\/artsystemdeco.com\/cs\/wp-json\/wp\/v2\/pages\/1756"}],"wp:attachment":[{"href":"https:\/\/artsystemdeco.com\/cs\/wp-json\/wp\/v2\/media?parent=1774"}],"curies":[{"name":"wp","href":"https:\/\/api.w.org\/{rel}","templated":true}]}}