{"id":1785,"date":"2023-02-27T12:28:32","date_gmt":"2023-02-27T11:28:32","guid":{"rendered":"https:\/\/artsystemdeco.com\/blog\/"},"modified":"2023-04-12T13:30:25","modified_gmt":"2023-04-12T11:30:25","slug":"blog","status":"publish","type":"page","link":"https:\/\/artsystemdeco.com\/cs\/blog\/","title":{"rendered":"Blog"},"content":{"rendered":"<section class=\"l-section wpb_row height_medium\"><div class=\"l-section-h i-cf\"><div class=\"g-cols vc_row via_flex valign_top type_default stacking_default\"><div class=\"vc_col-sm-12 wpb_column vc_column_container\"><div class=\"vc_column-inner us_custom_47474b22 us_animate_this\"><div class=\"wpb_wrapper\"><div class=\"w-grid type_grid layout_226\" id=\"us_grid_1\" data-filterable=\"true\"><style>#us_grid_1 .w-grid-item:not(:last-child){margin-bottom:1.5rem}#us_grid_1 .g-loadmore{margin-top:1.5rem}.layout_226 .w-grid-item-h{}.layout_226 .usg_post_title_1{font-size:22px!important;font-weight:400!important;margin-bottom:1.5rem!important}.layout_226 .usg_btn_1{margin-top:1.5rem!important;margin-bottom:2rem!important}@media (min-width:1025px) and (max-width:1280px){.layout_226 .usg_post_title_1{font-size:1.6rem!important;font-weight:700!important}}@media (min-width:769px) and (max-width:1024px){.layout_226 .usg_post_title_1{font-size:1.6rem!important;font-weight:700!important}}@media (max-width:768px){.layout_226 .usg_post_title_1{font-size:1.3rem!important;font-weight:700!important}}<\/style><div class=\"w-grid-list\">\t<article class=\"w-grid-item size_1x1 post-1795 post type-post status-publish format-standard hentry category-bez-kategorii\" data-id=\"1795\">\r\n\t\t<div class=\"w-grid-item-h\">\r\n\t\t\t\t\t\t<h2 class=\"w-post-elm post_title usg_post_title_1 entry-title color_link_inherit\"><a href=\"https:\/\/artsystemdeco.com\/cs\/co-maji-umele-skaly-uvnitr\/\">CO MAJ\u00cd UM\u011aL\u00c9 SK\u00c1LY UVNIT\u0158?<\/a><\/h2><div class=\"w-post-elm post_custom_field usg_post_custom_field_1 type_text zajawka_wpisu_blogowego\"><span class=\"w-post-elm-value\">Zahrada je bezpochyby m\u00edstem, kter\u00e9 asociuje s tichem a klidem. Je to dom\u00e1c\u00ed o\u00e1za, kde chceme odpo\u010d\u00edvat a u\u017e\u00edvat si voln\u00fd \u010das. Proto se ka\u017ed\u00fd majitel zahrady sna\u017e\u00ed tento jedine\u010dn\u00fd prostor vyu\u017e\u00edt co nejl\u00e9pe, aby vypadal skv\u011ble bez ohledu na denn\u00ed \u010di ro\u010dn\u00ed obdob\u00ed. Um\u011bl\u00e9 sk\u00e1ly jsou z dekorativn\u00edho hlediska mimo\u0159\u00e1dn\u011b zaj\u00edmav\u00fdm \u0159e\u0161en\u00edm, ke kter\u00e9mu se obrac\u00ed st\u00e1le v\u00edce lid\u00ed. Vytvo\u0159en\u00e9 z nich vodop\u00e1dy nebo patia s lavi\u010dkou jsou skv\u011bl\u00fdmi designov\u00fdmi n\u00e1pady, kter\u00e9 dodaj\u00ed zahrad\u011b modern\u00ed vzhled. Mnoho lid\u00ed v\u0161ak zaj\u00edm\u00e1, co maj\u00ed um\u011bl\u00e9 sk\u00e1ly uvnit\u0159 a jak jsou konstruov\u00e1ny, \u017ee zp\u016fsobuj\u00ed tak ohromuj\u00edc\u00ed efekt. Odpov\u011b\u010f na tuto ot\u00e1zku najdete v n\u00e1sleduj\u00edc\u00edm \u010dl\u00e1nku.<\/span><\/div><a class=\"w-btn us-btn-style_2 usg_btn_1\" href=\"https:\/\/artsystemdeco.com\/cs\/co-maji-umele-skaly-uvnitr\/\"><span class=\"w-btn-label\">DOWIEDZ SI\u0118 WI\u0118CEJ<\/span><\/a>\t\t<\/div>\r\n\t<\/article>\r\n\t<article class=\"w-grid-item size_1x1 post-1792 post type-post status-publish format-standard hentry category-bez-kategorii\" data-id=\"1792\">\r\n\t\t<div class=\"w-grid-item-h\">\r\n\t\t\t\t\t\t<h2 class=\"w-post-elm post_title usg_post_title_1 entry-title color_link_inherit\"><a href=\"https:\/\/artsystemdeco.com\/cs\/pouziti-imitace-skal-a-kamenu\/\">POU\u017dIT\u00cd IMITACE SKAL A KAMEN\u016e<\/a><\/h2><div class=\"w-post-elm post_custom_field usg_post_custom_field_1 type_text zajawka_wpisu_blogowego\"><span class=\"w-post-elm-value\">V sou\u010dasn\u00e9 dob\u011b lze pozorovat trend, kdy um\u011bl\u00e9 kameny za\u010d\u00ednaj\u00ed b\u00fdt obl\u00edben\u011bj\u0161\u00ed ne\u017e d\u0159\u00edve. Doposud jsme je vid\u011bli p\u0159edev\u0161\u00edm v zoologick\u00fdch zahrad\u00e1ch jako sou\u010d\u00e1st v\u00fdb\u011bh\u016f zv\u00ed\u0159at nebo v parc\u00edch, kde slou\u017eily v\u011bt\u0161inou jako dekorativn\u00ed prvek. Od jist\u00e9 doby se jejich vyu\u017eit\u00ed roz\u0161i\u0159uje, o \u010dem\u017e sv\u011bd\u010d\u00ed jejich \u010dast\u011bj\u0161\u00ed p\u0159\u00edtomnost v dom\u00e1c\u00edch zahrad\u00e1ch a v mnoha objektech, s nimi\u017e se setk\u00e1v\u00e1me ka\u017ed\u00fd den, nap\u0159. v n\u00e1kupn\u00edch centrech. Mnoh\u00fdm se zd\u00e1 opr\u00e1vn\u011bn\u00e1 ot\u00e1zka, zda jsou imitace skal a kamen\u016f v\u016fbec nutn\u00e9, kdy\u017e se v p\u0159\u00edrod\u011b vyskytuj\u00ed jejich p\u0159\u00edrodn\u00ed prot\u011bj\u0161ky. \u00davahy tohoto druhu by nem\u011bly p\u0159ekvapit, ale je t\u0159eba hned zd\u016fraznit, \u017ee popsan\u00e9 konstrukce se pou\u017e\u00edvaj\u00ed mnoha zp\u016fsoby, a jejich v\u00fdhody nelze p\u0159ece\u0148ovat. K \u010demu jsou tedy d\u0159\u00edve zm\u00edn\u011bn\u00e9 imitace pou\u017e\u00edv\u00e1ny, a co lze z jejich p\u0159\u00edtomnosti z\u00edskat?<\/span><\/div><a class=\"w-btn us-btn-style_2 usg_btn_1\" href=\"https:\/\/artsystemdeco.com\/cs\/pouziti-imitace-skal-a-kamenu\/\"><span class=\"w-btn-label\">DOWIEDZ SI\u0118 WI\u0118CEJ<\/span><\/a>\t\t<\/div>\r\n\t<\/article>\r\n\t<article class=\"w-grid-item size_1x1 post-1788 post type-post status-publish format-standard hentry category-bez-kategorii\" data-id=\"1788\">\r\n\t\t<div class=\"w-grid-item-h\">\r\n\t\t\t\t\t\t<h2 class=\"w-post-elm post_title usg_post_title_1 entry-title color_link_inherit\"><a href=\"https:\/\/artsystemdeco.com\/cs\/proc-byste-meli-pouzivat-umele-skaly-kamene-a-dekorace\/\">PRO\u010c BYSTE M\u011aLI POU\u017d\u00cdVAT UM\u011aL\u00c9 SK\u00c1LY, KAMENE A DEKORACE?<\/a><\/h2><div class=\"w-post-elm post_custom_field usg_post_custom_field_1 type_text zajawka_wpisu_blogowego\"><span class=\"w-post-elm-value\">V sou\u010dasn\u00e9 dob\u011b je pozorov\u00e1n velk\u00fd z\u00e1jem o pou\u017eit\u00ed um\u011bl\u00fdch skal v r\u00e1mci dekorov\u00e1n\u00ed zahrad, park\u016f nebo jin\u00fdch m\u00edst, kde \u010dasto pob\u00fdv\u00e1me. Tento trend se stal velmi popul\u00e1rn\u00edm v prostorov\u00e9m designu, ale to nen\u00ed zvl\u00e1\u0161\u0165 p\u0159ekvapiv\u00e9. Imitace kamen\u016f vypadaj\u00ed skv\u011ble a jsou ve v\u0161ech ohledech vynikaj\u00edc\u00ed alternativou ke sv\u00fdm p\u0159\u00edrodn\u00edm prot\u011bj\u0161k\u016fm. Pro\u010d tedy byste m\u011bli pou\u017e\u00edvat um\u011bl\u00e9 sk\u00e1ly a dekorace?<\/span><\/div><a class=\"w-btn us-btn-style_2 usg_btn_1\" href=\"https:\/\/artsystemdeco.com\/cs\/proc-byste-meli-pouzivat-umele-skaly-kamene-a-dekorace\/\"><span class=\"w-btn-label\">DOWIEDZ SI\u0118 WI\u0118CEJ<\/span><\/a>\t\t<\/div>\r\n\t<\/article>\r\n<\/div><div class=\"w-grid-preloader\"><div class=\"g-preloader type_1\">\r\n\t<div><\/div>\r\n<\/div>\r\n<\/div>\t<div class=\"w-grid-json hidden\" onclick='return {&quot;action&quot;:&quot;us_ajax_grid&quot;,&quot;ajax_url&quot;:&quot;https:\\\/\\\/artsystemdeco.com\\\/wp-admin\\\/admin-ajax.php&quot;,&quot;infinite_scroll&quot;:0,&quot;max_num_pages&quot;:1,&quot;pagination&quot;:&quot;none&quot;,&quot;permalink_url&quot;:&quot;https:\\\/\\\/artsystemdeco.com\\\/cs\\\/wp-json\\\/wp\\\/v2\\\/pages\\\/1785\\\/&quot;,&quot;template_vars&quot;:{&quot;columns&quot;:&quot;1&quot;,&quot;exclude_items&quot;:&quot;none&quot;,&quot;img_size&quot;:&quot;default&quot;,&quot;ignore_items_size&quot;:0,&quot;items_layout&quot;:&quot;226&quot;,&quot;items_offset&quot;:&quot;1&quot;,&quot;load_animation&quot;:&quot;none&quot;,&quot;overriding_link&quot;:&quot;none&quot;,&quot;post_id&quot;:1785,&quot;query_args&quot;:{&quot;post_type&quot;:[&quot;post&quot;],&quot;post_status&quot;:[&quot;publish&quot;,&quot;acf-disabled&quot;],&quot;posts_per_page&quot;:&quot;10&quot;},&quot;orderby_query_args&quot;:{&quot;orderby&quot;:{&quot;date&quot;:&quot;DESC&quot;}},&quot;type&quot;:&quot;grid&quot;,&quot;us_grid_ajax_index&quot;:1,&quot;us_grid_filter_params&quot;:null,&quot;us_grid_index&quot;:1,&quot;_us_grid_post_type&quot;:&quot;post&quot;,&quot;lang&quot;:&quot;cs&quot;}}'><\/div>\r\n\t<\/div><\/div><\/div><\/div><\/div><\/div><\/section>\n","protected":false},"excerpt":{"rendered":"V sou\u010dasn\u00e9 dob\u011b je pozorov\u00e1n velk\u00fd z\u00e1jem o pou\u017eit\u00ed um\u011bl\u00fdch skal v r\u00e1mci dekorov\u00e1n\u00ed zahrad, park\u016f nebo jin\u00fdch m\u00edst, kde \u010dasto pob\u00fdv\u00e1me. Tento trend se stal velmi popul\u00e1rn\u00edm v prostorov\u00e9m designu, ale to nen\u00ed zvl\u00e1\u0161\u0165 p\u0159ekvapiv\u00e9. Imitace kamen\u016f vypadaj\u00ed skv\u011ble a jsou ve v\u0161ech ohledech vynikaj\u00edc\u00ed alternativou ke sv\u00fdm p\u0159\u00edrodn\u00edm prot\u011bj\u0161k\u016fm. Pro\u010d tedy byste m\u011bli...","protected":false},"author":1,"featured_media":0,"parent":0,"menu_order":0,"comment_status":"closed","ping_status":"closed","template":"","meta":[],"acf":[],"yoast_head":"<!-- This site is optimized with the Yoast SEO plugin v20.13 - https:\/\/yoast.com\/wordpress\/plugins\/seo\/ -->\n<title>Blog - ArtSystemDeco<\/title>\n<meta name=\"robots\" content=\"index, follow, max-snippet:-1, max-image-preview:large, max-video-preview:-1\" \/>\n<link rel=\"canonical\" href=\"https:\/\/artsystemdeco.com\/cs\/blog\/\" \/>\n<meta property=\"og:locale\" content=\"cs_CZ\" \/>\n<meta property=\"og:type\" content=\"article\" \/>\n<meta property=\"og:title\" content=\"Blog - ArtSystemDeco\" \/>\n<meta property=\"og:url\" content=\"https:\/\/artsystemdeco.com\/cs\/blog\/\" \/>\n<meta property=\"og:site_name\" content=\"ArtSystemDeco\" \/>\n<meta property=\"article:modified_time\" content=\"2023-04-12T11:30:25+00:00\" \/>\n<meta name=\"twitter:card\" content=\"summary_large_image\" \/>\n<script type=\"application\/ld+json\" class=\"yoast-schema-graph\">{\"@context\":\"https:\/\/schema.org\",\"@graph\":[{\"@type\":\"WebPage\",\"@id\":\"https:\/\/artsystemdeco.com\/cs\/blog\/\",\"url\":\"https:\/\/artsystemdeco.com\/cs\/blog\/\",\"name\":\"Blog - ArtSystemDeco\",\"isPartOf\":{\"@id\":\"https:\/\/artsystemdeco.com\/cs\/#website\"},\"datePublished\":\"2023-02-27T11:28:32+00:00\",\"dateModified\":\"2023-04-12T11:30:25+00:00\",\"breadcrumb\":{\"@id\":\"https:\/\/artsystemdeco.com\/cs\/blog\/#breadcrumb\"},\"inLanguage\":\"cs\",\"potentialAction\":[{\"@type\":\"ReadAction\",\"target\":[\"https:\/\/artsystemdeco.com\/cs\/blog\/\"]}]},{\"@type\":\"BreadcrumbList\",\"@id\":\"https:\/\/artsystemdeco.com\/cs\/blog\/#breadcrumb\",\"itemListElement\":[{\"@type\":\"ListItem\",\"position\":1,\"name\":\"Strona g\u0142\u00f3wna\",\"item\":\"https:\/\/artsystemdeco.com\/cs\/\"},{\"@type\":\"ListItem\",\"position\":2,\"name\":\"Blog\"}]},{\"@type\":\"WebSite\",\"@id\":\"https:\/\/artsystemdeco.com\/cs\/#website\",\"url\":\"https:\/\/artsystemdeco.com\/cs\/\",\"name\":\"ArtSystemDeco\",\"description\":\"\",\"potentialAction\":[{\"@type\":\"SearchAction\",\"target\":{\"@type\":\"EntryPoint\",\"urlTemplate\":\"https:\/\/artsystemdeco.com\/cs\/?s={search_term_string}\"},\"query-input\":\"required name=search_term_string\"}],\"inLanguage\":\"cs\"}]}<\/script>\n<!-- \/ Yoast SEO plugin. -->","yoast_head_json":{"title":"Blog - ArtSystemDeco","robots":{"index":"index","follow":"follow","max-snippet":"max-snippet:-1","max-image-preview":"max-image-preview:large","max-video-preview":"max-video-preview:-1"},"canonical":"https:\/\/artsystemdeco.com\/cs\/blog\/","og_locale":"cs_CZ","og_type":"article","og_title":"Blog - ArtSystemDeco","og_url":"https:\/\/artsystemdeco.com\/cs\/blog\/","og_site_name":"ArtSystemDeco","article_modified_time":"2023-04-12T11:30:25+00:00","twitter_card":"summary_large_image","schema":{"@context":"https:\/\/schema.org","@graph":[{"@type":"WebPage","@id":"https:\/\/artsystemdeco.com\/cs\/blog\/","url":"https:\/\/artsystemdeco.com\/cs\/blog\/","name":"Blog - ArtSystemDeco","isPartOf":{"@id":"https:\/\/artsystemdeco.com\/cs\/#website"},"datePublished":"2023-02-27T11:28:32+00:00","dateModified":"2023-04-12T11:30:25+00:00","breadcrumb":{"@id":"https:\/\/artsystemdeco.com\/cs\/blog\/#breadcrumb"},"inLanguage":"cs","potentialAction":[{"@type":"ReadAction","target":["https:\/\/artsystemdeco.com\/cs\/blog\/"]}]},{"@type":"BreadcrumbList","@id":"https:\/\/artsystemdeco.com\/cs\/blog\/#breadcrumb","itemListElement":[{"@type":"ListItem","position":1,"name":"Strona g\u0142\u00f3wna","item":"https:\/\/artsystemdeco.com\/cs\/"},{"@type":"ListItem","position":2,"name":"Blog"}]},{"@type":"WebSite","@id":"https:\/\/artsystemdeco.com\/cs\/#website","url":"https:\/\/artsystemdeco.com\/cs\/","name":"ArtSystemDeco","description":"","potentialAction":[{"@type":"SearchAction","target":{"@type":"EntryPoint","urlTemplate":"https:\/\/artsystemdeco.com\/cs\/?s={search_term_string}"},"query-input":"required name=search_term_string"}],"inLanguage":"cs"}]}},"_links":{"self":[{"href":"https:\/\/artsystemdeco.com\/cs\/wp-json\/wp\/v2\/pages\/1785"}],"collection":[{"href":"https:\/\/artsystemdeco.com\/cs\/wp-json\/wp\/v2\/pages"}],"about":[{"href":"https:\/\/artsystemdeco.com\/cs\/wp-json\/wp\/v2\/types\/page"}],"author":[{"embeddable":true,"href":"https:\/\/artsystemdeco.com\/cs\/wp-json\/wp\/v2\/users\/1"}],"replies":[{"embeddable":true,"href":"https:\/\/artsystemdeco.com\/cs\/wp-json\/wp\/v2\/comments?post=1785"}],"version-history":[{"count":1,"href":"https:\/\/artsystemdeco.com\/cs\/wp-json\/wp\/v2\/pages\/1785\/revisions"}],"predecessor-version":[{"id":1786,"href":"https:\/\/artsystemdeco.com\/cs\/wp-json\/wp\/v2\/pages\/1785\/revisions\/1786"}],"wp:attachment":[{"href":"https:\/\/artsystemdeco.com\/cs\/wp-json\/wp\/v2\/media?parent=1785"}],"curies":[{"name":"wp","href":"https:\/\/api.w.org\/{rel}","templated":true}]}}