{"id":1798,"date":"2023-03-31T14:27:22","date_gmt":"2023-03-31T12:27:22","guid":{"rendered":"https:\/\/artsystemdeco.com\/kontakt\/"},"modified":"2023-04-12T13:17:23","modified_gmt":"2023-04-12T11:17:23","slug":"kontakt","status":"publish","type":"page","link":"https:\/\/artsystemdeco.com\/cs\/kontakt\/","title":{"rendered":"KONTAKT"},"content":{"rendered":"<section class=\"l-section wpb_row thin-content height_auto\"><div class=\"l-section-h i-cf\"><div class=\"g-cols vc_row via_flex valign_top type_default reversed stacking_default\"><div class=\"vc_col-sm-12 vc_col-md-4 wpb_column vc_column_container\"><div class=\"vc_column-inner\"><div class=\"wpb_wrapper\"><div class=\"w-iconbox us_custom_96dc3eeb iconpos_left style_default color_custom align_none no_title\"><div class=\"w-iconbox-icon\" style=\"font-size:1.5rem;color:var(--color-content-primary);\"><i class=\"fas fa-map-marker-alt\"><\/i><\/div><div class=\"w-iconbox-meta\"><div class=\"w-iconbox-text\"><p>ADRESA<\/p>\n<\/div><\/div><\/div><div class=\"w-separator size_custom\" style=\"height:.5rem\"><\/div><div class=\"wpb_text_column\"><div class=\"wpb_wrapper\"><p>D\u0142ugoszowskiego 10a\/4,<br \/>\nKrak\u00f3w, ma\u0142opolskie 31-398<br \/>\nNIP: 6832066573<\/p>\n<\/div><\/div><div class=\"w-iconbox us_custom_96dc3eeb iconpos_left style_default color_custom align_none no_title\"><div class=\"w-iconbox-icon\" style=\"font-size:1.5rem;color:var(--color-content-primary);\"><i class=\"fas fa-phone-alt\"><\/i><\/div><div class=\"w-iconbox-meta\"><div class=\"w-iconbox-text\"><p>KONTAKT<\/p>\n<\/div><\/div><\/div><div class=\"w-separator size_custom\" style=\"height:.5rem\"><\/div><div class=\"wpb_text_column\"><div class=\"wpb_wrapper\"><p><a href=\"tel:+48601411008\">48 601 411 008<\/a><br \/>\n<a href=\"mailto:artsystemdeco@gmail.com\">artsystemdeco@gmail.com<\/a><\/p>\n<\/div><\/div><div class=\"w-iconbox us_custom_96dc3eeb iconpos_left style_default color_custom align_none no_title\"><div class=\"w-iconbox-icon\" style=\"font-size:1.5rem;color:var(--color-content-primary);\"><i class=\"fas fa-comments\"><\/i><\/div><div class=\"w-iconbox-meta\"><div class=\"w-iconbox-text\"><p class=\"western\" lang=\"pl-PL\"><span lang=\"cs-CZ\">SLEDUJTE N\u00c1S<\/span><\/p>\n<\/div><\/div><\/div><div class=\"w-separator size_custom\" style=\"height:1rem\"><\/div><div class=\"w-socials us_custom_91ca14ef color_brand shape_none\"><div class=\"w-socials-list\"><div class=\"w-socials-item facebook\"><a class=\"w-socials-item-link\" href=\"https:\/\/www.facebook.com\/people\/Artsystemdeco\/100064662175296\/\" target=\"_blank\" rel=\"noopener nofollow\" title=\"Facebook\" aria-label=\"Facebook\"><span class=\"w-socials-item-link-hover\"><\/span><i class=\"fab fa-facebook\"><\/i><\/a><div class=\"w-socials-item-popup\"><span>Facebook<\/span><\/div><\/div><\/div><\/div><\/div><\/div><\/div><div class=\"vc_col-sm-12 vc_col-md-8 wpb_column vc_column_container\"><div class=\"vc_column-inner\"><div class=\"wpb_wrapper\"><div class=\"wpb_text_column\"><div class=\"wpb_wrapper\"><h2>FORMUL\u00c1\u0158<\/h2>\n<\/div><\/div><form class=\"w-form  layout_ver for_cform us_form_1\" autocomplete=\"off\" action=\"https:\/\/artsystemdeco.com\/cs\/wp-json\/wp\/v2\/pages\/1798\" method=\"post\"><div class=\"w-form-h\"><div class=\"w-form-row for_text required\">\r\n\t\t<div class=\"w-form-row-field\">\r\n\t\t\t\t\t\t<input aria-label=\"Jm\u00e9no a p\u0159\u00edjmen\u00ed\" type=\"text\" name=\"us_form_1_text_1\" value placeholder=\"Jm\u00e9no a p\u0159\u00edjmen\u00ed *\" data-required=\"true\" aria-required=\"true\"\/>\r\n\t\t\t<\/div>\r\n\t\t<div class=\"w-form-row-state\">Pros\u00edm, vypl\u0148te toto pole.<\/div>\r\n<\/div>\r\n<div class=\"w-form-row for_email required cols_2\">\r\n\t\t<div class=\"w-form-row-field\">\r\n\t\t\t\t\t\t<input aria-label=\"E-mailov\u00e1 adresa\" type=\"email\" name=\"us_form_1_email_1\" value placeholder=\"E-mailov\u00e1 adresa *\" data-required=\"true\" aria-required=\"true\"\/>\r\n\t\t\t<\/div>\r\n\t\t<div class=\"w-form-row-state\">Zadejte pros\u00edm platnou e-mailovou adresu.<\/div>\r\n<\/div>\r\n<div class=\"w-form-row for_text required cols_2\">\r\n\t\t<div class=\"w-form-row-field\">\r\n\t\t\t\t\t\t<input aria-label=\"Telefonn\u00ed \u010d\u00edslo\" inputmode=\"tel\" type=\"text\" name=\"us_form_1_text_2\" value placeholder=\"Telefonn\u00ed \u010d\u00edslo *\" data-required=\"true\" aria-required=\"true\"\/>\r\n\t\t\t<\/div>\r\n\t\t<div class=\"w-form-row-state\">Pros\u00edm, vypl\u0148te toto pole.<\/div>\r\n<\/div>\r\n<div class=\"w-form-row for_textarea required\">\r\n\t\t<div class=\"w-form-row-field\">\r\n\t\t\t\t\t\t<textarea aria-label=\"Va\u0161e zpr\u00e1va\" name=\"us_form_1_textarea_1\" placeholder=\"Va\u0161e zpr\u00e1va *\" data-required=\"true\" aria-required=\"true\"><\/textarea>\r\n\t\t\t<\/div>\r\n\t\t<div class=\"w-form-row-state\">Pros\u00edm, vypl\u0148te toto pole.<\/div>\r\n<\/div>\r\n<div class=\"w-form-row for_agreement required\">\r\n\t\t<div class=\"w-form-row-field\">\r\n\t\t\t\t<label>\r\n\t\t\t<input type=\"checkbox\" class=\"screen-reader-text\" value=\"1\" data-required=\"true\" aria-required=\"true\" name=\"us_form_1_agreement_1\"\/>\r\n\t\t\t<span class=\"w-form-checkbox\"><\/span>\r\n\t\t\t<span>Zgodnie z art.6 ust.1 lit. a og\u00f3lnego rozporz\u0105dzenia o ochronie danych osobowych z dnia 27 kwietnia 2016 r. (Dz. Urz. UE L 119 z 04.05.2016) wyra\u017cam zgod\u0119 na przetwarzanie moich danych osobowych do cel\u00f3w marketingowych.<\/span>\r\n\t\t<\/label>\r\n\t\t\t<\/div>\r\n\t\t<div class=\"w-form-row-state\">Chcete-li pokra\u010dovat, mus\u00edte souhlasit s podm\u00ednkami<\/div>\r\n<\/div>\r\n<input type=\"hidden\" name=\"action\" value=\"us_ajax_cform\" \/>\r\n<input type=\"hidden\" name=\"post_id\" value=\"0\" \/>\r\n<input type=\"hidden\" name=\"form_index\" value=\"1\" \/>\r\n<div class=\"w-form-row for_submit  align_none\">\r\n\t<button class=\"w-btn  us-btn-style_2\" aria-label=\"ODESLAT\" type=\"submit\">\r\n\t\t<span class=\"g-preloader type_1\"><\/span>\r\n\t\t\t\t<span class=\"w-btn-label\">ODESLAT<\/span>\r\n\t\t\t<\/button>\r\n\t<\/div>\r\n<\/div><div class=\"w-form-message\"><\/div><div class=\"w-form-json hidden\" onclick='return {&quot;ajaxurl&quot;:&quot;https:\\\/\\\/artsystemdeco.com\\\/wp-admin\\\/admin-ajax.php&quot;,&quot;messages&quot;:{&quot;err_empty&quot;:&quot;Pros\\u00edm, vypl\\u0148te toto pole.&quot;,&quot;err_size&quot;:&quot;File size cannot exceed %s MB&quot;,&quot;err_extension&quot;:&quot;%s file type is not allowed&quot;}}'><\/div><\/form><\/div><\/div><\/div><\/div><\/div><\/section>\n","protected":false},"excerpt":{"rendered":"ADRESA D\u0142ugoszowskiego 10a\/4, Krak\u00f3w, ma\u0142opolskie 31-398 NIP: 6832066573 KONTAKT 48 601 411 008 artsystemdeco@gmail.com SLEDUJTE N\u00c1S FacebookFORMUL\u00c1\u0158 Pros\u00edm, vypl\u0148te toto pole. Zadejte pros\u00edm platnou e-mailovou adresu. Pros\u00edm, vypl\u0148te toto pole. Pros\u00edm, vypl\u0148te toto pole. Zgodnie z art.6 ust.1 lit. a og\u00f3lnego rozporz\u0105dzenia o ochronie danych osobowych z dnia 27 kwietnia 2016 r. (Dz. Urz. UE...","protected":false},"author":1,"featured_media":0,"parent":0,"menu_order":0,"comment_status":"closed","ping_status":"closed","template":"","meta":[],"acf":[],"yoast_head":"<!-- This site is optimized with the Yoast SEO plugin v20.13 - https:\/\/yoast.com\/wordpress\/plugins\/seo\/ -->\n<title>KONTAKT - ArtSystemDeco<\/title>\n<meta name=\"robots\" content=\"index, follow, max-snippet:-1, max-image-preview:large, max-video-preview:-1\" \/>\n<link rel=\"canonical\" href=\"https:\/\/artsystemdeco.com\/cs\/kontakt\/\" \/>\n<meta property=\"og:locale\" content=\"cs_CZ\" \/>\n<meta property=\"og:type\" content=\"article\" \/>\n<meta property=\"og:title\" content=\"KONTAKT - ArtSystemDeco\" \/>\n<meta property=\"og:url\" content=\"https:\/\/artsystemdeco.com\/cs\/kontakt\/\" \/>\n<meta property=\"og:site_name\" content=\"ArtSystemDeco\" \/>\n<meta property=\"article:modified_time\" content=\"2023-04-12T11:17:23+00:00\" \/>\n<meta name=\"twitter:card\" content=\"summary_large_image\" \/>\n<meta name=\"twitter:label1\" content=\"Odhadovan\u00e1 doba \u010dten\u00ed\" \/>\n\t<meta name=\"twitter:data1\" content=\"3 minuty\" \/>\n<script type=\"application\/ld+json\" class=\"yoast-schema-graph\">{\"@context\":\"https:\/\/schema.org\",\"@graph\":[{\"@type\":\"WebPage\",\"@id\":\"https:\/\/artsystemdeco.com\/cs\/kontakt\/\",\"url\":\"https:\/\/artsystemdeco.com\/cs\/kontakt\/\",\"name\":\"KONTAKT - ArtSystemDeco\",\"isPartOf\":{\"@id\":\"https:\/\/artsystemdeco.com\/cs\/#website\"},\"datePublished\":\"2023-03-31T12:27:22+00:00\",\"dateModified\":\"2023-04-12T11:17:23+00:00\",\"breadcrumb\":{\"@id\":\"https:\/\/artsystemdeco.com\/cs\/kontakt\/#breadcrumb\"},\"inLanguage\":\"cs\",\"potentialAction\":[{\"@type\":\"ReadAction\",\"target\":[\"https:\/\/artsystemdeco.com\/cs\/kontakt\/\"]}]},{\"@type\":\"BreadcrumbList\",\"@id\":\"https:\/\/artsystemdeco.com\/cs\/kontakt\/#breadcrumb\",\"itemListElement\":[{\"@type\":\"ListItem\",\"position\":1,\"name\":\"Strona g\u0142\u00f3wna\",\"item\":\"https:\/\/artsystemdeco.com\/cs\/\"},{\"@type\":\"ListItem\",\"position\":2,\"name\":\"KONTAKT\"}]},{\"@type\":\"WebSite\",\"@id\":\"https:\/\/artsystemdeco.com\/cs\/#website\",\"url\":\"https:\/\/artsystemdeco.com\/cs\/\",\"name\":\"ArtSystemDeco\",\"description\":\"\",\"potentialAction\":[{\"@type\":\"SearchAction\",\"target\":{\"@type\":\"EntryPoint\",\"urlTemplate\":\"https:\/\/artsystemdeco.com\/cs\/?s={search_term_string}\"},\"query-input\":\"required name=search_term_string\"}],\"inLanguage\":\"cs\"}]}<\/script>\n<!-- \/ Yoast SEO plugin. -->","yoast_head_json":{"title":"KONTAKT - ArtSystemDeco","robots":{"index":"index","follow":"follow","max-snippet":"max-snippet:-1","max-image-preview":"max-image-preview:large","max-video-preview":"max-video-preview:-1"},"canonical":"https:\/\/artsystemdeco.com\/cs\/kontakt\/","og_locale":"cs_CZ","og_type":"article","og_title":"KONTAKT - ArtSystemDeco","og_url":"https:\/\/artsystemdeco.com\/cs\/kontakt\/","og_site_name":"ArtSystemDeco","article_modified_time":"2023-04-12T11:17:23+00:00","twitter_card":"summary_large_image","twitter_misc":{"Odhadovan\u00e1 doba \u010dten\u00ed":"3 minuty"},"schema":{"@context":"https:\/\/schema.org","@graph":[{"@type":"WebPage","@id":"https:\/\/artsystemdeco.com\/cs\/kontakt\/","url":"https:\/\/artsystemdeco.com\/cs\/kontakt\/","name":"KONTAKT - ArtSystemDeco","isPartOf":{"@id":"https:\/\/artsystemdeco.com\/cs\/#website"},"datePublished":"2023-03-31T12:27:22+00:00","dateModified":"2023-04-12T11:17:23+00:00","breadcrumb":{"@id":"https:\/\/artsystemdeco.com\/cs\/kontakt\/#breadcrumb"},"inLanguage":"cs","potentialAction":[{"@type":"ReadAction","target":["https:\/\/artsystemdeco.com\/cs\/kontakt\/"]}]},{"@type":"BreadcrumbList","@id":"https:\/\/artsystemdeco.com\/cs\/kontakt\/#breadcrumb","itemListElement":[{"@type":"ListItem","position":1,"name":"Strona g\u0142\u00f3wna","item":"https:\/\/artsystemdeco.com\/cs\/"},{"@type":"ListItem","position":2,"name":"KONTAKT"}]},{"@type":"WebSite","@id":"https:\/\/artsystemdeco.com\/cs\/#website","url":"https:\/\/artsystemdeco.com\/cs\/","name":"ArtSystemDeco","description":"","potentialAction":[{"@type":"SearchAction","target":{"@type":"EntryPoint","urlTemplate":"https:\/\/artsystemdeco.com\/cs\/?s={search_term_string}"},"query-input":"required name=search_term_string"}],"inLanguage":"cs"}]}},"_links":{"self":[{"href":"https:\/\/artsystemdeco.com\/cs\/wp-json\/wp\/v2\/pages\/1798"}],"collection":[{"href":"https:\/\/artsystemdeco.com\/cs\/wp-json\/wp\/v2\/pages"}],"about":[{"href":"https:\/\/artsystemdeco.com\/cs\/wp-json\/wp\/v2\/types\/page"}],"author":[{"embeddable":true,"href":"https:\/\/artsystemdeco.com\/cs\/wp-json\/wp\/v2\/users\/1"}],"replies":[{"embeddable":true,"href":"https:\/\/artsystemdeco.com\/cs\/wp-json\/wp\/v2\/comments?post=1798"}],"version-history":[{"count":2,"href":"https:\/\/artsystemdeco.com\/cs\/wp-json\/wp\/v2\/pages\/1798\/revisions"}],"predecessor-version":[{"id":1800,"href":"https:\/\/artsystemdeco.com\/cs\/wp-json\/wp\/v2\/pages\/1798\/revisions\/1800"}],"wp:attachment":[{"href":"https:\/\/artsystemdeco.com\/cs\/wp-json\/wp\/v2\/media?parent=1798"}],"curies":[{"name":"wp","href":"https:\/\/api.w.org\/{rel}","templated":true}]}}