{"id":4942,"date":"2023-09-27T08:58:30","date_gmt":"2023-09-27T06:58:30","guid":{"rendered":"https:\/\/artsystemdeco.com\/realizace\/deep-spot-mszczonow\/"},"modified":"2023-10-05T13:42:20","modified_gmt":"2023-10-05T11:42:20","slug":"deep-spot-mszczonow","status":"publish","type":"page","link":"https:\/\/artsystemdeco.com\/cs\/realizace\/deep-spot-mszczonow\/","title":{"rendered":"Deep Spot Mszczon\u00f3w"},"content":{"rendered":"<section class=\"l-section wpb_row us_custom_a21ea65f thin-content height_auto with_img\"><div class=\"l-section-img\" style=\"background-image: url(https:\/\/artsystemdeco.com\/wp-content\/uploads\/2023\/03\/deepspot1n.jpg);background-repeat: no-repeat;\" data-img-width=\"1600\" data-img-height=\"900\"><\/div><div class=\"l-section-overlay\" style=\"background:rgba(0,0,0,0.50)\"><\/div><div class=\"l-section-h i-cf\"><div class=\"g-cols vc_row via_flex valign_middle type_default stacking_default\"><div class=\"vc_col-sm-12 wpb_column vc_column_container\"><div class=\"vc_column-inner\"><div class=\"wpb_wrapper\"><h1 class=\"w-post-elm post_title us_custom_409b4cb1 align_right entry-title color_link_inherit\">Deep Spot Mszczon\u00f3w<\/h1><\/div><\/div><\/div><\/div><\/div><\/section><section class=\"l-section wpb_row thin-content height_medium\" id=\"photo\"><div class=\"l-section-h i-cf\"><div class=\"g-cols vc_row via_flex valign_top type_default stacking_default\"><div class=\"vc_col-sm-12 wpb_column vc_column_container\"><div class=\"vc_column-inner\"><div class=\"wpb_wrapper\"><div class=\"w-grid realizacje-grid paste-grid type_grid layout_gallery_default cols_3 ratio_1x1\" id=\"us_grid_1\" data-filterable=\"true\"><style>#us_grid_1 .w-grid-item{padding:5px}#us_grid_1 .w-grid-list{margin:-5px}.w-grid + #us_grid_1 .w-grid-list,.w-grid-none + #us_grid_1 .w-grid-list{margin-top:5px}@media (max-width:899px){#us_grid_1 .w-grid-item{width:50%}#us_grid_1 .w-grid-item.size_2x1,#us_grid_1 .w-grid-item.size_2x2{width:100%}}@media (max-width:599px){#us_grid_1 .w-grid-item{width:50%}#us_grid_1 .w-grid-item.size_2x1,#us_grid_1 .w-grid-item.size_2x2{width:100%}}#us_grid_1 .w-grid-item-h:before{padding-bottom:100%}.layout_gallery_default .w-grid-item-h:before{padding-bottom:100%}@media (min-width:600px){.layout_gallery_default .w-grid-item.size_1x2 .w-grid-item-h:before{padding-bottom:calc(200% + 5px + 5px)}.layout_gallery_default .w-grid-item.size_2x1 .w-grid-item-h:before{padding-bottom:calc(50% - 5px * 1)}.layout_gallery_default .w-grid-item.size_2x2 .w-grid-item-h:before{padding-bottom:calc(100% - 5px * 0)}}.layout_gallery_default .w-grid-item-h{}<\/style><div class=\"w-grid-list\">\t<article class=\"w-grid-item post-5001 attachment type-attachment status-inherit hentry\" data-id=\"5001\">\r\n\t\t<div class=\"w-grid-item-h\">\r\n\t\t\t\t\t\t\t<a class=\"w-grid-item-anchor\" href=\"https:\/\/artsystemdeco.com\/wp-content\/uploads\/2023\/10\/0_load.png\" ref=\"magnificPopupGrid\" title=\"0_load\"><\/a>\r\n\t\t\t\t\t\t<div class=\"w-post-elm post_image usg_post_image_1 stretched\"><img width=\"349\" height=\"62\" src=\"https:\/\/artsystemdeco.com\/wp-content\/uploads\/2023\/10\/0_load.png\" class=\"attachment-large size-large\" alt=\"\" decoding=\"async\" loading=\"lazy\" srcset=\"https:\/\/artsystemdeco.com\/wp-content\/uploads\/2023\/10\/0_load.png 349w, https:\/\/artsystemdeco.com\/wp-content\/uploads\/2023\/10\/0_load-300x53.png 300w\" sizes=\"(max-width: 349px) 100vw, 349px\" \/><\/div>\t\t<\/div>\r\n\t<\/article>\r\n\t<article class=\"w-grid-item post-1731 attachment type-attachment status-inherit hentry\" data-id=\"1731\">\r\n\t\t<div class=\"w-grid-item-h\">\r\n\t\t\t\t\t\t\t<a class=\"w-grid-item-anchor\" href=\"https:\/\/artsystemdeco.com\/wp-content\/uploads\/2023\/03\/17n.jpg\" ref=\"magnificPopupGrid\" title=\"Galerie - Deep Spot Mszczon\u00f3w 17\"><\/a>\r\n\t\t\t\t\t\t<div class=\"w-post-elm post_image usg_post_image_1 stretched\"><img width=\"768\" height=\"1024\" src=\"https:\/\/artsystemdeco.com\/wp-content\/uploads\/2023\/03\/17n.jpg\" class=\"attachment-large size-large\" alt=\"Galerie - Deep Spot Mszczon\u00f3w 17\" decoding=\"async\" loading=\"lazy\" srcset=\"https:\/\/artsystemdeco.com\/wp-content\/uploads\/2023\/03\/17n.jpg 768w, https:\/\/artsystemdeco.com\/wp-content\/uploads\/2023\/03\/17n-225x300.jpg 225w\" sizes=\"(max-width: 768px) 100vw, 768px\" \/><\/div>\t\t<\/div>\r\n\t<\/article>\r\n\t<article class=\"w-grid-item post-1423 attachment type-attachment status-inherit hentry\" data-id=\"1423\">\r\n\t\t<div class=\"w-grid-item-h\">\r\n\t\t\t\t\t\t\t<a class=\"w-grid-item-anchor\" href=\"https:\/\/artsystemdeco.com\/wp-content\/uploads\/2023\/02\/29-1.jpg\" ref=\"magnificPopupGrid\" title=\"Galeria - Deep Spot Mszczon\u00f3w 29\"><\/a>\r\n\t\t\t\t\t\t<div class=\"w-post-elm post_image usg_post_image_1 stretched\"><img width=\"1024\" height=\"576\" src=\"https:\/\/artsystemdeco.com\/wp-content\/uploads\/2023\/02\/29-1-1024x576.jpg\" class=\"attachment-large size-large\" alt=\"Galeria - Deep Spot Mszczon\u00f3w 29\" decoding=\"async\" loading=\"lazy\" srcset=\"https:\/\/artsystemdeco.com\/wp-content\/uploads\/2023\/02\/29-1-1024x576.jpg 1024w, https:\/\/artsystemdeco.com\/wp-content\/uploads\/2023\/02\/29-1-300x169.jpg 300w, https:\/\/artsystemdeco.com\/wp-content\/uploads\/2023\/02\/29-1.jpg 1600w\" sizes=\"(max-width: 1024px) 100vw, 1024px\" \/><\/div>\t\t<\/div>\r\n\t<\/article>\r\n\t<article class=\"w-grid-item post-1424 attachment type-attachment status-inherit hentry\" data-id=\"1424\">\r\n\t\t<div class=\"w-grid-item-h\">\r\n\t\t\t\t\t\t\t<a class=\"w-grid-item-anchor\" href=\"https:\/\/artsystemdeco.com\/wp-content\/uploads\/2023\/02\/38-1-1.jpg\" ref=\"magnificPopupGrid\" title=\"Galeria - Deep Spot Mszczon\u00f3w 38\"><\/a>\r\n\t\t\t\t\t\t<div class=\"w-post-elm post_image usg_post_image_1 stretched\"><img width=\"1024\" height=\"576\" src=\"https:\/\/artsystemdeco.com\/wp-content\/uploads\/2023\/02\/38-1-1-1024x576.jpg\" class=\"attachment-large size-large\" alt=\"Galeria - Deep Spot Mszczon\u00f3w 38\" decoding=\"async\" loading=\"lazy\" srcset=\"https:\/\/artsystemdeco.com\/wp-content\/uploads\/2023\/02\/38-1-1-1024x576.jpg 1024w, https:\/\/artsystemdeco.com\/wp-content\/uploads\/2023\/02\/38-1-1-300x169.jpg 300w, https:\/\/artsystemdeco.com\/wp-content\/uploads\/2023\/02\/38-1-1.jpg 1600w\" sizes=\"(max-width: 1024px) 100vw, 1024px\" \/><\/div>\t\t<\/div>\r\n\t<\/article>\r\n\t<article class=\"w-grid-item post-1425 attachment type-attachment status-inherit hentry\" data-id=\"1425\">\r\n\t\t<div class=\"w-grid-item-h\">\r\n\t\t\t\t\t\t\t<a class=\"w-grid-item-anchor\" href=\"https:\/\/artsystemdeco.com\/wp-content\/uploads\/2023\/02\/49-1-1.jpg\" ref=\"magnificPopupGrid\" title=\"Galeria - Deep Spot Mszczon\u00f3w 49\"><\/a>\r\n\t\t\t\t\t\t<div class=\"w-post-elm post_image usg_post_image_1 stretched\"><img width=\"1024\" height=\"576\" src=\"https:\/\/artsystemdeco.com\/wp-content\/uploads\/2023\/02\/49-1-1-1024x576.jpg\" class=\"attachment-large size-large\" alt=\"Galeria - Deep Spot Mszczon\u00f3w 49\" decoding=\"async\" loading=\"lazy\" srcset=\"https:\/\/artsystemdeco.com\/wp-content\/uploads\/2023\/02\/49-1-1-1024x576.jpg 1024w, https:\/\/artsystemdeco.com\/wp-content\/uploads\/2023\/02\/49-1-1-300x169.jpg 300w, https:\/\/artsystemdeco.com\/wp-content\/uploads\/2023\/02\/49-1-1.jpg 1600w\" sizes=\"(max-width: 1024px) 100vw, 1024px\" \/><\/div>\t\t<\/div>\r\n\t<\/article>\r\n\t<article class=\"w-grid-item post-1426 attachment type-attachment status-inherit hentry\" data-id=\"1426\">\r\n\t\t<div class=\"w-grid-item-h\">\r\n\t\t\t\t\t\t\t<a class=\"w-grid-item-anchor\" href=\"https:\/\/artsystemdeco.com\/wp-content\/uploads\/2023\/02\/56-1.jpg\" ref=\"magnificPopupGrid\" title=\"Galeria - Deep Spot Mszczon\u00f3w 56\"><\/a>\r\n\t\t\t\t\t\t<div class=\"w-post-elm post_image usg_post_image_1 stretched\"><img width=\"576\" height=\"1024\" src=\"https:\/\/artsystemdeco.com\/wp-content\/uploads\/2023\/02\/56-1-576x1024.jpg\" class=\"attachment-large size-large\" alt=\"Galeria - Deep Spot Mszczon\u00f3w 56\" decoding=\"async\" loading=\"lazy\" srcset=\"https:\/\/artsystemdeco.com\/wp-content\/uploads\/2023\/02\/56-1-576x1024.jpg 576w, https:\/\/artsystemdeco.com\/wp-content\/uploads\/2023\/02\/56-1-169x300.jpg 169w, https:\/\/artsystemdeco.com\/wp-content\/uploads\/2023\/02\/56-1.jpg 900w\" sizes=\"(max-width: 576px) 100vw, 576px\" \/><\/div>\t\t<\/div>\r\n\t<\/article>\r\n\t<article class=\"w-grid-item post-1427 attachment type-attachment status-inherit hentry\" data-id=\"1427\">\r\n\t\t<div class=\"w-grid-item-h\">\r\n\t\t\t\t\t\t\t<a class=\"w-grid-item-anchor\" href=\"https:\/\/artsystemdeco.com\/wp-content\/uploads\/2023\/02\/72-1-1.jpg\" ref=\"magnificPopupGrid\" title=\"Galeria - Deep Spot Mszczon\u00f3w 72\"><\/a>\r\n\t\t\t\t\t\t<div class=\"w-post-elm post_image usg_post_image_1 stretched\"><img width=\"576\" height=\"1024\" src=\"https:\/\/artsystemdeco.com\/wp-content\/uploads\/2023\/02\/72-1-1-576x1024.jpg\" class=\"attachment-large size-large\" alt=\"Galeria - Deep Spot Mszczon\u00f3w 72\" decoding=\"async\" loading=\"lazy\" srcset=\"https:\/\/artsystemdeco.com\/wp-content\/uploads\/2023\/02\/72-1-1-576x1024.jpg 576w, https:\/\/artsystemdeco.com\/wp-content\/uploads\/2023\/02\/72-1-1-169x300.jpg 169w, https:\/\/artsystemdeco.com\/wp-content\/uploads\/2023\/02\/72-1-1.jpg 900w\" sizes=\"(max-width: 576px) 100vw, 576px\" \/><\/div>\t\t<\/div>\r\n\t<\/article>\r\n\t<article class=\"w-grid-item post-1428 attachment type-attachment status-inherit hentry\" data-id=\"1428\">\r\n\t\t<div class=\"w-grid-item-h\">\r\n\t\t\t\t\t\t\t<a class=\"w-grid-item-anchor\" href=\"https:\/\/artsystemdeco.com\/wp-content\/uploads\/2023\/02\/83-1.jpg\" ref=\"magnificPopupGrid\" title=\"Galeria - Deep Spot Mszczon\u00f3w 83\"><\/a>\r\n\t\t\t\t\t\t<div class=\"w-post-elm post_image usg_post_image_1 stretched\"><img width=\"576\" height=\"1024\" src=\"https:\/\/artsystemdeco.com\/wp-content\/uploads\/2023\/02\/83-1-576x1024.jpg\" class=\"attachment-large size-large\" alt=\"Galeria - Deep Spot Mszczon\u00f3w 83\" decoding=\"async\" loading=\"lazy\" srcset=\"https:\/\/artsystemdeco.com\/wp-content\/uploads\/2023\/02\/83-1-576x1024.jpg 576w, https:\/\/artsystemdeco.com\/wp-content\/uploads\/2023\/02\/83-1-169x300.jpg 169w, https:\/\/artsystemdeco.com\/wp-content\/uploads\/2023\/02\/83-1.jpg 900w\" sizes=\"(max-width: 576px) 100vw, 576px\" \/><\/div>\t\t<\/div>\r\n\t<\/article>\r\n\t<article class=\"w-grid-item post-1429 attachment type-attachment status-inherit hentry\" data-id=\"1429\">\r\n\t\t<div class=\"w-grid-item-h\">\r\n\t\t\t\t\t\t\t<a class=\"w-grid-item-anchor\" href=\"https:\/\/artsystemdeco.com\/wp-content\/uploads\/2023\/02\/102-1.jpg\" ref=\"magnificPopupGrid\" title=\"Galeria - Deep Spot Mszczon\u00f3w 102\"><\/a>\r\n\t\t\t\t\t\t<div class=\"w-post-elm post_image usg_post_image_1 stretched\"><img width=\"576\" height=\"1024\" src=\"https:\/\/artsystemdeco.com\/wp-content\/uploads\/2023\/02\/102-1-576x1024.jpg\" class=\"attachment-large size-large\" alt=\"Galeria - Deep Spot Mszczon\u00f3w 102\" decoding=\"async\" loading=\"lazy\" srcset=\"https:\/\/artsystemdeco.com\/wp-content\/uploads\/2023\/02\/102-1-576x1024.jpg 576w, https:\/\/artsystemdeco.com\/wp-content\/uploads\/2023\/02\/102-1-169x300.jpg 169w, https:\/\/artsystemdeco.com\/wp-content\/uploads\/2023\/02\/102-1.jpg 900w\" sizes=\"(max-width: 576px) 100vw, 576px\" \/><\/div>\t\t<\/div>\r\n\t<\/article>\r\n\t<article class=\"w-grid-item post-1430 attachment type-attachment status-inherit hentry\" data-id=\"1430\">\r\n\t\t<div class=\"w-grid-item-h\">\r\n\t\t\t\t\t\t\t<a class=\"w-grid-item-anchor\" href=\"https:\/\/artsystemdeco.com\/wp-content\/uploads\/2023\/02\/112-2.jpg\" ref=\"magnificPopupGrid\" title=\"Galeria - Deep Spot Mszczon\u00f3w 112-2\"><\/a>\r\n\t\t\t\t\t\t<div class=\"w-post-elm post_image usg_post_image_1 stretched\"><img width=\"1024\" height=\"576\" src=\"https:\/\/artsystemdeco.com\/wp-content\/uploads\/2023\/02\/112-2-1024x576.jpg\" class=\"attachment-large size-large\" alt=\"Galeria - Deep Spot Mszczon\u00f3w 112-2\" decoding=\"async\" loading=\"lazy\" srcset=\"https:\/\/artsystemdeco.com\/wp-content\/uploads\/2023\/02\/112-2-1024x576.jpg 1024w, https:\/\/artsystemdeco.com\/wp-content\/uploads\/2023\/02\/112-2-300x169.jpg 300w, https:\/\/artsystemdeco.com\/wp-content\/uploads\/2023\/02\/112-2.jpg 1600w\" sizes=\"(max-width: 1024px) 100vw, 1024px\" \/><\/div>\t\t<\/div>\r\n\t<\/article>\r\n<\/div><div class=\"w-grid-preloader\"><div class=\"g-preloader type_1\">\r\n\t<div><\/div>\r\n<\/div>\r\n<\/div>\t<div class=\"w-grid-json hidden\" onclick='return {&quot;action&quot;:&quot;us_ajax_grid&quot;,&quot;ajax_url&quot;:&quot;https:\\\/\\\/artsystemdeco.com\\\/wp-admin\\\/admin-ajax.php&quot;,&quot;infinite_scroll&quot;:0,&quot;max_num_pages&quot;:1,&quot;pagination&quot;:&quot;none&quot;,&quot;permalink_url&quot;:&quot;https:\\\/\\\/artsystemdeco.com\\\/cs\\\/wp-json\\\/wp\\\/v2\\\/pages\\\/4942\\\/&quot;,&quot;template_vars&quot;:{&quot;columns&quot;:&quot;3&quot;,&quot;exclude_items&quot;:&quot;none&quot;,&quot;img_size&quot;:&quot;default&quot;,&quot;ignore_items_size&quot;:0,&quot;items_layout&quot;:&quot;gallery_default&quot;,&quot;items_offset&quot;:&quot;1&quot;,&quot;load_animation&quot;:&quot;none&quot;,&quot;overriding_link&quot;:&quot;popup_post_image&quot;,&quot;post_id&quot;:4942,&quot;query_args&quot;:{&quot;post_type&quot;:[&quot;attachment&quot;],&quot;post__in&quot;:[&quot;5001&quot;,&quot;1235&quot;,&quot;361&quot;,&quot;362&quot;,&quot;363&quot;,&quot;364&quot;,&quot;365&quot;,&quot;366&quot;,&quot;367&quot;,&quot;368&quot;],&quot;post_status&quot;:&quot;inherit&quot;,&quot;post_mime_type&quot;:&quot;image&quot;,&quot;posts_per_page&quot;:&quot;333&quot;},&quot;orderby_query_args&quot;:{&quot;orderby&quot;:{&quot;post__in&quot;:&quot;ASC&quot;},&quot;order&quot;:&quot;ASC&quot;},&quot;type&quot;:&quot;grid&quot;,&quot;us_grid_ajax_index&quot;:1,&quot;us_grid_filter_params&quot;:null,&quot;us_grid_index&quot;:1,&quot;_us_grid_post_type&quot;:&quot;attachment&quot;,&quot;lang&quot;:&quot;cs&quot;}}'><\/div>\r\n\t<\/div><div class=\"wpb_text_column us_custom_d2571564 copy-text has_text_color\"><div class=\"wpb_wrapper\"><p>Deep Spot v Mszczonov\u011b je nejhlub\u0161\u00ed pot\u00e1p\u011b\u010dsk\u00fd baz\u00e9n v Evrop\u011b.<\/p>\n<p>Spole\u010dnost ArtSystemDeco byla pln\u011b zodpov\u011bdn\u00e1 za vytvo\u0159en\u00ed podvodn\u00edch syst\u00e9m\u016f, kter\u00e9 se nach\u00e1zej\u00ed v r\u016fzn\u00fdch hloubk\u00e1ch a zahrnuj\u00ed:<\/p>\n<ul>\n<li>V\u00edce\u00farov\u0148ov\u00e9 jeskyn\u011b<\/li>\n<li>Stalaktity, stalagmity a stalagn\u00e1ty<\/li>\n<li>Pot\u00e1p\u011b\u010dsk\u00e9 tunely<\/li>\n<li>Dekorace &#8211; imitace hlav bo\u017estev, strom\u016f, ko\u0159en\u016f, li\u00e1n inspirovan\u00e9 atmosf\u00e9rou chr\u00e1mu Angkor Wat.<\/li>\n<\/ul>\n<p>Maxim\u00e1ln\u00ed hloubka vyroben\u00fdch dekorac\u00ed je 25 m<\/p>\n<\/div><\/div><\/div><\/div><\/div><\/div><\/div><\/section>\n","protected":false},"excerpt":{"rendered":"","protected":false},"author":1,"featured_media":0,"parent":4838,"menu_order":0,"comment_status":"closed","ping_status":"closed","template":"","meta":[],"acf":[],"yoast_head":"<!-- This site is optimized with the Yoast SEO plugin v20.13 - https:\/\/yoast.com\/wordpress\/plugins\/seo\/ -->\n<title>Deep Spot Mszczon\u00f3w - ArtSystemDeco<\/title>\n<meta name=\"robots\" content=\"index, follow, max-snippet:-1, max-image-preview:large, max-video-preview:-1\" \/>\n<link rel=\"canonical\" href=\"https:\/\/artsystemdeco.com\/cs\/realizace\/deep-spot-mszczonow\/\" \/>\n<meta property=\"og:locale\" content=\"cs_CZ\" \/>\n<meta property=\"og:type\" content=\"article\" \/>\n<meta property=\"og:title\" content=\"Deep Spot Mszczon\u00f3w - ArtSystemDeco\" \/>\n<meta property=\"og:url\" content=\"https:\/\/artsystemdeco.com\/cs\/realizace\/deep-spot-mszczonow\/\" \/>\n<meta property=\"og:site_name\" content=\"ArtSystemDeco\" \/>\n<meta property=\"article:modified_time\" content=\"2023-10-05T11:42:20+00:00\" \/>\n<meta name=\"twitter:card\" content=\"summary_large_image\" \/>\n<meta name=\"twitter:label1\" content=\"Odhadovan\u00e1 doba \u010dten\u00ed\" \/>\n\t<meta name=\"twitter:data1\" content=\"1 minuta\" \/>\n<script type=\"application\/ld+json\" class=\"yoast-schema-graph\">{\"@context\":\"https:\/\/schema.org\",\"@graph\":[{\"@type\":\"WebPage\",\"@id\":\"https:\/\/artsystemdeco.com\/cs\/realizace\/deep-spot-mszczonow\/\",\"url\":\"https:\/\/artsystemdeco.com\/cs\/realizace\/deep-spot-mszczonow\/\",\"name\":\"Deep Spot Mszczon\u00f3w - ArtSystemDeco\",\"isPartOf\":{\"@id\":\"https:\/\/artsystemdeco.com\/cs\/#website\"},\"datePublished\":\"2023-09-27T06:58:30+00:00\",\"dateModified\":\"2023-10-05T11:42:20+00:00\",\"breadcrumb\":{\"@id\":\"https:\/\/artsystemdeco.com\/cs\/realizace\/deep-spot-mszczonow\/#breadcrumb\"},\"inLanguage\":\"cs\",\"potentialAction\":[{\"@type\":\"ReadAction\",\"target\":[\"https:\/\/artsystemdeco.com\/cs\/realizace\/deep-spot-mszczonow\/\"]}]},{\"@type\":\"BreadcrumbList\",\"@id\":\"https:\/\/artsystemdeco.com\/cs\/realizace\/deep-spot-mszczonow\/#breadcrumb\",\"itemListElement\":[{\"@type\":\"ListItem\",\"position\":1,\"name\":\"Strona g\u0142\u00f3wna\",\"item\":\"https:\/\/artsystemdeco.com\/cs\/\"},{\"@type\":\"ListItem\",\"position\":2,\"name\":\"Realizace\",\"item\":\"https:\/\/artsystemdeco.com\/cs\/realizace\/\"},{\"@type\":\"ListItem\",\"position\":3,\"name\":\"Deep Spot Mszczon\u00f3w\"}]},{\"@type\":\"WebSite\",\"@id\":\"https:\/\/artsystemdeco.com\/cs\/#website\",\"url\":\"https:\/\/artsystemdeco.com\/cs\/\",\"name\":\"ArtSystemDeco\",\"description\":\"\",\"potentialAction\":[{\"@type\":\"SearchAction\",\"target\":{\"@type\":\"EntryPoint\",\"urlTemplate\":\"https:\/\/artsystemdeco.com\/cs\/?s={search_term_string}\"},\"query-input\":\"required name=search_term_string\"}],\"inLanguage\":\"cs\"}]}<\/script>\n<!-- \/ Yoast SEO plugin. -->","yoast_head_json":{"title":"Deep Spot Mszczon\u00f3w - ArtSystemDeco","robots":{"index":"index","follow":"follow","max-snippet":"max-snippet:-1","max-image-preview":"max-image-preview:large","max-video-preview":"max-video-preview:-1"},"canonical":"https:\/\/artsystemdeco.com\/cs\/realizace\/deep-spot-mszczonow\/","og_locale":"cs_CZ","og_type":"article","og_title":"Deep Spot Mszczon\u00f3w - ArtSystemDeco","og_url":"https:\/\/artsystemdeco.com\/cs\/realizace\/deep-spot-mszczonow\/","og_site_name":"ArtSystemDeco","article_modified_time":"2023-10-05T11:42:20+00:00","twitter_card":"summary_large_image","twitter_misc":{"Odhadovan\u00e1 doba \u010dten\u00ed":"1 minuta"},"schema":{"@context":"https:\/\/schema.org","@graph":[{"@type":"WebPage","@id":"https:\/\/artsystemdeco.com\/cs\/realizace\/deep-spot-mszczonow\/","url":"https:\/\/artsystemdeco.com\/cs\/realizace\/deep-spot-mszczonow\/","name":"Deep Spot Mszczon\u00f3w - ArtSystemDeco","isPartOf":{"@id":"https:\/\/artsystemdeco.com\/cs\/#website"},"datePublished":"2023-09-27T06:58:30+00:00","dateModified":"2023-10-05T11:42:20+00:00","breadcrumb":{"@id":"https:\/\/artsystemdeco.com\/cs\/realizace\/deep-spot-mszczonow\/#breadcrumb"},"inLanguage":"cs","potentialAction":[{"@type":"ReadAction","target":["https:\/\/artsystemdeco.com\/cs\/realizace\/deep-spot-mszczonow\/"]}]},{"@type":"BreadcrumbList","@id":"https:\/\/artsystemdeco.com\/cs\/realizace\/deep-spot-mszczonow\/#breadcrumb","itemListElement":[{"@type":"ListItem","position":1,"name":"Strona g\u0142\u00f3wna","item":"https:\/\/artsystemdeco.com\/cs\/"},{"@type":"ListItem","position":2,"name":"Realizace","item":"https:\/\/artsystemdeco.com\/cs\/realizace\/"},{"@type":"ListItem","position":3,"name":"Deep Spot Mszczon\u00f3w"}]},{"@type":"WebSite","@id":"https:\/\/artsystemdeco.com\/cs\/#website","url":"https:\/\/artsystemdeco.com\/cs\/","name":"ArtSystemDeco","description":"","potentialAction":[{"@type":"SearchAction","target":{"@type":"EntryPoint","urlTemplate":"https:\/\/artsystemdeco.com\/cs\/?s={search_term_string}"},"query-input":"required name=search_term_string"}],"inLanguage":"cs"}]}},"_links":{"self":[{"href":"https:\/\/artsystemdeco.com\/cs\/wp-json\/wp\/v2\/pages\/4942"}],"collection":[{"href":"https:\/\/artsystemdeco.com\/cs\/wp-json\/wp\/v2\/pages"}],"about":[{"href":"https:\/\/artsystemdeco.com\/cs\/wp-json\/wp\/v2\/types\/page"}],"author":[{"embeddable":true,"href":"https:\/\/artsystemdeco.com\/cs\/wp-json\/wp\/v2\/users\/1"}],"replies":[{"embeddable":true,"href":"https:\/\/artsystemdeco.com\/cs\/wp-json\/wp\/v2\/comments?post=4942"}],"version-history":[{"count":4,"href":"https:\/\/artsystemdeco.com\/cs\/wp-json\/wp\/v2\/pages\/4942\/revisions"}],"predecessor-version":[{"id":5014,"href":"https:\/\/artsystemdeco.com\/cs\/wp-json\/wp\/v2\/pages\/4942\/revisions\/5014"}],"up":[{"embeddable":true,"href":"https:\/\/artsystemdeco.com\/cs\/wp-json\/wp\/v2\/pages\/4838"}],"wp:attachment":[{"href":"https:\/\/artsystemdeco.com\/cs\/wp-json\/wp\/v2\/media?parent=4942"}],"curies":[{"name":"wp","href":"https:\/\/api.w.org\/{rel}","templated":true}]}}