{"id":2867,"date":"2023-02-26T11:52:57","date_gmt":"2023-02-26T10:52:57","guid":{"rendered":"https:\/\/artsystemdeco.com\/o-firmie\/"},"modified":"2023-04-24T10:57:20","modified_gmt":"2023-04-24T08:57:20","slug":"uber-die-firma","status":"publish","type":"page","link":"https:\/\/artsystemdeco.com\/de\/uber-die-firma\/","title":{"rendered":"\u00dcber die Firma"},"content":{"rendered":"<section class=\"l-section wpb_row right-column-cover-img height_medium\"><div class=\"l-section-h i-cf\"><div class=\"g-cols vc_row via_flex valign_middle type_default stacking_default\"><div class=\"vc_col-sm-12 vc_col-md-6 wpb_column vc_column_container\"><div class=\"vc_column-inner us_custom_7e20fa79 us_animate_this\"><div class=\"wpb_wrapper\"><div class=\"wpb_text_column\"><div class=\"wpb_wrapper\"><h2>\u00dcBER DIE FIRMA<\/h2>\n<\/div><\/div><div class=\"w-separator size_custom with_line width_default thick_1 style_solid color_border align_center\" style=\"height:2px\"><div class=\"w-separator-h\"><\/div><\/div><div class=\"w-separator size_small\"><\/div><div class=\"wpb_text_column\"><div class=\"wpb_wrapper\"><p>ASD SC (ArtSystemDeco &#8211; nach dem Zusammenschluss der Firmen MAF, ADLA, Petreo) ist seit 23 Jahren auf dem Markt t\u00e4tig. Was uns von anderen unterscheidet, ist, dass wir Teams aus hochspezialisierten Mitarbeitern und kooperierenden Unternehmen aufgebaut haben, die es uns erm\u00f6glichen, auch sehr gro\u00dfe Auftr\u00e4ge erfolgreich durchzuf\u00fchren.<br \/>\nWir sind f\u00fchrend bei der Realisierung der ehrgeizigsten, bahnbrechenden und ungew\u00f6hnlichsten Projekte f\u00fcr dekorative Systeme wie k\u00fcnstliche Felsen, k\u00fcnstliche B\u00e4ume, Steinskulpturen, Teiche oder dekorative Fassaden und B\u00f6den. T\u00e4glich werden sie von unseren Architekten und Designern geschaffen, die man getrost als Vision\u00e4re und K\u00fcnstler bezeichnen kann. Wir bieten immer die besten L\u00f6sungen, individuell auf die Bed\u00fcrfnisse der Kunden zugeschnitten, mit langj\u00e4hriger Erfahrung und Wissen aus Hunderten von abgeschlossenen Projekten. Wir kennen keine Grenzen f\u00fcr r\u00e4umliche Sch\u00f6pfungen. Die von ASD entwickelten Dekorationssysteme erf\u00fcllen Ihre Erwartungen.<\/p>\n<\/div><\/div><\/div><\/div><\/div><div class=\"vc_col-sm-12 vc_col-md-6 wpb_column vc_column_container  has_bg_color\"><div class=\"vc_column-inner us_custom_3abb6fb3 us_animate_this\"><div class=\"wpb_wrapper\"><\/div><\/div><\/div><\/div><\/div><\/section><section class=\"l-section wpb_row us_custom_e16716ab o-firmie-iconbox height_medium\"><div class=\"l-section-h i-cf\"><div class=\"g-cols vc_row via_flex valign_top type_default stacking_default\"><div class=\"vc_col-sm-6 vc_col-md-3 wpb_column vc_column_container\"><div class=\"vc_column-inner\"><div class=\"wpb_wrapper\"><div class=\"w-iconbox us_custom_b2399a20 iconpos_top style_default color_primary align_center\"><div class=\"w-iconbox-icon\" style=\"font-size:40px;\"><i class=\"fas fa-bullseye\"><\/i><\/div><div class=\"w-iconbox-meta\"><h3 class=\"w-iconbox-title\">K\u00dcNSTLICHE B\u00c4UME<\/h3><div class=\"w-iconbox-text\"><p>Eine gro\u00dfartige Erg\u00e4nzung f\u00fcr die Gestaltung fast jeder Inneneinrichtung sind Pflanzen. F\u00fcr gr\u00f6\u00dfere R\u00e4umlichkeiten, wie Firmensitze oder Einkaufszentren, sind unsere k\u00fcnstlichen B\u00e4ume ebenfalls eine gute L\u00f6sung. Wir fertigen sie nach Ihrer individuellen Bestellung aus speziellen, zertifizierten, nat\u00fcrlich aussehenden Materialien an.<\/p>\n<\/div><\/div><\/div><div class=\"w-separator size_small\"><\/div><\/div><\/div><\/div><div class=\"vc_col-sm-6 vc_col-md-3 wpb_column vc_column_container\"><div class=\"vc_column-inner\"><div class=\"wpb_wrapper\"><div class=\"w-iconbox us_custom_b2399a20 iconpos_top style_default color_primary align_center\"><div class=\"w-iconbox-icon\" style=\"font-size:40px;\"><i class=\"fas fa-bullseye\"><\/i><\/div><div class=\"w-iconbox-meta\"><h3 class=\"w-iconbox-title\">WASSERF\u00c4LLE UND TEICHE<\/h3><div class=\"w-iconbox-text\"><p>Wenn Sie eine sch\u00f6ne gr\u00fcne Ecke auf Ihrem Grundst\u00fcck oder in Ihrem Garten schaffen wollen, kommen Sie zu uns und bestellen Sie einen Wasserfall oder einen Teich nach Ma\u00df.<br \/>\nSagen Sie uns einfach, wo es sein soll und wie es aussehen soll und unsere Spezialisten k\u00fcmmern sich um den Rest. So erhalten Sie in kurzer Zeit einen wundersch\u00f6nen Ort zum Entspannen.<\/p>\n<\/div><\/div><\/div><div class=\"w-separator size_small\"><\/div><\/div><\/div><\/div><div class=\"vc_col-sm-6 vc_col-md-3 wpb_column vc_column_container\"><div class=\"vc_column-inner\"><div class=\"wpb_wrapper\"><div class=\"w-iconbox us_custom_b2399a20 iconpos_top style_default color_primary align_center\"><div class=\"w-iconbox-icon\" style=\"font-size:40px;\"><i class=\"fas fa-bullseye\"><\/i><\/div><div class=\"w-iconbox-meta\"><h3 class=\"w-iconbox-title\">DEKORATIVE FASSADEN AUS STEIN<\/h3><div class=\"w-iconbox-text\"><p>Besonders beeindruckend sind die dekorativen Fassaden, die von unserem Unternehmen unter anderem aus Steinimitat hergestellt werden. Je nach den Bed\u00fcrfnissen und Erwartungen der Kunden k\u00f6nnen sie alte Steinmauern, Ziegelmauern, moderne und innovative Fassaden aus Sandsteinimitation, Marmor, Granit, Architekturbeton usw. imitieren. Sie verleihen jeder Fassade sicherlich ein einzigartiges Aussehen. Der Schl\u00fcssel liegt in der Herstellung einer dekorativen Fassade ohne Materialverlust. Bei unseren Projekten gibt es keine Abf\u00e4lle, Verschnitt oder Reste. Wir schaffen dekorative Fassaden als monolithische Einheiten, in die keine Feuchtigkeit, kein Wasser eindringt.<br \/>\nDadurch gew\u00e4hrleisten wir eine langj\u00e4hrige Haltbarkeit und Best\u00e4ndigkeit gegen Witterungsbedingungen, UV-Strahlung, Pilzwachstum, Algen usw.<\/p>\n<\/div><\/div><\/div><div class=\"w-separator size_small\"><\/div><\/div><\/div><\/div><div class=\"vc_col-sm-6 vc_col-md-3 wpb_column vc_column_container\"><div class=\"vc_column-inner\"><div class=\"wpb_wrapper\"><div class=\"w-iconbox us_custom_b2399a20 iconpos_top style_default color_primary align_center\"><div class=\"w-iconbox-icon\" style=\"font-size:40px;\"><i class=\"fas fa-bullseye\"><\/i><\/div><div class=\"w-iconbox-meta\"><h3 class=\"w-iconbox-title\">STEINSKULPTUREN<\/h3><div class=\"w-iconbox-text\"><p>In unserem Unternehmen achten wir stets darauf, unseren Kunden ein umfassendes Angebot an Dienstleistungen zu bieten, das auch den Erwartungen der anspruchsvollsten Kunden gerecht wird. Deshalb bieten wir eine gro\u00dfe Auswahl an einzigartigen, ma\u00dfgeschneiderten Steinskulpturen an. Je nach Bedarf kann es sich dabei sowohl um kleine, zarte Ornamente als auch um lebensgro\u00dfe menschliche Figuren oder Tierfiguren handeln. Wir k\u00f6nnen Skulpturen aus Stahl, Messing, Sandstein, Granit imitieren.<\/p>\n<\/div><\/div><\/div><div class=\"w-separator size_small\"><\/div><\/div><\/div><\/div><div class=\"vc_col-sm-6 vc_col-md-3 wpb_column vc_column_container\"><div class=\"vc_column-inner\"><div class=\"wpb_wrapper\"><div class=\"w-iconbox us_custom_b2399a20 iconpos_top style_default color_primary align_center\"><div class=\"w-iconbox-icon\" style=\"font-size:40px;\"><i class=\"fas fa-bullseye\"><\/i><\/div><div class=\"w-iconbox-meta\"><h3 class=\"w-iconbox-title\">3D FELSEN<\/h3><div class=\"w-iconbox-text\"><p>Suchen Sie nach interessanten M\u00f6glichkeiten, eine einzigartige Atmosph\u00e4re in Ihrem Garten zu schaffen? W\u00e4hlen Sie aus unserem Angebot 3D-Felsen, aus denen wir dekorative Durchg\u00e4nge, B\u00f6gen, Felsspalten und andere Konstruktionen f\u00fcr Sie erstellen. Wir f\u00fchren auch Auftr\u00e4ge f\u00fcr Vergn\u00fcgungsparks und Wasserparks aus. Wir bieten attraktive Preise, Anpassung an individuelle Bed\u00fcrfnisse und realistisches Erscheinungsbild.<\/p>\n<\/div><\/div><\/div><\/div><\/div><\/div><div class=\"vc_col-sm-6 vc_col-md-3 wpb_column vc_column_container\"><div class=\"vc_column-inner\"><div class=\"wpb_wrapper\"><div class=\"w-iconbox us_custom_b2399a20 iconpos_top style_default color_primary align_center\"><div class=\"w-iconbox-icon\" style=\"font-size:40px;\"><i class=\"fas fa-bullseye\"><\/i><\/div><div class=\"w-iconbox-meta\"><h3 class=\"w-iconbox-title\">FELSEN IM GARTEN<\/h3><div class=\"w-iconbox-text\"><p class=\"western\" lang=\"pl-PL\"><span lang=\"de-DE\">Um den Erwartungen unserer Kunden gerecht zu werden, bieten wir eine breite Palette von Strukturen an, darunter auch \u00e4sthetische Felsen im Garten. Wir stellen sie individuell her, indem wir jeden Quadratzentimeter der Oberfl\u00e4che der k\u00fcnstlichen Felsformation modellieren, um ein m\u00f6glichst realistisches Aussehen zu erzielen, und gleichzeitig ihre Form, Farbe oder Struktur an die Bed\u00fcrfnisse und Erwartungen des Kunden anzupassen.<\/span><\/p>\n<\/div><\/div><\/div><\/div><\/div><\/div><div class=\"vc_col-sm-12 vc_col-md-3 wpb_column vc_column_container\"><div class=\"vc_column-inner\"><div class=\"wpb_wrapper\"><div class=\"w-iconbox us_custom_b2399a20 iconpos_top style_default color_primary align_center\"><div class=\"w-iconbox-icon\" style=\"font-size:40px;\"><i class=\"fas fa-bullseye\"><\/i><\/div><div class=\"w-iconbox-meta\"><h3 class=\"w-iconbox-title\">KUNSTFELSEN<\/h3><div class=\"w-iconbox-text\"><p>Wir schaffen k\u00fcnstliches Gestein, das nat\u00fcrliche Gestein widerspiegelt, das in der Natur existiert, einschlie\u00dflich Unterwassergestein. Sie k\u00f6nnen jede Gr\u00f6\u00dfe von Felsformationen sein, die nach individuellen Bed\u00fcrfnissen geformt werden; dekorative oder n\u00fctzliche Elemente in Zoos, Wasserparks, Vergn\u00fcgungsparks, Hotels, Restaurants, sakralen Objekten, SPA, Wellness, Themenparks. Wir entwerfen und bauen Felsh\u00f6hlen, Eish\u00f6hlen, Felsformationen mit Wasserf\u00e4llen, Felsformationen mit Teichen, Seen.<\/p>\n<\/div><\/div><\/div><\/div><\/div><\/div><div class=\"vc_col-sm-6 vc_col-md-3 wpb_column vc_column_container\"><div class=\"vc_column-inner\"><div class=\"wpb_wrapper\"><div class=\"w-iconbox us_custom_b2399a20 iconpos_top style_default color_primary align_center\"><div class=\"w-iconbox-icon\" style=\"font-size:40px;\"><i class=\"fas fa-bullseye\"><\/i><\/div><div class=\"w-iconbox-meta\"><h3 class=\"w-iconbox-title\">SPIELPL\u00c4TZE<\/h3><div class=\"w-iconbox-text\"><p>Die Verwendung von k\u00fcnstlichen Steinen, riesigen Gestaltungsm\u00f6glichkeiten und die M\u00f6glichkeit, speziell entworfene dekorative und n\u00fctzliche Objekte speziell f\u00fcr Spielpl\u00e4tze zu schaffen, hat es unserer Firma erm\u00f6glicht, viele nicht standardm\u00e4\u00dfige, einzigartige Attraktionen f\u00fcr Kinder erfolgreich zu realisieren.<\/p>\n<\/div><\/div><\/div><\/div><\/div><\/div><\/div><\/div><\/section><section class=\"l-section wpb_row thin-content height_medium\" id=\"referencje\"><div class=\"l-section-h i-cf\"><div class=\"g-cols vc_row via_flex valign_top type_default stacking_default\"><div class=\"vc_col-sm-12 wpb_column vc_column_container\"><div class=\"vc_column-inner us_custom_60e9caca us_animate_this\"><div class=\"wpb_wrapper\"><div class=\"wpb_text_column\"><div class=\"wpb_wrapper\"><h2 style=\"text-align: center;\">REFERENZEN<\/h2>\n<\/div><\/div><div class=\"w-separator size_custom with_line width_default thick_1 style_solid color_border align_center\" style=\"height:2px\"><div class=\"w-separator-h\"><\/div><\/div><div class=\"w-separator size_small\"><\/div><div class=\"w-grid type_grid layout_gallery_default cols_4\" id=\"us_grid_1\" data-filterable=\"true\"><style>#us_grid_1 .w-grid-item{padding:5px}#us_grid_1 .w-grid-list{margin:-5px}.w-grid + #us_grid_1 .w-grid-list,.w-grid-none + #us_grid_1 .w-grid-list{margin-top:5px}@media (max-width:1199px){#us_grid_1 .w-grid-item{width:33.3333%}}@media (max-width:899px){#us_grid_1 .w-grid-item{width:50%}}@media (max-width:599px){#us_grid_1 .w-grid-item{width:50%}}.layout_gallery_default .w-grid-item-h{}<\/style><div class=\"w-grid-list\">\t<article class=\"w-grid-item post-1969 attachment type-attachment status-inherit hentry\" data-id=\"1969\">\r\n\t\t<div class=\"w-grid-item-h\">\r\n\t\t\t\t\t\t\t<a class=\"w-grid-item-anchor\" href=\"https:\/\/artsystemdeco.com\/wp-content\/uploads\/2023\/02\/Zoo-Lodz-2.jpg\" ref=\"magnificPopupGrid\" title aria-label><\/a>\r\n\t\t\t\t\t\t<div class=\"w-post-elm post_image usg_post_image_1 stretched\"><img width=\"600\" height=\"826\" src=\"https:\/\/artsystemdeco.com\/wp-content\/uploads\/2023\/02\/Zoo-Lodz-2.jpg\" class=\"attachment-large size-large\" alt=\"\" decoding=\"async\" loading=\"lazy\" srcset=\"https:\/\/artsystemdeco.com\/wp-content\/uploads\/2023\/02\/Zoo-Lodz-2.jpg 600w, https:\/\/artsystemdeco.com\/wp-content\/uploads\/2023\/02\/Zoo-Lodz-2-218x300.jpg 218w\" sizes=\"(max-width: 600px) 100vw, 600px\" \/><\/div>\t\t<\/div>\r\n\t<\/article>\r\n\t<article class=\"w-grid-item post-1971 attachment type-attachment status-inherit hentry\" data-id=\"1971\">\r\n\t\t<div class=\"w-grid-item-h\">\r\n\t\t\t\t\t\t\t<a class=\"w-grid-item-anchor\" href=\"https:\/\/artsystemdeco.com\/wp-content\/uploads\/2023\/02\/Referencje-SWM.jpg\" ref=\"magnificPopupGrid\" title aria-label><\/a>\r\n\t\t\t\t\t\t<div class=\"w-post-elm post_image usg_post_image_1 stretched\"><img width=\"600\" height=\"856\" src=\"https:\/\/artsystemdeco.com\/wp-content\/uploads\/2023\/02\/Referencje-SWM.jpg\" class=\"attachment-large size-large\" alt=\"\" decoding=\"async\" loading=\"lazy\" srcset=\"https:\/\/artsystemdeco.com\/wp-content\/uploads\/2023\/02\/Referencje-SWM.jpg 600w, https:\/\/artsystemdeco.com\/wp-content\/uploads\/2023\/02\/Referencje-SWM-210x300.jpg 210w\" sizes=\"(max-width: 600px) 100vw, 600px\" \/><\/div>\t\t<\/div>\r\n\t<\/article>\r\n\t<article class=\"w-grid-item post-1973 attachment type-attachment status-inherit hentry\" data-id=\"1973\">\r\n\t\t<div class=\"w-grid-item-h\">\r\n\t\t\t\t\t\t\t<a class=\"w-grid-item-anchor\" href=\"https:\/\/artsystemdeco.com\/wp-content\/uploads\/2023\/02\/Referencje-Zoo-Krakw.jpg\" ref=\"magnificPopupGrid\" title aria-label><\/a>\r\n\t\t\t\t\t\t<div class=\"w-post-elm post_image usg_post_image_1 stretched\"><img width=\"600\" height=\"855\" src=\"https:\/\/artsystemdeco.com\/wp-content\/uploads\/2023\/02\/Referencje-Zoo-Krakw.jpg\" class=\"attachment-large size-large\" alt=\"\" decoding=\"async\" loading=\"lazy\" srcset=\"https:\/\/artsystemdeco.com\/wp-content\/uploads\/2023\/02\/Referencje-Zoo-Krakw.jpg 600w, https:\/\/artsystemdeco.com\/wp-content\/uploads\/2023\/02\/Referencje-Zoo-Krakw-211x300.jpg 211w\" sizes=\"(max-width: 600px) 100vw, 600px\" \/><\/div>\t\t<\/div>\r\n\t<\/article>\r\n\t<article class=\"w-grid-item post-1975 attachment type-attachment status-inherit hentry\" data-id=\"1975\">\r\n\t\t<div class=\"w-grid-item-h\">\r\n\t\t\t\t\t\t\t<a class=\"w-grid-item-anchor\" href=\"https:\/\/artsystemdeco.com\/wp-content\/uploads\/2023\/02\/Nagroda-Budowa-Roku-2017_0001.jpg\" ref=\"magnificPopupGrid\" title aria-label><\/a>\r\n\t\t\t\t\t\t<div class=\"w-post-elm post_image usg_post_image_1 stretched\"><img width=\"600\" height=\"855\" src=\"https:\/\/artsystemdeco.com\/wp-content\/uploads\/2023\/02\/Nagroda-Budowa-Roku-2017_0001.jpg\" class=\"attachment-large size-large\" alt=\"\" decoding=\"async\" loading=\"lazy\" srcset=\"https:\/\/artsystemdeco.com\/wp-content\/uploads\/2023\/02\/Nagroda-Budowa-Roku-2017_0001.jpg 600w, https:\/\/artsystemdeco.com\/wp-content\/uploads\/2023\/02\/Nagroda-Budowa-Roku-2017_0001-211x300.jpg 211w\" sizes=\"(max-width: 600px) 100vw, 600px\" \/><\/div>\t\t<\/div>\r\n\t<\/article>\r\n\t<article class=\"w-grid-item post-1977 attachment type-attachment status-inherit hentry\" data-id=\"1977\">\r\n\t\t<div class=\"w-grid-item-h\">\r\n\t\t\t\t\t\t\t<a class=\"w-grid-item-anchor\" href=\"https:\/\/artsystemdeco.com\/wp-content\/uploads\/2023\/02\/Referencje-Ersbet.jpg\" ref=\"magnificPopupGrid\" title aria-label><\/a>\r\n\t\t\t\t\t\t<div class=\"w-post-elm post_image usg_post_image_1 stretched\"><img width=\"600\" height=\"856\" src=\"https:\/\/artsystemdeco.com\/wp-content\/uploads\/2023\/02\/Referencje-Ersbet.jpg\" class=\"attachment-large size-large\" alt=\"\" decoding=\"async\" loading=\"lazy\" srcset=\"https:\/\/artsystemdeco.com\/wp-content\/uploads\/2023\/02\/Referencje-Ersbet.jpg 600w, https:\/\/artsystemdeco.com\/wp-content\/uploads\/2023\/02\/Referencje-Ersbet-210x300.jpg 210w\" sizes=\"(max-width: 600px) 100vw, 600px\" \/><\/div>\t\t<\/div>\r\n\t<\/article>\r\n\t<article class=\"w-grid-item post-1979 attachment type-attachment status-inherit hentry\" data-id=\"1979\">\r\n\t\t<div class=\"w-grid-item-h\">\r\n\t\t\t\t\t\t\t<a class=\"w-grid-item-anchor\" href=\"https:\/\/artsystemdeco.com\/wp-content\/uploads\/2023\/02\/List-referencyjny-Zoo-Ostrava-PL.jpg\" ref=\"magnificPopupGrid\" title aria-label><\/a>\r\n\t\t\t\t\t\t<div class=\"w-post-elm post_image usg_post_image_1 stretched\"><img width=\"600\" height=\"856\" src=\"https:\/\/artsystemdeco.com\/wp-content\/uploads\/2023\/02\/List-referencyjny-Zoo-Ostrava-PL.jpg\" class=\"attachment-large size-large\" alt=\"\" decoding=\"async\" loading=\"lazy\" srcset=\"https:\/\/artsystemdeco.com\/wp-content\/uploads\/2023\/02\/List-referencyjny-Zoo-Ostrava-PL.jpg 600w, https:\/\/artsystemdeco.com\/wp-content\/uploads\/2023\/02\/List-referencyjny-Zoo-Ostrava-PL-210x300.jpg 210w\" sizes=\"(max-width: 600px) 100vw, 600px\" \/><\/div>\t\t<\/div>\r\n\t<\/article>\r\n\t<article class=\"w-grid-item post-1981 attachment type-attachment status-inherit hentry\" data-id=\"1981\">\r\n\t\t<div class=\"w-grid-item-h\">\r\n\t\t\t\t\t\t\t<a class=\"w-grid-item-anchor\" href=\"https:\/\/artsystemdeco.com\/wp-content\/uploads\/2023\/02\/Nagroda-Budowa-Roku-2017.jpg\" ref=\"magnificPopupGrid\" title aria-label><\/a>\r\n\t\t\t\t\t\t<div class=\"w-post-elm post_image usg_post_image_1 stretched\"><img width=\"600\" height=\"855\" src=\"https:\/\/artsystemdeco.com\/wp-content\/uploads\/2023\/02\/Nagroda-Budowa-Roku-2017.jpg\" class=\"attachment-large size-large\" alt=\"\" decoding=\"async\" loading=\"lazy\" srcset=\"https:\/\/artsystemdeco.com\/wp-content\/uploads\/2023\/02\/Nagroda-Budowa-Roku-2017.jpg 600w, https:\/\/artsystemdeco.com\/wp-content\/uploads\/2023\/02\/Nagroda-Budowa-Roku-2017-211x300.jpg 211w\" sizes=\"(max-width: 600px) 100vw, 600px\" \/><\/div>\t\t<\/div>\r\n\t<\/article>\r\n<\/div><div class=\"w-grid-preloader\"><div class=\"g-preloader type_1\">\r\n\t<div><\/div>\r\n<\/div>\r\n<\/div>\t<div class=\"w-grid-json hidden\" onclick='return {&quot;action&quot;:&quot;us_ajax_grid&quot;,&quot;ajax_url&quot;:&quot;https:\\\/\\\/artsystemdeco.com\\\/wp-admin\\\/admin-ajax.php&quot;,&quot;infinite_scroll&quot;:0,&quot;max_num_pages&quot;:1,&quot;pagination&quot;:&quot;none&quot;,&quot;permalink_url&quot;:&quot;https:\\\/\\\/artsystemdeco.com\\\/de\\\/wp-json\\\/wp\\\/v2\\\/pages\\\/2867\\\/&quot;,&quot;template_vars&quot;:{&quot;columns&quot;:&quot;4&quot;,&quot;exclude_items&quot;:&quot;none&quot;,&quot;img_size&quot;:&quot;default&quot;,&quot;ignore_items_size&quot;:0,&quot;items_layout&quot;:&quot;gallery_default&quot;,&quot;items_offset&quot;:&quot;1&quot;,&quot;load_animation&quot;:&quot;none&quot;,&quot;overriding_link&quot;:&quot;popup_post_image&quot;,&quot;post_id&quot;:2867,&quot;query_args&quot;:{&quot;post_type&quot;:[&quot;attachment&quot;],&quot;post__in&quot;:[&quot;81&quot;,&quot;82&quot;,&quot;83&quot;,&quot;84&quot;,&quot;85&quot;,&quot;86&quot;,&quot;87&quot;],&quot;post_status&quot;:&quot;inherit&quot;,&quot;post_mime_type&quot;:&quot;image&quot;,&quot;posts_per_page&quot;:&quot;7&quot;},&quot;orderby_query_args&quot;:{&quot;orderby&quot;:{&quot;date&quot;:&quot;ASC&quot;}},&quot;type&quot;:&quot;grid&quot;,&quot;us_grid_ajax_index&quot;:1,&quot;us_grid_filter_params&quot;:null,&quot;us_grid_index&quot;:1,&quot;_us_grid_post_type&quot;:&quot;attachment&quot;,&quot;lang&quot;:&quot;de&quot;}}'><\/div>\r\n\t<\/div><\/div><\/div><\/div><\/div><\/div><\/section>\n","protected":false},"excerpt":{"rendered":"","protected":false},"author":1,"featured_media":0,"parent":0,"menu_order":0,"comment_status":"closed","ping_status":"closed","template":"","meta":[],"acf":[],"yoast_head":"<!-- This site is optimized with the Yoast SEO plugin v20.13 - https:\/\/yoast.com\/wordpress\/plugins\/seo\/ -->\n<title>\u00dcber die Firma - ArtSystemDeco<\/title>\n<meta name=\"robots\" content=\"index, follow, max-snippet:-1, max-image-preview:large, max-video-preview:-1\" \/>\n<link rel=\"canonical\" href=\"https:\/\/artsystemdeco.com\/de\/uber-die-firma\/\" \/>\n<meta property=\"og:locale\" content=\"de_DE\" \/>\n<meta property=\"og:type\" content=\"article\" \/>\n<meta property=\"og:title\" content=\"\u00dcber die Firma - ArtSystemDeco\" \/>\n<meta property=\"og:url\" content=\"https:\/\/artsystemdeco.com\/de\/uber-die-firma\/\" \/>\n<meta property=\"og:site_name\" content=\"ArtSystemDeco\" \/>\n<meta property=\"article:modified_time\" content=\"2023-04-24T08:57:20+00:00\" \/>\n<meta name=\"twitter:card\" content=\"summary_large_image\" \/>\n<meta name=\"twitter:label1\" content=\"Gesch\u00e4tzte Lesezeit\" \/>\n\t<meta name=\"twitter:data1\" content=\"5\u00a0Minuten\" \/>\n<script type=\"application\/ld+json\" class=\"yoast-schema-graph\">{\"@context\":\"https:\/\/schema.org\",\"@graph\":[{\"@type\":\"WebPage\",\"@id\":\"https:\/\/artsystemdeco.com\/de\/uber-die-firma\/\",\"url\":\"https:\/\/artsystemdeco.com\/de\/uber-die-firma\/\",\"name\":\"\u00dcber die Firma - ArtSystemDeco\",\"isPartOf\":{\"@id\":\"https:\/\/artsystemdeco.com\/de\/#website\"},\"datePublished\":\"2023-02-26T10:52:57+00:00\",\"dateModified\":\"2023-04-24T08:57:20+00:00\",\"breadcrumb\":{\"@id\":\"https:\/\/artsystemdeco.com\/de\/uber-die-firma\/#breadcrumb\"},\"inLanguage\":\"de\",\"potentialAction\":[{\"@type\":\"ReadAction\",\"target\":[\"https:\/\/artsystemdeco.com\/de\/uber-die-firma\/\"]}]},{\"@type\":\"BreadcrumbList\",\"@id\":\"https:\/\/artsystemdeco.com\/de\/uber-die-firma\/#breadcrumb\",\"itemListElement\":[{\"@type\":\"ListItem\",\"position\":1,\"name\":\"Strona g\u0142\u00f3wna\",\"item\":\"https:\/\/artsystemdeco.com\/de\/\"},{\"@type\":\"ListItem\",\"position\":2,\"name\":\"\u00dcber die Firma\"}]},{\"@type\":\"WebSite\",\"@id\":\"https:\/\/artsystemdeco.com\/de\/#website\",\"url\":\"https:\/\/artsystemdeco.com\/de\/\",\"name\":\"ArtSystemDeco\",\"description\":\"\",\"potentialAction\":[{\"@type\":\"SearchAction\",\"target\":{\"@type\":\"EntryPoint\",\"urlTemplate\":\"https:\/\/artsystemdeco.com\/de\/?s={search_term_string}\"},\"query-input\":\"required name=search_term_string\"}],\"inLanguage\":\"de\"}]}<\/script>\n<!-- \/ Yoast SEO plugin. -->","yoast_head_json":{"title":"\u00dcber die Firma - ArtSystemDeco","robots":{"index":"index","follow":"follow","max-snippet":"max-snippet:-1","max-image-preview":"max-image-preview:large","max-video-preview":"max-video-preview:-1"},"canonical":"https:\/\/artsystemdeco.com\/de\/uber-die-firma\/","og_locale":"de_DE","og_type":"article","og_title":"\u00dcber die Firma - ArtSystemDeco","og_url":"https:\/\/artsystemdeco.com\/de\/uber-die-firma\/","og_site_name":"ArtSystemDeco","article_modified_time":"2023-04-24T08:57:20+00:00","twitter_card":"summary_large_image","twitter_misc":{"Gesch\u00e4tzte Lesezeit":"5\u00a0Minuten"},"schema":{"@context":"https:\/\/schema.org","@graph":[{"@type":"WebPage","@id":"https:\/\/artsystemdeco.com\/de\/uber-die-firma\/","url":"https:\/\/artsystemdeco.com\/de\/uber-die-firma\/","name":"\u00dcber die Firma - ArtSystemDeco","isPartOf":{"@id":"https:\/\/artsystemdeco.com\/de\/#website"},"datePublished":"2023-02-26T10:52:57+00:00","dateModified":"2023-04-24T08:57:20+00:00","breadcrumb":{"@id":"https:\/\/artsystemdeco.com\/de\/uber-die-firma\/#breadcrumb"},"inLanguage":"de","potentialAction":[{"@type":"ReadAction","target":["https:\/\/artsystemdeco.com\/de\/uber-die-firma\/"]}]},{"@type":"BreadcrumbList","@id":"https:\/\/artsystemdeco.com\/de\/uber-die-firma\/#breadcrumb","itemListElement":[{"@type":"ListItem","position":1,"name":"Strona g\u0142\u00f3wna","item":"https:\/\/artsystemdeco.com\/de\/"},{"@type":"ListItem","position":2,"name":"\u00dcber die Firma"}]},{"@type":"WebSite","@id":"https:\/\/artsystemdeco.com\/de\/#website","url":"https:\/\/artsystemdeco.com\/de\/","name":"ArtSystemDeco","description":"","potentialAction":[{"@type":"SearchAction","target":{"@type":"EntryPoint","urlTemplate":"https:\/\/artsystemdeco.com\/de\/?s={search_term_string}"},"query-input":"required name=search_term_string"}],"inLanguage":"de"}]}},"_links":{"self":[{"href":"https:\/\/artsystemdeco.com\/de\/wp-json\/wp\/v2\/pages\/2867"}],"collection":[{"href":"https:\/\/artsystemdeco.com\/de\/wp-json\/wp\/v2\/pages"}],"about":[{"href":"https:\/\/artsystemdeco.com\/de\/wp-json\/wp\/v2\/types\/page"}],"author":[{"embeddable":true,"href":"https:\/\/artsystemdeco.com\/de\/wp-json\/wp\/v2\/users\/1"}],"replies":[{"embeddable":true,"href":"https:\/\/artsystemdeco.com\/de\/wp-json\/wp\/v2\/comments?post=2867"}],"version-history":[{"count":3,"href":"https:\/\/artsystemdeco.com\/de\/wp-json\/wp\/v2\/pages\/2867\/revisions"}],"predecessor-version":[{"id":3038,"href":"https:\/\/artsystemdeco.com\/de\/wp-json\/wp\/v2\/pages\/2867\/revisions\/3038"}],"wp:attachment":[{"href":"https:\/\/artsystemdeco.com\/de\/wp-json\/wp\/v2\/media?parent=2867"}],"curies":[{"name":"wp","href":"https:\/\/api.w.org\/{rel}","templated":true}]}}