{"id":2878,"date":"2023-02-26T11:58:41","date_gmt":"2023-02-26T10:58:41","guid":{"rendered":"https:\/\/artsystemdeco.com\/galeria\/"},"modified":"2023-09-27T08:59:41","modified_gmt":"2023-09-27T06:59:41","slug":"galerie","status":"publish","type":"page","link":"https:\/\/artsystemdeco.com\/de\/galerie\/","title":{"rendered":"Galerie"},"content":{"rendered":"<section class=\"l-section wpb_row us_custom_a21ea65f thin-content height_auto with_img\"><div class=\"l-section-img\" style=\"background-image: url(https:\/\/artsystemdeco.com\/wp-content\/uploads\/2023\/02\/BGG.jpg);background-repeat: no-repeat;\" data-img-width=\"1800\" data-img-height=\"600\"><\/div><div class=\"l-section-h i-cf\"><div class=\"g-cols vc_row via_flex valign_middle type_default stacking_default\"><div class=\"vc_col-sm-12 wpb_column vc_column_container\"><div class=\"vc_column-inner\"><div class=\"wpb_wrapper\"><h1 class=\"w-post-elm post_title us_custom_409b4cb1 align_right entry-title color_link_inherit\">Galerie<\/h1><\/div><\/div><\/div><\/div><\/div><\/section><section class=\"l-section wpb_row o-firmie-iconbox thin-content height_medium\"><div class=\"l-section-h i-cf\"><div class=\"g-cols vc_row via_flex valign_top type_default stacking_default\"><div class=\"vc_col-sm-6 vc_col-md-4 vc_col-xs-12 wpb_column vc_column_container\"><div class=\"vc_column-inner\"><div class=\"wpb_wrapper\"><div class=\"w-iconbox us_custom_b2399a20 service-article iconpos_top style_default color_primary align_center no_text icontype_img\"><a href=\"\/de\/galerie\/kunstliches-gestien\/\" class=\"w-iconbox-link\" aria-label=\"K\u00dcNSTLICHES GESTEIN\"><div class=\"w-iconbox-icon\"><img width=\"600\" height=\"400\" src=\"https:\/\/artsystemdeco.com\/wp-content\/uploads\/2023\/09\/galeria-sztuczne-skaly.jpg\" class=\"attachment-full size-full\" alt=\"\" decoding=\"async\" loading=\"lazy\" srcset=\"https:\/\/artsystemdeco.com\/wp-content\/uploads\/2023\/09\/galeria-sztuczne-skaly.jpg 600w, https:\/\/artsystemdeco.com\/wp-content\/uploads\/2023\/09\/galeria-sztuczne-skaly-300x200.jpg 300w\" sizes=\"(max-width: 600px) 100vw, 600px\" \/><\/div><\/a><div class=\"w-iconbox-meta\"><a href=\"\/de\/galerie\/kunstliches-gestien\/\" class=\"w-iconbox-link\" aria-label=\"K\u00dcNSTLICHES GESTEIN\"><h3 class=\"w-iconbox-title\">K\u00dcNSTLICHES GESTEIN<\/h3><\/a><\/div><\/div><div class=\"w-separator size_small\"><\/div><\/div><\/div><\/div><div class=\"vc_col-sm-6 vc_col-md-4 vc_col-xs-12 wpb_column vc_column_container\"><div class=\"vc_column-inner\"><div class=\"wpb_wrapper\"><div class=\"w-iconbox us_custom_b2399a20 service-article iconpos_top style_default color_primary align_center no_text icontype_img\"><a href=\"\/de\/angebot\/kunstliche-hybridbaume\/\" class=\"w-iconbox-link\" aria-label=\"K\u00dcNSTLICHE HYBRIDB\u00c4UME\"><div class=\"w-iconbox-icon\"><img width=\"600\" height=\"400\" src=\"https:\/\/artsystemdeco.com\/wp-content\/uploads\/2023\/09\/galeria-drzewa.jpg\" class=\"attachment-full size-full\" alt=\"\" decoding=\"async\" loading=\"lazy\" srcset=\"https:\/\/artsystemdeco.com\/wp-content\/uploads\/2023\/09\/galeria-drzewa.jpg 600w, https:\/\/artsystemdeco.com\/wp-content\/uploads\/2023\/09\/galeria-drzewa-300x200.jpg 300w\" sizes=\"(max-width: 600px) 100vw, 600px\" \/><\/div><\/a><div class=\"w-iconbox-meta\"><a href=\"\/de\/angebot\/kunstliche-hybridbaume\/\" class=\"w-iconbox-link\" aria-label=\"K\u00dcNSTLICHE HYBRIDB\u00c4UME\"><h3 class=\"w-iconbox-title\">K\u00dcNSTLICHE HYBRIDB\u00c4UME<\/h3><\/a><\/div><\/div><div class=\"w-separator size_small\"><\/div><\/div><\/div><\/div><div class=\"vc_col-sm-6 vc_col-md-4 vc_col-xs-12 wpb_column vc_column_container\"><div class=\"vc_column-inner\"><div class=\"wpb_wrapper\"><div class=\"w-iconbox us_custom_b2399a20 service-article iconpos_top style_default color_primary align_center no_text icontype_img\"><a href=\"\/de\/galerie\/dekorputz\/\" class=\"w-iconbox-link\" aria-label=\"DEKORPUTZ\"><div class=\"w-iconbox-icon\"><img width=\"600\" height=\"400\" src=\"https:\/\/artsystemdeco.com\/wp-content\/uploads\/2023\/09\/galeria-tynki.jpg\" class=\"attachment-full size-full\" alt=\"\" decoding=\"async\" loading=\"lazy\" srcset=\"https:\/\/artsystemdeco.com\/wp-content\/uploads\/2023\/09\/galeria-tynki.jpg 600w, https:\/\/artsystemdeco.com\/wp-content\/uploads\/2023\/09\/galeria-tynki-300x200.jpg 300w\" sizes=\"(max-width: 600px) 100vw, 600px\" \/><\/div><\/a><div class=\"w-iconbox-meta\"><a href=\"\/de\/galerie\/dekorputz\/\" class=\"w-iconbox-link\" aria-label=\"DEKORPUTZ\"><h3 class=\"w-iconbox-title\">DEKORPUTZ<\/h3><\/a><\/div><\/div><div class=\"w-separator size_small\"><\/div><\/div><\/div><\/div><div class=\"vc_col-sm-6 vc_col-md-4 vc_col-xs-12 wpb_column vc_column_container\"><div class=\"vc_column-inner\"><div class=\"wpb_wrapper\"><div class=\"w-iconbox us_custom_b2399a20 service-article iconpos_top style_default color_primary align_center no_text icontype_img\"><a href=\"\/de\/angebot\/betonboden-und-treppen\/\" class=\"w-iconbox-link\" aria-label=\"BETONB\u00d6DEN UND -TREPPEN\"><div class=\"w-iconbox-icon\"><img width=\"600\" height=\"400\" src=\"https:\/\/artsystemdeco.com\/wp-content\/uploads\/2023\/09\/galeria-posadzki.jpg\" class=\"attachment-full size-full\" alt=\"\" decoding=\"async\" loading=\"lazy\" srcset=\"https:\/\/artsystemdeco.com\/wp-content\/uploads\/2023\/09\/galeria-posadzki.jpg 600w, https:\/\/artsystemdeco.com\/wp-content\/uploads\/2023\/09\/galeria-posadzki-300x200.jpg 300w\" sizes=\"(max-width: 600px) 100vw, 600px\" \/><\/div><\/a><div class=\"w-iconbox-meta\"><a href=\"\/de\/angebot\/betonboden-und-treppen\/\" class=\"w-iconbox-link\" aria-label=\"BETONB\u00d6DEN UND -TREPPEN\"><h3 class=\"w-iconbox-title\">BETONB\u00d6DEN UND -TREPPEN<\/h3><\/a><\/div><\/div><div class=\"w-separator size_small\"><\/div><\/div><\/div><\/div><div class=\"vc_col-sm-6 vc_col-md-4 vc_col-xs-12 wpb_column vc_column_container\"><div class=\"vc_column-inner\"><div class=\"wpb_wrapper\"><div class=\"w-iconbox us_custom_b2399a20 service-article iconpos_top style_default color_primary align_center no_text icontype_img\"><a href=\"\/de\/angebot\/sakrale-objekte\/\" class=\"w-iconbox-link\" aria-label=\"SAKRALE OBJEKTE\"><div class=\"w-iconbox-icon\"><img width=\"600\" height=\"400\" src=\"https:\/\/artsystemdeco.com\/wp-content\/uploads\/2023\/09\/galeria-sakralne.jpg\" class=\"attachment-full size-full\" alt=\"\" decoding=\"async\" loading=\"lazy\" srcset=\"https:\/\/artsystemdeco.com\/wp-content\/uploads\/2023\/09\/galeria-sakralne.jpg 600w, https:\/\/artsystemdeco.com\/wp-content\/uploads\/2023\/09\/galeria-sakralne-300x200.jpg 300w\" sizes=\"(max-width: 600px) 100vw, 600px\" \/><\/div><\/a><div class=\"w-iconbox-meta\"><a href=\"\/de\/angebot\/sakrale-objekte\/\" class=\"w-iconbox-link\" aria-label=\"SAKRALE OBJEKTE\"><h3 class=\"w-iconbox-title\">SAKRALE OBJEKTE<\/h3><\/a><\/div><\/div><div class=\"w-separator size_small\"><\/div><\/div><\/div><\/div><div class=\"vc_col-sm-6 vc_col-md-4 vc_col-xs-12 wpb_column vc_column_container\"><div class=\"vc_column-inner\"><div class=\"wpb_wrapper\"><div class=\"w-iconbox us_custom_b2399a20 service-article iconpos_top style_default color_primary align_center no_text icontype_img\"><a href=\"\/de\/galerie\/unterhaltung-und-bildung\/\" class=\"w-iconbox-link\" aria-label=\"UNTERHALTUNG UND BILDUNG\"><div class=\"w-iconbox-icon\"><img width=\"600\" height=\"400\" src=\"https:\/\/artsystemdeco.com\/wp-content\/uploads\/2023\/09\/galeria-rozrywka.jpg\" class=\"attachment-full size-full\" alt=\"\" decoding=\"async\" loading=\"lazy\" srcset=\"https:\/\/artsystemdeco.com\/wp-content\/uploads\/2023\/09\/galeria-rozrywka.jpg 600w, https:\/\/artsystemdeco.com\/wp-content\/uploads\/2023\/09\/galeria-rozrywka-300x200.jpg 300w\" sizes=\"(max-width: 600px) 100vw, 600px\" \/><\/div><\/a><div class=\"w-iconbox-meta\"><a href=\"\/de\/galerie\/unterhaltung-und-bildung\/\" class=\"w-iconbox-link\" aria-label=\"UNTERHALTUNG UND BILDUNG\"><h3 class=\"w-iconbox-title\">UNTERHALTUNG UND BILDUNG<\/h3><\/a><\/div><\/div><div class=\"w-separator size_small\"><\/div><\/div><\/div><\/div><div class=\"vc_col-sm-6 vc_col-md-4 vc_col-xs-12 wpb_column vc_column_container\"><div class=\"vc_column-inner\"><div class=\"wpb_wrapper\"><div class=\"w-iconbox us_custom_b2399a20 service-article iconpos_top style_default color_primary align_center no_text icontype_img\"><a href=\"\/de\/galerie\/skulpturen\/\" class=\"w-iconbox-link\" aria-label=\"SKULPTUREN\"><div class=\"w-iconbox-icon\"><img width=\"600\" height=\"400\" src=\"https:\/\/artsystemdeco.com\/wp-content\/uploads\/2023\/09\/galeria-rzezby.jpg\" class=\"attachment-full size-full\" alt=\"\" decoding=\"async\" loading=\"lazy\" srcset=\"https:\/\/artsystemdeco.com\/wp-content\/uploads\/2023\/09\/galeria-rzezby.jpg 600w, https:\/\/artsystemdeco.com\/wp-content\/uploads\/2023\/09\/galeria-rzezby-300x200.jpg 300w\" sizes=\"(max-width: 600px) 100vw, 600px\" \/><\/div><\/a><div class=\"w-iconbox-meta\"><a href=\"\/de\/galerie\/skulpturen\/\" class=\"w-iconbox-link\" aria-label=\"SKULPTUREN\"><h3 class=\"w-iconbox-title\">SKULPTUREN<\/h3><\/a><\/div><\/div><\/div><\/div><\/div><div class=\"vc_col-sm-6 vc_col-md-4 vc_col-xs-12 wpb_column vc_column_container\"><div class=\"vc_column-inner\"><div class=\"wpb_wrapper\"><div class=\"w-iconbox us_custom_b2399a20 service-article iconpos_top style_default color_primary align_center no_text icontype_img\"><a href=\"\/de\/galerie\/kunstliche-strande\/\" class=\"w-iconbox-link\" aria-label=\"K\u00dcNSTLICHE STR\u00c4NDE\"><div class=\"w-iconbox-icon\"><img width=\"600\" height=\"400\" src=\"https:\/\/artsystemdeco.com\/wp-content\/uploads\/2023\/09\/galeria-plaze.jpg\" class=\"attachment-full size-full\" alt=\"\" decoding=\"async\" loading=\"lazy\" srcset=\"https:\/\/artsystemdeco.com\/wp-content\/uploads\/2023\/09\/galeria-plaze.jpg 600w, https:\/\/artsystemdeco.com\/wp-content\/uploads\/2023\/09\/galeria-plaze-300x200.jpg 300w\" sizes=\"(max-width: 600px) 100vw, 600px\" \/><\/div><\/a><div class=\"w-iconbox-meta\"><a href=\"\/de\/galerie\/kunstliche-strande\/\" class=\"w-iconbox-link\" aria-label=\"K\u00dcNSTLICHE STR\u00c4NDE\"><h3 class=\"w-iconbox-title\">K\u00dcNSTLICHE STR\u00c4NDE<\/h3><\/a><\/div><\/div><\/div><\/div><\/div><\/div><\/div><\/section>\n","protected":false},"excerpt":{"rendered":"GalerieK\u00dcNSTLICHES GESTEINK\u00dcNSTLICHE HYBRIDB\u00c4UMEDEKORPUTZBETONB\u00d6DEN UND -TREPPENSAKRALE OBJEKTEUNTERHALTUNG UND BILDUNGSKULPTURENK\u00dcNSTLICHE STR\u00c4NDE","protected":false},"author":1,"featured_media":0,"parent":0,"menu_order":0,"comment_status":"closed","ping_status":"closed","template":"","meta":[],"acf":[],"yoast_head":"<!-- This site is optimized with the Yoast SEO plugin v20.13 - https:\/\/yoast.com\/wordpress\/plugins\/seo\/ -->\n<title>Galerie - ArtSystemDeco<\/title>\n<meta name=\"robots\" content=\"index, follow, max-snippet:-1, max-image-preview:large, max-video-preview:-1\" \/>\n<link rel=\"canonical\" href=\"https:\/\/artsystemdeco.com\/de\/galerie\/\" \/>\n<meta property=\"og:locale\" content=\"de_DE\" \/>\n<meta property=\"og:type\" content=\"article\" \/>\n<meta property=\"og:title\" content=\"Galerie - ArtSystemDeco\" \/>\n<meta property=\"og:url\" content=\"https:\/\/artsystemdeco.com\/de\/galerie\/\" \/>\n<meta property=\"og:site_name\" content=\"ArtSystemDeco\" \/>\n<meta property=\"article:modified_time\" content=\"2023-09-27T06:59:41+00:00\" \/>\n<meta name=\"twitter:card\" content=\"summary_large_image\" \/>\n<meta name=\"twitter:label1\" content=\"Gesch\u00e4tzte Lesezeit\" \/>\n\t<meta name=\"twitter:data1\" content=\"1\u00a0Minute\" \/>\n<script type=\"application\/ld+json\" class=\"yoast-schema-graph\">{\"@context\":\"https:\/\/schema.org\",\"@graph\":[{\"@type\":\"WebPage\",\"@id\":\"https:\/\/artsystemdeco.com\/de\/galerie\/\",\"url\":\"https:\/\/artsystemdeco.com\/de\/galerie\/\",\"name\":\"Galerie - ArtSystemDeco\",\"isPartOf\":{\"@id\":\"https:\/\/artsystemdeco.com\/de\/#website\"},\"datePublished\":\"2023-02-26T10:58:41+00:00\",\"dateModified\":\"2023-09-27T06:59:41+00:00\",\"breadcrumb\":{\"@id\":\"https:\/\/artsystemdeco.com\/de\/galerie\/#breadcrumb\"},\"inLanguage\":\"de\",\"potentialAction\":[{\"@type\":\"ReadAction\",\"target\":[\"https:\/\/artsystemdeco.com\/de\/galerie\/\"]}]},{\"@type\":\"BreadcrumbList\",\"@id\":\"https:\/\/artsystemdeco.com\/de\/galerie\/#breadcrumb\",\"itemListElement\":[{\"@type\":\"ListItem\",\"position\":1,\"name\":\"Strona g\u0142\u00f3wna\",\"item\":\"https:\/\/artsystemdeco.com\/de\/\"},{\"@type\":\"ListItem\",\"position\":2,\"name\":\"Galerie\"}]},{\"@type\":\"WebSite\",\"@id\":\"https:\/\/artsystemdeco.com\/de\/#website\",\"url\":\"https:\/\/artsystemdeco.com\/de\/\",\"name\":\"ArtSystemDeco\",\"description\":\"\",\"potentialAction\":[{\"@type\":\"SearchAction\",\"target\":{\"@type\":\"EntryPoint\",\"urlTemplate\":\"https:\/\/artsystemdeco.com\/de\/?s={search_term_string}\"},\"query-input\":\"required name=search_term_string\"}],\"inLanguage\":\"de\"}]}<\/script>\n<!-- \/ Yoast SEO plugin. -->","yoast_head_json":{"title":"Galerie - ArtSystemDeco","robots":{"index":"index","follow":"follow","max-snippet":"max-snippet:-1","max-image-preview":"max-image-preview:large","max-video-preview":"max-video-preview:-1"},"canonical":"https:\/\/artsystemdeco.com\/de\/galerie\/","og_locale":"de_DE","og_type":"article","og_title":"Galerie - ArtSystemDeco","og_url":"https:\/\/artsystemdeco.com\/de\/galerie\/","og_site_name":"ArtSystemDeco","article_modified_time":"2023-09-27T06:59:41+00:00","twitter_card":"summary_large_image","twitter_misc":{"Gesch\u00e4tzte Lesezeit":"1\u00a0Minute"},"schema":{"@context":"https:\/\/schema.org","@graph":[{"@type":"WebPage","@id":"https:\/\/artsystemdeco.com\/de\/galerie\/","url":"https:\/\/artsystemdeco.com\/de\/galerie\/","name":"Galerie - ArtSystemDeco","isPartOf":{"@id":"https:\/\/artsystemdeco.com\/de\/#website"},"datePublished":"2023-02-26T10:58:41+00:00","dateModified":"2023-09-27T06:59:41+00:00","breadcrumb":{"@id":"https:\/\/artsystemdeco.com\/de\/galerie\/#breadcrumb"},"inLanguage":"de","potentialAction":[{"@type":"ReadAction","target":["https:\/\/artsystemdeco.com\/de\/galerie\/"]}]},{"@type":"BreadcrumbList","@id":"https:\/\/artsystemdeco.com\/de\/galerie\/#breadcrumb","itemListElement":[{"@type":"ListItem","position":1,"name":"Strona g\u0142\u00f3wna","item":"https:\/\/artsystemdeco.com\/de\/"},{"@type":"ListItem","position":2,"name":"Galerie"}]},{"@type":"WebSite","@id":"https:\/\/artsystemdeco.com\/de\/#website","url":"https:\/\/artsystemdeco.com\/de\/","name":"ArtSystemDeco","description":"","potentialAction":[{"@type":"SearchAction","target":{"@type":"EntryPoint","urlTemplate":"https:\/\/artsystemdeco.com\/de\/?s={search_term_string}"},"query-input":"required name=search_term_string"}],"inLanguage":"de"}]}},"_links":{"self":[{"href":"https:\/\/artsystemdeco.com\/de\/wp-json\/wp\/v2\/pages\/2878"}],"collection":[{"href":"https:\/\/artsystemdeco.com\/de\/wp-json\/wp\/v2\/pages"}],"about":[{"href":"https:\/\/artsystemdeco.com\/de\/wp-json\/wp\/v2\/types\/page"}],"author":[{"embeddable":true,"href":"https:\/\/artsystemdeco.com\/de\/wp-json\/wp\/v2\/users\/1"}],"replies":[{"embeddable":true,"href":"https:\/\/artsystemdeco.com\/de\/wp-json\/wp\/v2\/comments?post=2878"}],"version-history":[{"count":9,"href":"https:\/\/artsystemdeco.com\/de\/wp-json\/wp\/v2\/pages\/2878\/revisions"}],"predecessor-version":[{"id":4940,"href":"https:\/\/artsystemdeco.com\/de\/wp-json\/wp\/v2\/pages\/2878\/revisions\/4940"}],"wp:attachment":[{"href":"https:\/\/artsystemdeco.com\/de\/wp-json\/wp\/v2\/media?parent=2878"}],"curies":[{"name":"wp","href":"https:\/\/api.w.org\/{rel}","templated":true}]}}