{"id":2888,"date":"2023-02-28T08:39:44","date_gmt":"2023-02-28T07:39:44","guid":{"rendered":"https:\/\/artsystemdeco.com\/galeria\/posadzki-i-schody-z-betonu\/"},"modified":"2023-09-08T11:51:08","modified_gmt":"2023-09-08T09:51:08","slug":"betonboden-und-treppen","status":"publish","type":"page","link":"https:\/\/artsystemdeco.com\/de\/galerie\/betonboden-und-treppen\/","title":{"rendered":"GALERIE &#8211; BETONB\u00d6DEN UND -TREPPEN"},"content":{"rendered":"<section class=\"l-section wpb_row us_custom_a21ea65f thin-content height_auto with_img\"><div class=\"l-section-img\" style=\"background-image: url(https:\/\/artsystemdeco.com\/wp-content\/uploads\/2023\/09\/schody-galeria-top.jpg);background-repeat: no-repeat;\" data-img-width=\"1800\" data-img-height=\"500\"><\/div><div class=\"l-section-h i-cf\"><div class=\"g-cols vc_row via_flex valign_middle type_default stacking_default\"><div class=\"vc_col-sm-12 wpb_column vc_column_container\"><div class=\"vc_column-inner\"><div class=\"wpb_wrapper\"><h1 class=\"w-post-elm post_title us_custom_409b4cb1 align_right entry-title color_link_inherit\">GALERIE &#8211; BETONB\u00d6DEN UND -TREPPEN<\/h1><\/div><\/div><\/div><\/div><\/div><\/section><section class=\"l-section wpb_row thin-content height_medium\"><div class=\"l-section-h i-cf\"><div class=\"g-cols vc_row via_flex valign_top type_default stacking_default\"><div class=\"vc_col-sm-12 wpb_column vc_column_container\"><div class=\"vc_column-inner\"><div class=\"wpb_wrapper\"><div class=\"wpb_text_column\"><div class=\"wpb_wrapper\"><h2 style=\"text-align: center;\">BETONB\u00d6DEN UND -TREPPEN<\/h2>\n<\/div><\/div><div class=\"w-separator size_custom with_line width_default thick_1 style_solid color_border align_center\" style=\"height:2px\"><div class=\"w-separator-h\"><\/div><\/div><div class=\"w-separator size_small\"><\/div><div class=\"wpb_text_column\"><div class=\"wpb_wrapper\"><p>Um die Vollst\u00e4ndigkeit des Angebots unseres Unternehmens zu gew\u00e4hrleisten, bieten wir neben komplexen Kunststeinkonstruktionen auch solide und \u00e4sthetisch ansprechende Steinb\u00f6den aus Stampfbeton an. Unsere Dienstleistungen werden h\u00e4ufig von Einkaufszentren, Unterhaltungs- oder Kultureinrichtungen in Anspruch genommen. Je nach Bedarf k\u00f6nnen wir einen Boden schaffen, der an die Bed\u00fcrfnisse und Erwartungen der Kunden angepasst ist, sowohl im Innen- als auch im Au\u00dfenbereich. Die von unserem Unternehmen verwendeten Technologien zeichnen sich nicht nur durch ihr hervorragendes Aussehen aus, sondern auch durch ihre hohe Widerstandsf\u00e4higkeit gegen \u00e4u\u00dfere Einfl\u00fcsse und mechanische Besch\u00e4digungen (Abrieb oder Rissbildung). Wir sind davon \u00fcberzeugt, dass die breite Palette an Designs, Farben und Materialstrukturen auch die Erwartungen der anspruchsvollsten Kunden erf\u00fcllen wird.<\/p>\n<\/div><\/div><div class=\"w-grid type_grid layout_gallery_default cols_4 ratio_1x1\" id=\"us_grid_1\" data-filterable=\"true\"><style>#us_grid_1 .w-grid-item{padding:5px}#us_grid_1 .w-grid-list{margin:-5px}.w-grid + #us_grid_1 .w-grid-list,.w-grid-none + #us_grid_1 .w-grid-list{margin-top:5px}@media (max-width:1199px){#us_grid_1 .w-grid-item{width:33.3333%}#us_grid_1 .w-grid-item.size_2x1,#us_grid_1 .w-grid-item.size_2x2{width:66.6667%}}@media (max-width:899px){#us_grid_1 .w-grid-item{width:50%}#us_grid_1 .w-grid-item.size_2x1,#us_grid_1 .w-grid-item.size_2x2{width:100%}}@media (max-width:599px){#us_grid_1 .w-grid-item{width:50%}#us_grid_1 .w-grid-item.size_2x1,#us_grid_1 .w-grid-item.size_2x2{width:100%}}#us_grid_1 .w-grid-item-h:before{padding-bottom:100%}.layout_gallery_default .w-grid-item-h:before{padding-bottom:100%}@media (min-width:600px){.layout_gallery_default .w-grid-item.size_1x2 .w-grid-item-h:before{padding-bottom:calc(200% + 5px + 5px)}.layout_gallery_default .w-grid-item.size_2x1 .w-grid-item-h:before{padding-bottom:calc(50% - 5px * 1)}.layout_gallery_default .w-grid-item.size_2x2 .w-grid-item-h:before{padding-bottom:calc(100% - 5px * 0)}}.layout_gallery_default .w-grid-item-h{}<\/style><div class=\"w-grid-list\">\t<article class=\"w-grid-item post-2349 attachment type-attachment status-inherit hentry\" data-id=\"2349\">\r\n\t\t<div class=\"w-grid-item-h\">\r\n\t\t\t\t\t\t\t<a class=\"w-grid-item-anchor\" href=\"https:\/\/artsystemdeco.com\/wp-content\/uploads\/2023\/02\/Basen-Morawica-posadzka-groty-1.jpg\" ref=\"magnificPopupGrid\" title aria-label><\/a>\r\n\t\t\t\t\t\t<div class=\"w-post-elm post_image usg_post_image_1 stretched\"><img width=\"1024\" height=\"683\" src=\"https:\/\/artsystemdeco.com\/wp-content\/uploads\/2023\/02\/Basen-Morawica-posadzka-groty-1.jpg\" class=\"attachment-large size-large\" alt=\"\" decoding=\"async\" loading=\"lazy\" srcset=\"https:\/\/artsystemdeco.com\/wp-content\/uploads\/2023\/02\/Basen-Morawica-posadzka-groty-1.jpg 1024w, https:\/\/artsystemdeco.com\/wp-content\/uploads\/2023\/02\/Basen-Morawica-posadzka-groty-1-300x200.jpg 300w\" sizes=\"(max-width: 1024px) 100vw, 1024px\" \/><\/div>\t\t<\/div>\r\n\t<\/article>\r\n\t<article class=\"w-grid-item post-2351 attachment type-attachment status-inherit hentry\" data-id=\"2351\">\r\n\t\t<div class=\"w-grid-item-h\">\r\n\t\t\t\t\t\t\t<a class=\"w-grid-item-anchor\" href=\"https:\/\/artsystemdeco.com\/wp-content\/uploads\/2023\/02\/Basen-Morawica-posadzka-groty-2-1.jpg\" ref=\"magnificPopupGrid\" title aria-label><\/a>\r\n\t\t\t\t\t\t<div class=\"w-post-elm post_image usg_post_image_1 stretched\"><img width=\"1024\" height=\"683\" src=\"https:\/\/artsystemdeco.com\/wp-content\/uploads\/2023\/02\/Basen-Morawica-posadzka-groty-2-1.jpg\" class=\"attachment-large size-large\" alt=\"\" decoding=\"async\" loading=\"lazy\" srcset=\"https:\/\/artsystemdeco.com\/wp-content\/uploads\/2023\/02\/Basen-Morawica-posadzka-groty-2-1.jpg 1024w, https:\/\/artsystemdeco.com\/wp-content\/uploads\/2023\/02\/Basen-Morawica-posadzka-groty-2-1-300x200.jpg 300w\" sizes=\"(max-width: 1024px) 100vw, 1024px\" \/><\/div>\t\t<\/div>\r\n\t<\/article>\r\n\t<article class=\"w-grid-item post-2353 attachment type-attachment status-inherit hentry\" data-id=\"2353\">\r\n\t\t<div class=\"w-grid-item-h\">\r\n\t\t\t\t\t\t\t<a class=\"w-grid-item-anchor\" href=\"https:\/\/artsystemdeco.com\/wp-content\/uploads\/2023\/02\/Basen-Morawica-posadzka-groty-3-1.jpg\" ref=\"magnificPopupGrid\" title aria-label><\/a>\r\n\t\t\t\t\t\t<div class=\"w-post-elm post_image usg_post_image_1 stretched\"><img width=\"1024\" height=\"683\" src=\"https:\/\/artsystemdeco.com\/wp-content\/uploads\/2023\/02\/Basen-Morawica-posadzka-groty-3-1.jpg\" class=\"attachment-large size-large\" alt=\"\" decoding=\"async\" loading=\"lazy\" srcset=\"https:\/\/artsystemdeco.com\/wp-content\/uploads\/2023\/02\/Basen-Morawica-posadzka-groty-3-1.jpg 1024w, https:\/\/artsystemdeco.com\/wp-content\/uploads\/2023\/02\/Basen-Morawica-posadzka-groty-3-1-300x200.jpg 300w\" sizes=\"(max-width: 1024px) 100vw, 1024px\" \/><\/div>\t\t<\/div>\r\n\t<\/article>\r\n\t<article class=\"w-grid-item post-2355 attachment type-attachment status-inherit hentry\" data-id=\"2355\">\r\n\t\t<div class=\"w-grid-item-h\">\r\n\t\t\t\t\t\t\t<a class=\"w-grid-item-anchor\" href=\"https:\/\/artsystemdeco.com\/wp-content\/uploads\/2023\/02\/Posadzka-i-schody-4-1.jpg\" ref=\"magnificPopupGrid\" title aria-label><\/a>\r\n\t\t\t\t\t\t<div class=\"w-post-elm post_image usg_post_image_1 stretched\"><img width=\"1024\" height=\"683\" src=\"https:\/\/artsystemdeco.com\/wp-content\/uploads\/2023\/02\/Posadzka-i-schody-4-1.jpg\" class=\"attachment-large size-large\" alt=\"\" decoding=\"async\" loading=\"lazy\" srcset=\"https:\/\/artsystemdeco.com\/wp-content\/uploads\/2023\/02\/Posadzka-i-schody-4-1.jpg 1024w, https:\/\/artsystemdeco.com\/wp-content\/uploads\/2023\/02\/Posadzka-i-schody-4-1-300x200.jpg 300w\" sizes=\"(max-width: 1024px) 100vw, 1024px\" \/><\/div>\t\t<\/div>\r\n\t<\/article>\r\n\t<article class=\"w-grid-item post-2357 attachment type-attachment status-inherit hentry\" data-id=\"2357\">\r\n\t\t<div class=\"w-grid-item-h\">\r\n\t\t\t\t\t\t\t<a class=\"w-grid-item-anchor\" href=\"https:\/\/artsystemdeco.com\/wp-content\/uploads\/2023\/02\/Posadzka-i-schody-5.jpg\" ref=\"magnificPopupGrid\" title aria-label><\/a>\r\n\t\t\t\t\t\t<div class=\"w-post-elm post_image usg_post_image_1 stretched\"><img width=\"683\" height=\"1024\" src=\"https:\/\/artsystemdeco.com\/wp-content\/uploads\/2023\/02\/Posadzka-i-schody-5.jpg\" class=\"attachment-large size-large\" alt=\"\" decoding=\"async\" loading=\"lazy\" srcset=\"https:\/\/artsystemdeco.com\/wp-content\/uploads\/2023\/02\/Posadzka-i-schody-5.jpg 683w, https:\/\/artsystemdeco.com\/wp-content\/uploads\/2023\/02\/Posadzka-i-schody-5-200x300.jpg 200w\" sizes=\"(max-width: 683px) 100vw, 683px\" \/><\/div>\t\t<\/div>\r\n\t<\/article>\r\n\t<article class=\"w-grid-item post-2359 attachment type-attachment status-inherit hentry\" data-id=\"2359\">\r\n\t\t<div class=\"w-grid-item-h\">\r\n\t\t\t\t\t\t\t<a class=\"w-grid-item-anchor\" href=\"https:\/\/artsystemdeco.com\/wp-content\/uploads\/2023\/02\/Posadzka-i-schody-6.jpg\" ref=\"magnificPopupGrid\" title aria-label><\/a>\r\n\t\t\t\t\t\t<div class=\"w-post-elm post_image usg_post_image_1 stretched\"><img width=\"683\" height=\"1024\" src=\"https:\/\/artsystemdeco.com\/wp-content\/uploads\/2023\/02\/Posadzka-i-schody-6-683x1024.jpg\" class=\"attachment-large size-large\" alt=\"\" decoding=\"async\" loading=\"lazy\" srcset=\"https:\/\/artsystemdeco.com\/wp-content\/uploads\/2023\/02\/Posadzka-i-schody-6-683x1024.jpg 683w, https:\/\/artsystemdeco.com\/wp-content\/uploads\/2023\/02\/Posadzka-i-schody-6-200x300.jpg 200w, https:\/\/artsystemdeco.com\/wp-content\/uploads\/2023\/02\/Posadzka-i-schody-6.jpg 800w\" sizes=\"(max-width: 683px) 100vw, 683px\" \/><\/div>\t\t<\/div>\r\n\t<\/article>\r\n\t<article class=\"w-grid-item post-2361 attachment type-attachment status-inherit hentry\" data-id=\"2361\">\r\n\t\t<div class=\"w-grid-item-h\">\r\n\t\t\t\t\t\t\t<a class=\"w-grid-item-anchor\" href=\"https:\/\/artsystemdeco.com\/wp-content\/uploads\/2023\/02\/Posadzka-i-schody-7-1.jpg\" ref=\"magnificPopupGrid\" title aria-label><\/a>\r\n\t\t\t\t\t\t<div class=\"w-post-elm post_image usg_post_image_1 stretched\"><img width=\"683\" height=\"1024\" src=\"https:\/\/artsystemdeco.com\/wp-content\/uploads\/2023\/02\/Posadzka-i-schody-7-1-683x1024.jpg\" class=\"attachment-large size-large\" alt=\"\" decoding=\"async\" loading=\"lazy\" srcset=\"https:\/\/artsystemdeco.com\/wp-content\/uploads\/2023\/02\/Posadzka-i-schody-7-1-683x1024.jpg 683w, https:\/\/artsystemdeco.com\/wp-content\/uploads\/2023\/02\/Posadzka-i-schody-7-1-200x300.jpg 200w, https:\/\/artsystemdeco.com\/wp-content\/uploads\/2023\/02\/Posadzka-i-schody-7-1.jpg 800w\" sizes=\"(max-width: 683px) 100vw, 683px\" \/><\/div>\t\t<\/div>\r\n\t<\/article>\r\n\t<article class=\"w-grid-item post-2363 attachment type-attachment status-inherit hentry\" data-id=\"2363\">\r\n\t\t<div class=\"w-grid-item-h\">\r\n\t\t\t\t\t\t\t<a class=\"w-grid-item-anchor\" href=\"https:\/\/artsystemdeco.com\/wp-content\/uploads\/2023\/02\/Posadzka-Radca-8.jpg\" ref=\"magnificPopupGrid\" title aria-label><\/a>\r\n\t\t\t\t\t\t<div class=\"w-post-elm post_image usg_post_image_1 stretched\"><img width=\"1024\" height=\"576\" src=\"https:\/\/artsystemdeco.com\/wp-content\/uploads\/2023\/02\/Posadzka-Radca-8.jpg\" class=\"attachment-large size-large\" alt=\"\" decoding=\"async\" loading=\"lazy\" srcset=\"https:\/\/artsystemdeco.com\/wp-content\/uploads\/2023\/02\/Posadzka-Radca-8.jpg 1024w, https:\/\/artsystemdeco.com\/wp-content\/uploads\/2023\/02\/Posadzka-Radca-8-300x169.jpg 300w\" sizes=\"(max-width: 1024px) 100vw, 1024px\" \/><\/div>\t\t<\/div>\r\n\t<\/article>\r\n\t<article class=\"w-grid-item post-2365 attachment type-attachment status-inherit hentry\" data-id=\"2365\">\r\n\t\t<div class=\"w-grid-item-h\">\r\n\t\t\t\t\t\t\t<a class=\"w-grid-item-anchor\" href=\"https:\/\/artsystemdeco.com\/wp-content\/uploads\/2023\/02\/Posadzka-Radca-9.jpg\" ref=\"magnificPopupGrid\" title aria-label><\/a>\r\n\t\t\t\t\t\t<div class=\"w-post-elm post_image usg_post_image_1 stretched\"><img width=\"577\" height=\"1024\" src=\"https:\/\/artsystemdeco.com\/wp-content\/uploads\/2023\/02\/Posadzka-Radca-9-577x1024.jpg\" class=\"attachment-large size-large\" alt=\"\" decoding=\"async\" loading=\"lazy\" srcset=\"https:\/\/artsystemdeco.com\/wp-content\/uploads\/2023\/02\/Posadzka-Radca-9-577x1024.jpg 577w, https:\/\/artsystemdeco.com\/wp-content\/uploads\/2023\/02\/Posadzka-Radca-9-169x300.jpg 169w, https:\/\/artsystemdeco.com\/wp-content\/uploads\/2023\/02\/Posadzka-Radca-9.jpg 676w\" sizes=\"(max-width: 577px) 100vw, 577px\" \/><\/div>\t\t<\/div>\r\n\t<\/article>\r\n\t<article class=\"w-grid-item post-2367 attachment type-attachment status-inherit hentry\" data-id=\"2367\">\r\n\t\t<div class=\"w-grid-item-h\">\r\n\t\t\t\t\t\t\t<a class=\"w-grid-item-anchor\" href=\"https:\/\/artsystemdeco.com\/wp-content\/uploads\/2023\/02\/Posadzka-Radca-10.jpg\" ref=\"magnificPopupGrid\" title aria-label><\/a>\r\n\t\t\t\t\t\t<div class=\"w-post-elm post_image usg_post_image_1 stretched\"><img width=\"576\" height=\"1024\" src=\"https:\/\/artsystemdeco.com\/wp-content\/uploads\/2023\/02\/Posadzka-Radca-10-576x1024.jpg\" class=\"attachment-large size-large\" alt=\"\" decoding=\"async\" loading=\"lazy\" srcset=\"https:\/\/artsystemdeco.com\/wp-content\/uploads\/2023\/02\/Posadzka-Radca-10-576x1024.jpg 576w, https:\/\/artsystemdeco.com\/wp-content\/uploads\/2023\/02\/Posadzka-Radca-10-169x300.jpg 169w, https:\/\/artsystemdeco.com\/wp-content\/uploads\/2023\/02\/Posadzka-Radca-10.jpg 675w\" sizes=\"(max-width: 576px) 100vw, 576px\" \/><\/div>\t\t<\/div>\r\n\t<\/article>\r\n\t<article class=\"w-grid-item post-2369 attachment type-attachment status-inherit hentry\" data-id=\"2369\">\r\n\t\t<div class=\"w-grid-item-h\">\r\n\t\t\t\t\t\t\t<a class=\"w-grid-item-anchor\" href=\"https:\/\/artsystemdeco.com\/wp-content\/uploads\/2023\/02\/posadzki1.jpg\" ref=\"magnificPopupGrid\" title aria-label><\/a>\r\n\t\t\t\t\t\t<div class=\"w-post-elm post_image usg_post_image_1 stretched\"><img width=\"755\" height=\"722\" src=\"https:\/\/artsystemdeco.com\/wp-content\/uploads\/2023\/02\/posadzki1.jpg\" class=\"attachment-large size-large\" alt=\"\" decoding=\"async\" loading=\"lazy\" srcset=\"https:\/\/artsystemdeco.com\/wp-content\/uploads\/2023\/02\/posadzki1.jpg 755w, https:\/\/artsystemdeco.com\/wp-content\/uploads\/2023\/02\/posadzki1-300x287.jpg 300w\" sizes=\"(max-width: 755px) 100vw, 755px\" \/><\/div>\t\t<\/div>\r\n\t<\/article>\r\n<\/div><div class=\"w-grid-preloader\"><div class=\"g-preloader type_1\">\r\n\t<div><\/div>\r\n<\/div>\r\n<\/div>\t<div class=\"w-grid-json hidden\" onclick='return {&quot;action&quot;:&quot;us_ajax_grid&quot;,&quot;ajax_url&quot;:&quot;https:\\\/\\\/artsystemdeco.com\\\/wp-admin\\\/admin-ajax.php&quot;,&quot;infinite_scroll&quot;:0,&quot;max_num_pages&quot;:1,&quot;pagination&quot;:&quot;none&quot;,&quot;permalink_url&quot;:&quot;https:\\\/\\\/artsystemdeco.com\\\/de\\\/wp-json\\\/wp\\\/v2\\\/pages\\\/2888\\\/&quot;,&quot;template_vars&quot;:{&quot;columns&quot;:&quot;4&quot;,&quot;exclude_items&quot;:&quot;none&quot;,&quot;img_size&quot;:&quot;default&quot;,&quot;ignore_items_size&quot;:0,&quot;items_layout&quot;:&quot;gallery_default&quot;,&quot;items_offset&quot;:&quot;1&quot;,&quot;load_animation&quot;:&quot;none&quot;,&quot;overriding_link&quot;:&quot;popup_post_image&quot;,&quot;post_id&quot;:2888,&quot;query_args&quot;:{&quot;post_type&quot;:[&quot;attachment&quot;],&quot;post__in&quot;:[&quot;453&quot;,&quot;454&quot;,&quot;455&quot;,&quot;456&quot;,&quot;457&quot;,&quot;458&quot;,&quot;459&quot;,&quot;460&quot;,&quot;461&quot;,&quot;462&quot;,&quot;463&quot;],&quot;post_status&quot;:&quot;inherit&quot;,&quot;post_mime_type&quot;:&quot;image&quot;,&quot;posts_per_page&quot;:&quot;999&quot;},&quot;orderby_query_args&quot;:{&quot;orderby&quot;:{&quot;post__in&quot;:&quot;ASC&quot;},&quot;order&quot;:&quot;ASC&quot;},&quot;type&quot;:&quot;grid&quot;,&quot;us_grid_ajax_index&quot;:1,&quot;us_grid_filter_params&quot;:null,&quot;us_grid_index&quot;:1,&quot;_us_grid_post_type&quot;:&quot;attachment&quot;,&quot;lang&quot;:&quot;de&quot;}}'><\/div>\r\n\t<\/div><\/div><\/div><\/div><\/div><\/div><\/section>\n","protected":false},"excerpt":{"rendered":"","protected":false},"author":1,"featured_media":0,"parent":2878,"menu_order":0,"comment_status":"closed","ping_status":"closed","template":"","meta":[],"acf":[],"yoast_head":"<!-- This site is optimized with the Yoast SEO plugin v20.13 - https:\/\/yoast.com\/wordpress\/plugins\/seo\/ -->\n<title>GALERIE - BETONB\u00d6DEN UND -TREPPEN - ArtSystemDeco<\/title>\n<meta name=\"robots\" content=\"index, follow, max-snippet:-1, max-image-preview:large, max-video-preview:-1\" \/>\n<link rel=\"canonical\" href=\"https:\/\/artsystemdeco.com\/de\/galerie\/betonboden-und-treppen\/\" \/>\n<meta property=\"og:locale\" content=\"de_DE\" \/>\n<meta property=\"og:type\" content=\"article\" \/>\n<meta property=\"og:title\" content=\"GALERIE - BETONB\u00d6DEN UND -TREPPEN - ArtSystemDeco\" \/>\n<meta property=\"og:url\" content=\"https:\/\/artsystemdeco.com\/de\/galerie\/betonboden-und-treppen\/\" \/>\n<meta property=\"og:site_name\" content=\"ArtSystemDeco\" \/>\n<meta property=\"article:modified_time\" content=\"2023-09-08T09:51:08+00:00\" \/>\n<meta name=\"twitter:card\" content=\"summary_large_image\" \/>\n<meta name=\"twitter:label1\" content=\"Gesch\u00e4tzte Lesezeit\" \/>\n\t<meta name=\"twitter:data1\" content=\"1\u00a0Minute\" \/>\n<script type=\"application\/ld+json\" class=\"yoast-schema-graph\">{\"@context\":\"https:\/\/schema.org\",\"@graph\":[{\"@type\":\"WebPage\",\"@id\":\"https:\/\/artsystemdeco.com\/de\/galerie\/betonboden-und-treppen\/\",\"url\":\"https:\/\/artsystemdeco.com\/de\/galerie\/betonboden-und-treppen\/\",\"name\":\"GALERIE - BETONB\u00d6DEN UND -TREPPEN - ArtSystemDeco\",\"isPartOf\":{\"@id\":\"https:\/\/artsystemdeco.com\/de\/#website\"},\"datePublished\":\"2023-02-28T07:39:44+00:00\",\"dateModified\":\"2023-09-08T09:51:08+00:00\",\"breadcrumb\":{\"@id\":\"https:\/\/artsystemdeco.com\/de\/galerie\/betonboden-und-treppen\/#breadcrumb\"},\"inLanguage\":\"de\",\"potentialAction\":[{\"@type\":\"ReadAction\",\"target\":[\"https:\/\/artsystemdeco.com\/de\/galerie\/betonboden-und-treppen\/\"]}]},{\"@type\":\"BreadcrumbList\",\"@id\":\"https:\/\/artsystemdeco.com\/de\/galerie\/betonboden-und-treppen\/#breadcrumb\",\"itemListElement\":[{\"@type\":\"ListItem\",\"position\":1,\"name\":\"Strona g\u0142\u00f3wna\",\"item\":\"https:\/\/artsystemdeco.com\/de\/\"},{\"@type\":\"ListItem\",\"position\":2,\"name\":\"Galerie\",\"item\":\"https:\/\/artsystemdeco.com\/de\/galerie\/\"},{\"@type\":\"ListItem\",\"position\":3,\"name\":\"GALERIE &#8211; BETONB\u00d6DEN UND -TREPPEN\"}]},{\"@type\":\"WebSite\",\"@id\":\"https:\/\/artsystemdeco.com\/de\/#website\",\"url\":\"https:\/\/artsystemdeco.com\/de\/\",\"name\":\"ArtSystemDeco\",\"description\":\"\",\"potentialAction\":[{\"@type\":\"SearchAction\",\"target\":{\"@type\":\"EntryPoint\",\"urlTemplate\":\"https:\/\/artsystemdeco.com\/de\/?s={search_term_string}\"},\"query-input\":\"required name=search_term_string\"}],\"inLanguage\":\"de\"}]}<\/script>\n<!-- \/ Yoast SEO plugin. -->","yoast_head_json":{"title":"GALERIE - BETONB\u00d6DEN UND -TREPPEN - ArtSystemDeco","robots":{"index":"index","follow":"follow","max-snippet":"max-snippet:-1","max-image-preview":"max-image-preview:large","max-video-preview":"max-video-preview:-1"},"canonical":"https:\/\/artsystemdeco.com\/de\/galerie\/betonboden-und-treppen\/","og_locale":"de_DE","og_type":"article","og_title":"GALERIE - BETONB\u00d6DEN UND -TREPPEN - ArtSystemDeco","og_url":"https:\/\/artsystemdeco.com\/de\/galerie\/betonboden-und-treppen\/","og_site_name":"ArtSystemDeco","article_modified_time":"2023-09-08T09:51:08+00:00","twitter_card":"summary_large_image","twitter_misc":{"Gesch\u00e4tzte Lesezeit":"1\u00a0Minute"},"schema":{"@context":"https:\/\/schema.org","@graph":[{"@type":"WebPage","@id":"https:\/\/artsystemdeco.com\/de\/galerie\/betonboden-und-treppen\/","url":"https:\/\/artsystemdeco.com\/de\/galerie\/betonboden-und-treppen\/","name":"GALERIE - BETONB\u00d6DEN UND -TREPPEN - ArtSystemDeco","isPartOf":{"@id":"https:\/\/artsystemdeco.com\/de\/#website"},"datePublished":"2023-02-28T07:39:44+00:00","dateModified":"2023-09-08T09:51:08+00:00","breadcrumb":{"@id":"https:\/\/artsystemdeco.com\/de\/galerie\/betonboden-und-treppen\/#breadcrumb"},"inLanguage":"de","potentialAction":[{"@type":"ReadAction","target":["https:\/\/artsystemdeco.com\/de\/galerie\/betonboden-und-treppen\/"]}]},{"@type":"BreadcrumbList","@id":"https:\/\/artsystemdeco.com\/de\/galerie\/betonboden-und-treppen\/#breadcrumb","itemListElement":[{"@type":"ListItem","position":1,"name":"Strona g\u0142\u00f3wna","item":"https:\/\/artsystemdeco.com\/de\/"},{"@type":"ListItem","position":2,"name":"Galerie","item":"https:\/\/artsystemdeco.com\/de\/galerie\/"},{"@type":"ListItem","position":3,"name":"GALERIE &#8211; BETONB\u00d6DEN UND -TREPPEN"}]},{"@type":"WebSite","@id":"https:\/\/artsystemdeco.com\/de\/#website","url":"https:\/\/artsystemdeco.com\/de\/","name":"ArtSystemDeco","description":"","potentialAction":[{"@type":"SearchAction","target":{"@type":"EntryPoint","urlTemplate":"https:\/\/artsystemdeco.com\/de\/?s={search_term_string}"},"query-input":"required name=search_term_string"}],"inLanguage":"de"}]}},"_links":{"self":[{"href":"https:\/\/artsystemdeco.com\/de\/wp-json\/wp\/v2\/pages\/2888"}],"collection":[{"href":"https:\/\/artsystemdeco.com\/de\/wp-json\/wp\/v2\/pages"}],"about":[{"href":"https:\/\/artsystemdeco.com\/de\/wp-json\/wp\/v2\/types\/page"}],"author":[{"embeddable":true,"href":"https:\/\/artsystemdeco.com\/de\/wp-json\/wp\/v2\/users\/1"}],"replies":[{"embeddable":true,"href":"https:\/\/artsystemdeco.com\/de\/wp-json\/wp\/v2\/comments?post=2888"}],"version-history":[{"count":3,"href":"https:\/\/artsystemdeco.com\/de\/wp-json\/wp\/v2\/pages\/2888\/revisions"}],"predecessor-version":[{"id":3234,"href":"https:\/\/artsystemdeco.com\/de\/wp-json\/wp\/v2\/pages\/2888\/revisions\/3234"}],"up":[{"embeddable":true,"href":"https:\/\/artsystemdeco.com\/de\/wp-json\/wp\/v2\/pages\/2878"}],"wp:attachment":[{"href":"https:\/\/artsystemdeco.com\/de\/wp-json\/wp\/v2\/media?parent=2888"}],"curies":[{"name":"wp","href":"https:\/\/api.w.org\/{rel}","templated":true}]}}