{"id":2893,"date":"2023-02-27T15:47:31","date_gmt":"2023-02-27T14:47:31","guid":{"rendered":"https:\/\/artsystemdeco.com\/galeria\/sztuczne-plaze\/"},"modified":"2023-09-08T12:02:33","modified_gmt":"2023-09-08T10:02:33","slug":"kunstliche-strande","status":"publish","type":"page","link":"https:\/\/artsystemdeco.com\/de\/galerie\/kunstliche-strande\/","title":{"rendered":"GALERIE &#8211; K\u00dcNSTLICHE STR\u00c4NDE"},"content":{"rendered":"<section class=\"l-section wpb_row us_custom_a21ea65f thin-content height_auto with_img\"><div class=\"l-section-img\" style=\"background-image: url(https:\/\/artsystemdeco.com\/wp-content\/uploads\/2023\/09\/sztuczne-plaze-galeria-toop.jpg);background-repeat: no-repeat;\" data-img-width=\"1800\" data-img-height=\"500\"><\/div><div class=\"l-section-h i-cf\"><div class=\"g-cols vc_row via_flex valign_middle type_default stacking_default\"><div class=\"vc_col-sm-12 wpb_column vc_column_container\"><div class=\"vc_column-inner\"><div class=\"wpb_wrapper\"><h1 class=\"w-post-elm post_title us_custom_409b4cb1 align_right entry-title color_link_inherit\">GALERIE &#8211; K\u00dcNSTLICHE STR\u00c4NDE<\/h1><\/div><\/div><\/div><\/div><\/div><\/section><section class=\"l-section wpb_row thin-content height_medium\"><div class=\"l-section-h i-cf\"><div class=\"g-cols vc_row via_flex valign_top type_default stacking_default\"><div class=\"vc_col-sm-12 wpb_column vc_column_container\"><div class=\"vc_column-inner\"><div class=\"wpb_wrapper\"><div class=\"wpb_text_column\"><div class=\"wpb_wrapper\"><h2 style=\"text-align: center;\">K\u00dcNSTLICHE STR\u00c4NDE<\/h2>\n<\/div><\/div><div class=\"w-separator size_custom with_line width_default thick_1 style_solid color_border align_center\" style=\"height:2px\"><div class=\"w-separator-h\"><\/div><\/div><div class=\"w-separator size_small\"><\/div><div class=\"wpb_text_column\"><div class=\"wpb_wrapper\"><p>Als Unternehmen mit Erfahrung in der Realisierung verschiedenster Felskonstruktionen sind wir in der Lage, nahezu jede Herausforderung zu meistern. Dazu geh\u00f6ren unter anderem k\u00fcnstliche Str\u00e4nde, die nat\u00fcrlichen Str\u00e4nden t\u00e4uschend \u00e4hnlich sehen. Meistens f\u00fchren wir diese Art von Auftr\u00e4gen f\u00fcr Zoos, Vergn\u00fcgungsparks, Elemente der \u00f6ffentlichen Architektur sowie f\u00fcr viele andere Unternehmen, meist aus der Unterhaltungsbranche, aus. Damit der von uns hergestellte k\u00fcnstliche Strand so realistisch wie m\u00f6glich aussieht, verwenden wir nur sorgf\u00e4ltig ausgew\u00e4hlte Halbfertigprodukte, die den besten visuellen Effekt erzielen. Wir sorgen auch f\u00fcr eine angemessene Textur und Farbgebung, die beispielsweise auf ein bestimmtes Klima oder einen bestimmten Ort in der Welt verweist. Bei Fragen wenden Sie sich bitte an unsere Berater! Sie werden mit Sicherheit alle Zweifel kl\u00e4ren und eine angemessene L\u00f6sung vorschlagen.<\/p>\n<\/div><\/div><div class=\"w-grid type_grid layout_gallery_default cols_4 ratio_1x1\" id=\"us_grid_1\" data-filterable=\"true\"><style>#us_grid_1 .w-grid-item{padding:5px}#us_grid_1 .w-grid-list{margin:-5px}.w-grid + #us_grid_1 .w-grid-list,.w-grid-none + #us_grid_1 .w-grid-list{margin-top:5px}@media (max-width:1199px){#us_grid_1 .w-grid-item{width:33.3333%}#us_grid_1 .w-grid-item.size_2x1,#us_grid_1 .w-grid-item.size_2x2{width:66.6667%}}@media (max-width:899px){#us_grid_1 .w-grid-item{width:50%}#us_grid_1 .w-grid-item.size_2x1,#us_grid_1 .w-grid-item.size_2x2{width:100%}}@media (max-width:599px){#us_grid_1 .w-grid-item{width:50%}#us_grid_1 .w-grid-item.size_2x1,#us_grid_1 .w-grid-item.size_2x2{width:100%}}#us_grid_1 .w-grid-item-h:before{padding-bottom:100%}.layout_gallery_default .w-grid-item-h:before{padding-bottom:100%}@media (min-width:600px){.layout_gallery_default .w-grid-item.size_1x2 .w-grid-item-h:before{padding-bottom:calc(200% + 5px + 5px)}.layout_gallery_default .w-grid-item.size_2x1 .w-grid-item-h:before{padding-bottom:calc(50% - 5px * 1)}.layout_gallery_default .w-grid-item.size_2x2 .w-grid-item-h:before{padding-bottom:calc(100% - 5px * 0)}}.layout_gallery_default .w-grid-item-h{}<\/style><div class=\"w-grid-list\">\t<article class=\"w-grid-item post-2189 attachment type-attachment status-inherit hentry\" data-id=\"2189\">\r\n\t\t<div class=\"w-grid-item-h\">\r\n\t\t\t\t\t\t\t<a class=\"w-grid-item-anchor\" href=\"https:\/\/artsystemdeco.com\/wp-content\/uploads\/2023\/02\/17.jpg\" ref=\"magnificPopupGrid\" title aria-label><\/a>\r\n\t\t\t\t\t\t<div class=\"w-post-elm post_image usg_post_image_1 stretched\"><img width=\"1024\" height=\"683\" src=\"https:\/\/artsystemdeco.com\/wp-content\/uploads\/2023\/02\/17-1024x683.jpg\" class=\"attachment-large size-large\" alt=\"\" decoding=\"async\" loading=\"lazy\" srcset=\"https:\/\/artsystemdeco.com\/wp-content\/uploads\/2023\/02\/17-1024x683.jpg 1024w, https:\/\/artsystemdeco.com\/wp-content\/uploads\/2023\/02\/17-300x200.jpg 300w, https:\/\/artsystemdeco.com\/wp-content\/uploads\/2023\/02\/17.jpg 1600w\" sizes=\"(max-width: 1024px) 100vw, 1024px\" \/><\/div>\t\t<\/div>\r\n\t<\/article>\r\n\t<article class=\"w-grid-item post-2191 attachment type-attachment status-inherit hentry\" data-id=\"2191\">\r\n\t\t<div class=\"w-grid-item-h\">\r\n\t\t\t\t\t\t\t<a class=\"w-grid-item-anchor\" href=\"https:\/\/artsystemdeco.com\/wp-content\/uploads\/2023\/02\/29.jpg\" ref=\"magnificPopupGrid\" title aria-label><\/a>\r\n\t\t\t\t\t\t<div class=\"w-post-elm post_image usg_post_image_1 stretched\"><img width=\"1024\" height=\"683\" src=\"https:\/\/artsystemdeco.com\/wp-content\/uploads\/2023\/02\/29-1024x683.jpg\" class=\"attachment-large size-large\" alt=\"\" decoding=\"async\" loading=\"lazy\" srcset=\"https:\/\/artsystemdeco.com\/wp-content\/uploads\/2023\/02\/29-1024x683.jpg 1024w, https:\/\/artsystemdeco.com\/wp-content\/uploads\/2023\/02\/29-300x200.jpg 300w, https:\/\/artsystemdeco.com\/wp-content\/uploads\/2023\/02\/29.jpg 1600w\" sizes=\"(max-width: 1024px) 100vw, 1024px\" \/><\/div>\t\t<\/div>\r\n\t<\/article>\r\n\t<article class=\"w-grid-item post-2193 attachment type-attachment status-inherit hentry\" data-id=\"2193\">\r\n\t\t<div class=\"w-grid-item-h\">\r\n\t\t\t\t\t\t\t<a class=\"w-grid-item-anchor\" href=\"https:\/\/artsystemdeco.com\/wp-content\/uploads\/2023\/02\/38.jpg\" ref=\"magnificPopupGrid\" title aria-label><\/a>\r\n\t\t\t\t\t\t<div class=\"w-post-elm post_image usg_post_image_1 stretched\"><img width=\"1024\" height=\"683\" src=\"https:\/\/artsystemdeco.com\/wp-content\/uploads\/2023\/02\/38-1024x683.jpg\" class=\"attachment-large size-large\" alt=\"\" decoding=\"async\" loading=\"lazy\" srcset=\"https:\/\/artsystemdeco.com\/wp-content\/uploads\/2023\/02\/38-1024x683.jpg 1024w, https:\/\/artsystemdeco.com\/wp-content\/uploads\/2023\/02\/38-300x200.jpg 300w, https:\/\/artsystemdeco.com\/wp-content\/uploads\/2023\/02\/38.jpg 1600w\" sizes=\"(max-width: 1024px) 100vw, 1024px\" \/><\/div>\t\t<\/div>\r\n\t<\/article>\r\n\t<article class=\"w-grid-item post-2195 attachment type-attachment status-inherit hentry\" data-id=\"2195\">\r\n\t\t<div class=\"w-grid-item-h\">\r\n\t\t\t\t\t\t\t<a class=\"w-grid-item-anchor\" href=\"https:\/\/artsystemdeco.com\/wp-content\/uploads\/2023\/02\/49-1.jpg\" ref=\"magnificPopupGrid\" title aria-label><\/a>\r\n\t\t\t\t\t\t<div class=\"w-post-elm post_image usg_post_image_1 stretched\"><img width=\"1024\" height=\"683\" src=\"https:\/\/artsystemdeco.com\/wp-content\/uploads\/2023\/02\/49-1-1024x683.jpg\" class=\"attachment-large size-large\" alt=\"\" decoding=\"async\" loading=\"lazy\" srcset=\"https:\/\/artsystemdeco.com\/wp-content\/uploads\/2023\/02\/49-1-1024x683.jpg 1024w, https:\/\/artsystemdeco.com\/wp-content\/uploads\/2023\/02\/49-1-300x200.jpg 300w, https:\/\/artsystemdeco.com\/wp-content\/uploads\/2023\/02\/49-1.jpg 1600w\" sizes=\"(max-width: 1024px) 100vw, 1024px\" \/><\/div>\t\t<\/div>\r\n\t<\/article>\r\n\t<article class=\"w-grid-item post-2199 attachment type-attachment status-inherit hentry\" data-id=\"2199\">\r\n\t\t<div class=\"w-grid-item-h\">\r\n\t\t\t\t\t\t\t<a class=\"w-grid-item-anchor\" href=\"https:\/\/artsystemdeco.com\/wp-content\/uploads\/2023\/02\/66.jpg\" ref=\"magnificPopupGrid\" title aria-label><\/a>\r\n\t\t\t\t\t\t<div class=\"w-post-elm post_image usg_post_image_1 stretched\"><img width=\"1024\" height=\"683\" src=\"https:\/\/artsystemdeco.com\/wp-content\/uploads\/2023\/02\/66-1024x683.jpg\" class=\"attachment-large size-large\" alt=\"\" decoding=\"async\" loading=\"lazy\" srcset=\"https:\/\/artsystemdeco.com\/wp-content\/uploads\/2023\/02\/66-1024x683.jpg 1024w, https:\/\/artsystemdeco.com\/wp-content\/uploads\/2023\/02\/66-300x200.jpg 300w, https:\/\/artsystemdeco.com\/wp-content\/uploads\/2023\/02\/66.jpg 1600w\" sizes=\"(max-width: 1024px) 100vw, 1024px\" \/><\/div>\t\t<\/div>\r\n\t<\/article>\r\n\t<article class=\"w-grid-item post-2197 attachment type-attachment status-inherit hentry\" data-id=\"2197\">\r\n\t\t<div class=\"w-grid-item-h\">\r\n\t\t\t\t\t\t\t<a class=\"w-grid-item-anchor\" href=\"https:\/\/artsystemdeco.com\/wp-content\/uploads\/2023\/02\/56.jpg\" ref=\"magnificPopupGrid\" title aria-label><\/a>\r\n\t\t\t\t\t\t<div class=\"w-post-elm post_image usg_post_image_1 stretched\"><img width=\"1024\" height=\"683\" src=\"https:\/\/artsystemdeco.com\/wp-content\/uploads\/2023\/02\/56-1024x683.jpg\" class=\"attachment-large size-large\" alt=\"\" decoding=\"async\" loading=\"lazy\" srcset=\"https:\/\/artsystemdeco.com\/wp-content\/uploads\/2023\/02\/56-1024x683.jpg 1024w, https:\/\/artsystemdeco.com\/wp-content\/uploads\/2023\/02\/56-300x200.jpg 300w, https:\/\/artsystemdeco.com\/wp-content\/uploads\/2023\/02\/56.jpg 1600w\" sizes=\"(max-width: 1024px) 100vw, 1024px\" \/><\/div>\t\t<\/div>\r\n\t<\/article>\r\n\t<article class=\"w-grid-item post-2201 attachment type-attachment status-inherit hentry\" data-id=\"2201\">\r\n\t\t<div class=\"w-grid-item-h\">\r\n\t\t\t\t\t\t\t<a class=\"w-grid-item-anchor\" href=\"https:\/\/artsystemdeco.com\/wp-content\/uploads\/2023\/02\/72-1.jpg\" ref=\"magnificPopupGrid\" title aria-label><\/a>\r\n\t\t\t\t\t\t<div class=\"w-post-elm post_image usg_post_image_1 stretched\"><img width=\"1024\" height=\"683\" src=\"https:\/\/artsystemdeco.com\/wp-content\/uploads\/2023\/02\/72-1-1024x683.jpg\" class=\"attachment-large size-large\" alt=\"\" decoding=\"async\" loading=\"lazy\" srcset=\"https:\/\/artsystemdeco.com\/wp-content\/uploads\/2023\/02\/72-1-1024x683.jpg 1024w, https:\/\/artsystemdeco.com\/wp-content\/uploads\/2023\/02\/72-1-300x200.jpg 300w, https:\/\/artsystemdeco.com\/wp-content\/uploads\/2023\/02\/72-1.jpg 1600w\" sizes=\"(max-width: 1024px) 100vw, 1024px\" \/><\/div>\t\t<\/div>\r\n\t<\/article>\r\n\t<article class=\"w-grid-item post-2203 attachment type-attachment status-inherit hentry\" data-id=\"2203\">\r\n\t\t<div class=\"w-grid-item-h\">\r\n\t\t\t\t\t\t\t<a class=\"w-grid-item-anchor\" href=\"https:\/\/artsystemdeco.com\/wp-content\/uploads\/2023\/02\/83.jpg\" ref=\"magnificPopupGrid\" title aria-label><\/a>\r\n\t\t\t\t\t\t<div class=\"w-post-elm post_image usg_post_image_1 stretched\"><img width=\"1024\" height=\"683\" src=\"https:\/\/artsystemdeco.com\/wp-content\/uploads\/2023\/02\/83-1024x683.jpg\" class=\"attachment-large size-large\" alt=\"\" decoding=\"async\" loading=\"lazy\" srcset=\"https:\/\/artsystemdeco.com\/wp-content\/uploads\/2023\/02\/83-1024x683.jpg 1024w, https:\/\/artsystemdeco.com\/wp-content\/uploads\/2023\/02\/83-300x200.jpg 300w, https:\/\/artsystemdeco.com\/wp-content\/uploads\/2023\/02\/83.jpg 1600w\" sizes=\"(max-width: 1024px) 100vw, 1024px\" \/><\/div>\t\t<\/div>\r\n\t<\/article>\r\n<\/div><div class=\"w-grid-preloader\"><div class=\"g-preloader type_1\">\r\n\t<div><\/div>\r\n<\/div>\r\n<\/div>\t<div class=\"w-grid-json hidden\" onclick='return {&quot;action&quot;:&quot;us_ajax_grid&quot;,&quot;ajax_url&quot;:&quot;https:\\\/\\\/artsystemdeco.com\\\/wp-admin\\\/admin-ajax.php&quot;,&quot;infinite_scroll&quot;:0,&quot;max_num_pages&quot;:1,&quot;pagination&quot;:&quot;none&quot;,&quot;permalink_url&quot;:&quot;https:\\\/\\\/artsystemdeco.com\\\/de\\\/wp-json\\\/wp\\\/v2\\\/pages\\\/2893\\\/&quot;,&quot;template_vars&quot;:{&quot;columns&quot;:&quot;4&quot;,&quot;exclude_items&quot;:&quot;none&quot;,&quot;img_size&quot;:&quot;default&quot;,&quot;ignore_items_size&quot;:0,&quot;items_layout&quot;:&quot;gallery_default&quot;,&quot;items_offset&quot;:&quot;1&quot;,&quot;load_animation&quot;:&quot;none&quot;,&quot;overriding_link&quot;:&quot;popup_post_image&quot;,&quot;post_id&quot;:2893,&quot;query_args&quot;:{&quot;post_type&quot;:[&quot;attachment&quot;],&quot;post__in&quot;:[&quot;348&quot;,&quot;349&quot;,&quot;350&quot;,&quot;351&quot;,&quot;353&quot;,&quot;352&quot;,&quot;354&quot;,&quot;355&quot;],&quot;post_status&quot;:&quot;inherit&quot;,&quot;post_mime_type&quot;:&quot;image&quot;,&quot;posts_per_page&quot;:&quot;999&quot;},&quot;orderby_query_args&quot;:{&quot;orderby&quot;:{&quot;post__in&quot;:&quot;ASC&quot;},&quot;order&quot;:&quot;ASC&quot;},&quot;type&quot;:&quot;grid&quot;,&quot;us_grid_ajax_index&quot;:1,&quot;us_grid_filter_params&quot;:null,&quot;us_grid_index&quot;:1,&quot;_us_grid_post_type&quot;:&quot;attachment&quot;,&quot;lang&quot;:&quot;de&quot;}}'><\/div>\r\n\t<\/div><\/div><\/div><\/div><\/div><\/div><\/section>\n","protected":false},"excerpt":{"rendered":"","protected":false},"author":1,"featured_media":0,"parent":2878,"menu_order":0,"comment_status":"closed","ping_status":"closed","template":"","meta":[],"acf":[],"yoast_head":"<!-- This site is optimized with the Yoast SEO plugin v20.13 - https:\/\/yoast.com\/wordpress\/plugins\/seo\/ -->\n<title>GALERIE - K\u00dcNSTLICHE STR\u00c4NDE - ArtSystemDeco<\/title>\n<meta name=\"robots\" content=\"index, follow, max-snippet:-1, max-image-preview:large, max-video-preview:-1\" \/>\n<link rel=\"canonical\" href=\"https:\/\/artsystemdeco.com\/de\/galerie\/kunstliche-strande\/\" \/>\n<meta property=\"og:locale\" content=\"de_DE\" \/>\n<meta property=\"og:type\" content=\"article\" \/>\n<meta property=\"og:title\" content=\"GALERIE - K\u00dcNSTLICHE STR\u00c4NDE - ArtSystemDeco\" \/>\n<meta property=\"og:url\" content=\"https:\/\/artsystemdeco.com\/de\/galerie\/kunstliche-strande\/\" \/>\n<meta property=\"og:site_name\" content=\"ArtSystemDeco\" \/>\n<meta property=\"article:modified_time\" content=\"2023-09-08T10:02:33+00:00\" \/>\n<meta name=\"twitter:card\" content=\"summary_large_image\" \/>\n<meta name=\"twitter:label1\" content=\"Gesch\u00e4tzte Lesezeit\" \/>\n\t<meta name=\"twitter:data1\" content=\"1\u00a0Minute\" \/>\n<script type=\"application\/ld+json\" class=\"yoast-schema-graph\">{\"@context\":\"https:\/\/schema.org\",\"@graph\":[{\"@type\":\"WebPage\",\"@id\":\"https:\/\/artsystemdeco.com\/de\/galerie\/kunstliche-strande\/\",\"url\":\"https:\/\/artsystemdeco.com\/de\/galerie\/kunstliche-strande\/\",\"name\":\"GALERIE - K\u00dcNSTLICHE STR\u00c4NDE - ArtSystemDeco\",\"isPartOf\":{\"@id\":\"https:\/\/artsystemdeco.com\/de\/#website\"},\"datePublished\":\"2023-02-27T14:47:31+00:00\",\"dateModified\":\"2023-09-08T10:02:33+00:00\",\"breadcrumb\":{\"@id\":\"https:\/\/artsystemdeco.com\/de\/galerie\/kunstliche-strande\/#breadcrumb\"},\"inLanguage\":\"de\",\"potentialAction\":[{\"@type\":\"ReadAction\",\"target\":[\"https:\/\/artsystemdeco.com\/de\/galerie\/kunstliche-strande\/\"]}]},{\"@type\":\"BreadcrumbList\",\"@id\":\"https:\/\/artsystemdeco.com\/de\/galerie\/kunstliche-strande\/#breadcrumb\",\"itemListElement\":[{\"@type\":\"ListItem\",\"position\":1,\"name\":\"Strona g\u0142\u00f3wna\",\"item\":\"https:\/\/artsystemdeco.com\/de\/\"},{\"@type\":\"ListItem\",\"position\":2,\"name\":\"Galerie\",\"item\":\"https:\/\/artsystemdeco.com\/de\/galerie\/\"},{\"@type\":\"ListItem\",\"position\":3,\"name\":\"GALERIE &#8211; K\u00dcNSTLICHE STR\u00c4NDE\"}]},{\"@type\":\"WebSite\",\"@id\":\"https:\/\/artsystemdeco.com\/de\/#website\",\"url\":\"https:\/\/artsystemdeco.com\/de\/\",\"name\":\"ArtSystemDeco\",\"description\":\"\",\"potentialAction\":[{\"@type\":\"SearchAction\",\"target\":{\"@type\":\"EntryPoint\",\"urlTemplate\":\"https:\/\/artsystemdeco.com\/de\/?s={search_term_string}\"},\"query-input\":\"required name=search_term_string\"}],\"inLanguage\":\"de\"}]}<\/script>\n<!-- \/ Yoast SEO plugin. -->","yoast_head_json":{"title":"GALERIE - K\u00dcNSTLICHE STR\u00c4NDE - ArtSystemDeco","robots":{"index":"index","follow":"follow","max-snippet":"max-snippet:-1","max-image-preview":"max-image-preview:large","max-video-preview":"max-video-preview:-1"},"canonical":"https:\/\/artsystemdeco.com\/de\/galerie\/kunstliche-strande\/","og_locale":"de_DE","og_type":"article","og_title":"GALERIE - K\u00dcNSTLICHE STR\u00c4NDE - ArtSystemDeco","og_url":"https:\/\/artsystemdeco.com\/de\/galerie\/kunstliche-strande\/","og_site_name":"ArtSystemDeco","article_modified_time":"2023-09-08T10:02:33+00:00","twitter_card":"summary_large_image","twitter_misc":{"Gesch\u00e4tzte Lesezeit":"1\u00a0Minute"},"schema":{"@context":"https:\/\/schema.org","@graph":[{"@type":"WebPage","@id":"https:\/\/artsystemdeco.com\/de\/galerie\/kunstliche-strande\/","url":"https:\/\/artsystemdeco.com\/de\/galerie\/kunstliche-strande\/","name":"GALERIE - K\u00dcNSTLICHE STR\u00c4NDE - ArtSystemDeco","isPartOf":{"@id":"https:\/\/artsystemdeco.com\/de\/#website"},"datePublished":"2023-02-27T14:47:31+00:00","dateModified":"2023-09-08T10:02:33+00:00","breadcrumb":{"@id":"https:\/\/artsystemdeco.com\/de\/galerie\/kunstliche-strande\/#breadcrumb"},"inLanguage":"de","potentialAction":[{"@type":"ReadAction","target":["https:\/\/artsystemdeco.com\/de\/galerie\/kunstliche-strande\/"]}]},{"@type":"BreadcrumbList","@id":"https:\/\/artsystemdeco.com\/de\/galerie\/kunstliche-strande\/#breadcrumb","itemListElement":[{"@type":"ListItem","position":1,"name":"Strona g\u0142\u00f3wna","item":"https:\/\/artsystemdeco.com\/de\/"},{"@type":"ListItem","position":2,"name":"Galerie","item":"https:\/\/artsystemdeco.com\/de\/galerie\/"},{"@type":"ListItem","position":3,"name":"GALERIE &#8211; K\u00dcNSTLICHE STR\u00c4NDE"}]},{"@type":"WebSite","@id":"https:\/\/artsystemdeco.com\/de\/#website","url":"https:\/\/artsystemdeco.com\/de\/","name":"ArtSystemDeco","description":"","potentialAction":[{"@type":"SearchAction","target":{"@type":"EntryPoint","urlTemplate":"https:\/\/artsystemdeco.com\/de\/?s={search_term_string}"},"query-input":"required name=search_term_string"}],"inLanguage":"de"}]}},"_links":{"self":[{"href":"https:\/\/artsystemdeco.com\/de\/wp-json\/wp\/v2\/pages\/2893"}],"collection":[{"href":"https:\/\/artsystemdeco.com\/de\/wp-json\/wp\/v2\/pages"}],"about":[{"href":"https:\/\/artsystemdeco.com\/de\/wp-json\/wp\/v2\/types\/page"}],"author":[{"embeddable":true,"href":"https:\/\/artsystemdeco.com\/de\/wp-json\/wp\/v2\/users\/1"}],"replies":[{"embeddable":true,"href":"https:\/\/artsystemdeco.com\/de\/wp-json\/wp\/v2\/comments?post=2893"}],"version-history":[{"count":2,"href":"https:\/\/artsystemdeco.com\/de\/wp-json\/wp\/v2\/pages\/2893\/revisions"}],"predecessor-version":[{"id":3254,"href":"https:\/\/artsystemdeco.com\/de\/wp-json\/wp\/v2\/pages\/2893\/revisions\/3254"}],"up":[{"embeddable":true,"href":"https:\/\/artsystemdeco.com\/de\/wp-json\/wp\/v2\/pages\/2878"}],"wp:attachment":[{"href":"https:\/\/artsystemdeco.com\/de\/wp-json\/wp\/v2\/media?parent=2893"}],"curies":[{"name":"wp","href":"https:\/\/api.w.org\/{rel}","templated":true}]}}