{"id":2933,"date":"2023-02-27T12:28:32","date_gmt":"2023-02-27T11:28:32","guid":{"rendered":"https:\/\/artsystemdeco.com\/blog\/"},"modified":"2023-08-02T08:10:33","modified_gmt":"2023-08-02T06:10:33","slug":"blog","status":"publish","type":"page","link":"https:\/\/artsystemdeco.com\/de\/blog\/","title":{"rendered":"Blog"},"content":{"rendered":"<section class=\"l-section wpb_row height_medium\"><div class=\"l-section-h i-cf\"><div class=\"g-cols vc_row via_flex valign_top type_default stacking_default\"><div class=\"vc_col-sm-12 wpb_column vc_column_container\"><div class=\"vc_column-inner us_custom_47474b22 us_animate_this\"><div class=\"wpb_wrapper\"><div class=\"w-grid type_grid layout_3141\" id=\"us_grid_1\" data-filterable=\"true\"><style>#us_grid_1 .w-grid-item:not(:last-child){margin-bottom:1.5rem}#us_grid_1 .g-loadmore{margin-top:1.5rem}.layout_3141 .w-grid-item-h{}.layout_3141 .usg_post_title_1{font-size:22px!important;font-weight:400!important;margin-bottom:1.5rem!important}.layout_3141 .usg_btn_1{margin-top:1.5rem!important;margin-bottom:2rem!important}@media (min-width:1025px) and (max-width:1280px){.layout_3141 .usg_post_title_1{font-size:1.6rem!important;font-weight:700!important}}@media (min-width:769px) and (max-width:1024px){.layout_3141 .usg_post_title_1{font-size:1.6rem!important;font-weight:700!important}}@media (max-width:768px){.layout_3141 .usg_post_title_1{font-size:1.3rem!important;font-weight:700!important}}<\/style><div class=\"w-grid-list\">\t<article class=\"w-grid-item size_1x1 post-2940 post type-post status-publish format-standard hentry category-unkategorisiert\" data-id=\"2940\">\r\n\t\t<div class=\"w-grid-item-h\">\r\n\t\t\t\t\t\t<h2 class=\"w-post-elm post_title usg_post_title_1 entry-title color_link_inherit\"><a href=\"https:\/\/artsystemdeco.com\/de\/was-haben-die-kunstlichen-felsen-im-innern\/\">WAS HABEN DIE K\u00dcNSTLICHEN FELSEN IM INNERN?<\/a><\/h2><div class=\"w-post-elm post_content usg_post_content_1\">Der Garten ist zweifellos ein Ort, der mit Ruhe und Gelassenheit verbunden ist. Es ist eine heimische Oase, in der wir uns entspannen und unsere Freizeit genie\u00dfen m\u00f6chten. Deshalb bem\u00fcht sich jeder Gartenbesitzer, diesen au\u00dfergew\u00f6hnlichen Raum bestm\u00f6glich zu gestalten, damit er zu jeder Tages- und Jahreszeit gro\u00dfartig aussieht. Eine \u00e4u\u00dferst interessante L\u00f6sung, nach der immer mehr Menschen greifen, sind k\u00fcnstliche Steine, die dem dekorativen Aspekt dienen. Die daraus gebauten Wasserf\u00e4lle oder eine Terrasse mit Bank sind gro\u00dfartige Ideen f\u00fcr die Gestaltung des Gartens, die ihm ein modernes Aussehen verleihen. Viele Menschen fragen sich jedoch, was k\u00fcnstliche Felsen im Inneren haben und wie sie tats\u00e4chlich gebaut sind, dass sie eine so atemberaubende Wirkung haben. Die Antwort auf diese Frage finden Sie&hellip;<\/div><a class=\"w-btn us-btn-style_2 usg_btn_1\" href=\"https:\/\/artsystemdeco.com\/de\/was-haben-die-kunstlichen-felsen-im-innern\/\"><span class=\"w-btn-label\">Mehr dazu<\/span><\/a>\t\t<\/div>\r\n\t<\/article>\r\n\t<article class=\"w-grid-item size_1x1 post-2942 post type-post status-publish format-standard hentry category-unkategorisiert\" data-id=\"2942\">\r\n\t\t<div class=\"w-grid-item-h\">\r\n\t\t\t\t\t\t<h2 class=\"w-post-elm post_title usg_post_title_1 entry-title color_link_inherit\"><a href=\"https:\/\/artsystemdeco.com\/de\/anwendung-von-imitationen-von-steinen-und-felsen\/\">ANWENDUNG VON IMITATIONEN VON STEINEN UND FELSEN<\/a><\/h2><div class=\"w-post-elm post_content usg_post_content_1\">Heute ist ein Trend zu beobachten, bei dem k\u00fcnstliche Felsformationen immer beliebter werden als bisher. Bislang haben wir sie vor allem in Zoos als Teil von Tiergehegen oder in Parks gesehen, wo sie meist als dekoratives Element dienten. Seit einiger Zeit hat sich ihre Anwendung erweitert, was durch ihre h\u00e4ufige Pr\u00e4senz in Hausg\u00e4rten sowie in vielen Objekten best\u00e4tigt wird, mit denen wir t\u00e4glich in Kontakt kommen, z.B. in Einkaufszentren. F\u00fcr viele Menschen ist daher die Frage berechtigt, ob Nachahmungen von Gesteinen und Steinen \u00fcberhaupt notwendig sind, da es in der Natur nat\u00fcrliche Gegenst\u00fccke gibt. Derartige \u00dcberlegungen \u00fcberraschen nicht, aber es sei gleich darauf hingewiesen, dass die beschriebenen Strukturen in vielf\u00e4ltiger Weise genutzt werden und ihre Vorteile nicht hoch genug eingesch\u00e4tzt&hellip;<\/div><a class=\"w-btn us-btn-style_2 usg_btn_1\" href=\"https:\/\/artsystemdeco.com\/de\/anwendung-von-imitationen-von-steinen-und-felsen\/\"><span class=\"w-btn-label\">Mehr dazu<\/span><\/a>\t\t<\/div>\r\n\t<\/article>\r\n\t<article class=\"w-grid-item size_1x1 post-2944 post type-post status-publish format-standard hentry category-unkategorisiert\" data-id=\"2944\">\r\n\t\t<div class=\"w-grid-item-h\">\r\n\t\t\t\t\t\t<h2 class=\"w-post-elm post_title usg_post_title_1 entry-title color_link_inherit\"><a href=\"https:\/\/artsystemdeco.com\/de\/warum-lohnt-es-sich-kunstliche-steine-felen-und-dekoraionen-ze-verwenden\/\">WARUM LOHNT ES SICH, K\u00dcNSTLICHE STEINE, FELEN UND DEKORATIONEN ZU VERWENDEN?<\/a><\/h2><div class=\"w-post-elm post_content usg_post_content_1\">Derzeit besteht gro\u00dfes Interesse an der Verwendung von k\u00fcnstlichen Steinen im Zusammenhang mit der Dekoration von G\u00e4rten, Parks oder anderen Orten, an denen wir uns h\u00e4ufig aufhalten. Dieser Trend ist in der Raumgestaltung sehr verbreitet, aber es gibt keinen Grund, sich zu wundern. Imitationen von Steinen sehen gro\u00dfartig aus und stellen in fast jeder Hinsicht eine hervorragende Alternative zu ihren nat\u00fcrlichen Gegenst\u00fccken dar. Warum lohnt es sich, k\u00fcnstliche Steine, Felsen und Dekorationen zu verwenden? Imitationen von Steinen sind eine Dekoration f\u00fcr jeden Raum. Aufgrund der M\u00f6glichkeit, sie beliebig zu gestalten, f\u00fcgen sich Kunstgesteine perfekt in jede Umgebung ein. Daher werden sie an vielen Orten eingesetzt, u.a. in Zoos, Wasserparks, SPAs oder Schwimmb\u00e4dern. K\u00fcnstliche Felsen passen auch perfekt in den Hinterhofgarten,&hellip;<\/div><a class=\"w-btn us-btn-style_2 usg_btn_1\" href=\"https:\/\/artsystemdeco.com\/de\/warum-lohnt-es-sich-kunstliche-steine-felen-und-dekoraionen-ze-verwenden\/\"><span class=\"w-btn-label\">Mehr dazu<\/span><\/a>\t\t<\/div>\r\n\t<\/article>\r\n<\/div><div class=\"w-grid-preloader\"><div class=\"g-preloader type_1\">\r\n\t<div><\/div>\r\n<\/div>\r\n<\/div>\t<div class=\"w-grid-json hidden\" onclick='return {&quot;action&quot;:&quot;us_ajax_grid&quot;,&quot;ajax_url&quot;:&quot;https:\\\/\\\/artsystemdeco.com\\\/wp-admin\\\/admin-ajax.php&quot;,&quot;infinite_scroll&quot;:0,&quot;max_num_pages&quot;:1,&quot;pagination&quot;:&quot;none&quot;,&quot;permalink_url&quot;:&quot;https:\\\/\\\/artsystemdeco.com\\\/de\\\/wp-json\\\/wp\\\/v2\\\/pages\\\/2933\\\/&quot;,&quot;template_vars&quot;:{&quot;columns&quot;:&quot;1&quot;,&quot;exclude_items&quot;:&quot;none&quot;,&quot;img_size&quot;:&quot;default&quot;,&quot;ignore_items_size&quot;:0,&quot;items_layout&quot;:&quot;3141&quot;,&quot;items_offset&quot;:&quot;1&quot;,&quot;load_animation&quot;:&quot;none&quot;,&quot;overriding_link&quot;:&quot;none&quot;,&quot;post_id&quot;:2933,&quot;query_args&quot;:{&quot;post_type&quot;:[&quot;post&quot;],&quot;post_status&quot;:[&quot;publish&quot;,&quot;acf-disabled&quot;],&quot;posts_per_page&quot;:&quot;10&quot;},&quot;orderby_query_args&quot;:{&quot;orderby&quot;:{&quot;date&quot;:&quot;DESC&quot;}},&quot;type&quot;:&quot;grid&quot;,&quot;us_grid_ajax_index&quot;:1,&quot;us_grid_filter_params&quot;:null,&quot;us_grid_index&quot;:1,&quot;_us_grid_post_type&quot;:&quot;post&quot;,&quot;lang&quot;:&quot;de&quot;}}'><\/div>\r\n\t<\/div><\/div><\/div><\/div><\/div><\/div><\/section>\n","protected":false},"excerpt":{"rendered":"Derzeit besteht gro\u00dfes Interesse an der Verwendung von k\u00fcnstlichen Steinen im Zusammenhang mit der Dekoration von G\u00e4rten, Parks oder anderen Orten, an denen wir uns h\u00e4ufig aufhalten. Dieser Trend ist in der Raumgestaltung sehr verbreitet, aber es gibt keinen Grund, sich zu wundern. Imitationen von Steinen sehen gro\u00dfartig aus und stellen in fast jeder Hinsicht...","protected":false},"author":1,"featured_media":0,"parent":0,"menu_order":0,"comment_status":"closed","ping_status":"closed","template":"","meta":[],"acf":[],"yoast_head":"<!-- This site is optimized with the Yoast SEO plugin v20.13 - https:\/\/yoast.com\/wordpress\/plugins\/seo\/ -->\n<title>Blog - ArtSystemDeco<\/title>\n<meta name=\"robots\" content=\"index, follow, max-snippet:-1, max-image-preview:large, max-video-preview:-1\" \/>\n<link rel=\"canonical\" href=\"https:\/\/artsystemdeco.com\/de\/blog\/\" \/>\n<meta property=\"og:locale\" content=\"de_DE\" \/>\n<meta property=\"og:type\" content=\"article\" \/>\n<meta property=\"og:title\" content=\"Blog - ArtSystemDeco\" \/>\n<meta property=\"og:url\" content=\"https:\/\/artsystemdeco.com\/de\/blog\/\" \/>\n<meta property=\"og:site_name\" content=\"ArtSystemDeco\" \/>\n<meta property=\"article:modified_time\" content=\"2023-08-02T06:10:33+00:00\" \/>\n<meta name=\"twitter:card\" content=\"summary_large_image\" \/>\n<meta name=\"twitter:label1\" content=\"Gesch\u00e4tzte Lesezeit\" \/>\n\t<meta name=\"twitter:data1\" content=\"1\u00a0Minute\" \/>\n<script type=\"application\/ld+json\" class=\"yoast-schema-graph\">{\"@context\":\"https:\/\/schema.org\",\"@graph\":[{\"@type\":\"WebPage\",\"@id\":\"https:\/\/artsystemdeco.com\/de\/blog\/\",\"url\":\"https:\/\/artsystemdeco.com\/de\/blog\/\",\"name\":\"Blog - ArtSystemDeco\",\"isPartOf\":{\"@id\":\"https:\/\/artsystemdeco.com\/de\/#website\"},\"datePublished\":\"2023-02-27T11:28:32+00:00\",\"dateModified\":\"2023-08-02T06:10:33+00:00\",\"breadcrumb\":{\"@id\":\"https:\/\/artsystemdeco.com\/de\/blog\/#breadcrumb\"},\"inLanguage\":\"de\",\"potentialAction\":[{\"@type\":\"ReadAction\",\"target\":[\"https:\/\/artsystemdeco.com\/de\/blog\/\"]}]},{\"@type\":\"BreadcrumbList\",\"@id\":\"https:\/\/artsystemdeco.com\/de\/blog\/#breadcrumb\",\"itemListElement\":[{\"@type\":\"ListItem\",\"position\":1,\"name\":\"Strona g\u0142\u00f3wna\",\"item\":\"https:\/\/artsystemdeco.com\/de\/\"},{\"@type\":\"ListItem\",\"position\":2,\"name\":\"Blog\"}]},{\"@type\":\"WebSite\",\"@id\":\"https:\/\/artsystemdeco.com\/de\/#website\",\"url\":\"https:\/\/artsystemdeco.com\/de\/\",\"name\":\"ArtSystemDeco\",\"description\":\"\",\"potentialAction\":[{\"@type\":\"SearchAction\",\"target\":{\"@type\":\"EntryPoint\",\"urlTemplate\":\"https:\/\/artsystemdeco.com\/de\/?s={search_term_string}\"},\"query-input\":\"required name=search_term_string\"}],\"inLanguage\":\"de\"}]}<\/script>\n<!-- \/ Yoast SEO plugin. -->","yoast_head_json":{"title":"Blog - ArtSystemDeco","robots":{"index":"index","follow":"follow","max-snippet":"max-snippet:-1","max-image-preview":"max-image-preview:large","max-video-preview":"max-video-preview:-1"},"canonical":"https:\/\/artsystemdeco.com\/de\/blog\/","og_locale":"de_DE","og_type":"article","og_title":"Blog - ArtSystemDeco","og_url":"https:\/\/artsystemdeco.com\/de\/blog\/","og_site_name":"ArtSystemDeco","article_modified_time":"2023-08-02T06:10:33+00:00","twitter_card":"summary_large_image","twitter_misc":{"Gesch\u00e4tzte Lesezeit":"1\u00a0Minute"},"schema":{"@context":"https:\/\/schema.org","@graph":[{"@type":"WebPage","@id":"https:\/\/artsystemdeco.com\/de\/blog\/","url":"https:\/\/artsystemdeco.com\/de\/blog\/","name":"Blog - ArtSystemDeco","isPartOf":{"@id":"https:\/\/artsystemdeco.com\/de\/#website"},"datePublished":"2023-02-27T11:28:32+00:00","dateModified":"2023-08-02T06:10:33+00:00","breadcrumb":{"@id":"https:\/\/artsystemdeco.com\/de\/blog\/#breadcrumb"},"inLanguage":"de","potentialAction":[{"@type":"ReadAction","target":["https:\/\/artsystemdeco.com\/de\/blog\/"]}]},{"@type":"BreadcrumbList","@id":"https:\/\/artsystemdeco.com\/de\/blog\/#breadcrumb","itemListElement":[{"@type":"ListItem","position":1,"name":"Strona g\u0142\u00f3wna","item":"https:\/\/artsystemdeco.com\/de\/"},{"@type":"ListItem","position":2,"name":"Blog"}]},{"@type":"WebSite","@id":"https:\/\/artsystemdeco.com\/de\/#website","url":"https:\/\/artsystemdeco.com\/de\/","name":"ArtSystemDeco","description":"","potentialAction":[{"@type":"SearchAction","target":{"@type":"EntryPoint","urlTemplate":"https:\/\/artsystemdeco.com\/de\/?s={search_term_string}"},"query-input":"required name=search_term_string"}],"inLanguage":"de"}]}},"_links":{"self":[{"href":"https:\/\/artsystemdeco.com\/de\/wp-json\/wp\/v2\/pages\/2933"}],"collection":[{"href":"https:\/\/artsystemdeco.com\/de\/wp-json\/wp\/v2\/pages"}],"about":[{"href":"https:\/\/artsystemdeco.com\/de\/wp-json\/wp\/v2\/types\/page"}],"author":[{"embeddable":true,"href":"https:\/\/artsystemdeco.com\/de\/wp-json\/wp\/v2\/users\/1"}],"replies":[{"embeddable":true,"href":"https:\/\/artsystemdeco.com\/de\/wp-json\/wp\/v2\/comments?post=2933"}],"version-history":[{"count":1,"href":"https:\/\/artsystemdeco.com\/de\/wp-json\/wp\/v2\/pages\/2933\/revisions"}],"predecessor-version":[{"id":3142,"href":"https:\/\/artsystemdeco.com\/de\/wp-json\/wp\/v2\/pages\/2933\/revisions\/3142"}],"wp:attachment":[{"href":"https:\/\/artsystemdeco.com\/de\/wp-json\/wp\/v2\/media?parent=2933"}],"curies":[{"name":"wp","href":"https:\/\/api.w.org\/{rel}","templated":true}]}}