{"id":4872,"date":"2023-09-25T11:22:21","date_gmt":"2023-09-25T09:22:21","guid":{"rendered":"https:\/\/artsystemdeco.com\/realizacje\/"},"modified":"2023-09-27T09:10:34","modified_gmt":"2023-09-27T07:10:34","slug":"projects","status":"publish","type":"page","link":"https:\/\/artsystemdeco.com\/en\/projects\/","title":{"rendered":"Projects"},"content":{"rendered":"<section class=\"l-section wpb_row us_custom_a21ea65f thin-content height_auto with_img\"><div class=\"l-section-img\" style=\"background-image: url(https:\/\/artsystemdeco.com\/wp-content\/uploads\/2023\/02\/BGG.jpg);background-repeat: no-repeat;\" data-img-width=\"1800\" data-img-height=\"600\"><\/div><div class=\"l-section-h i-cf\"><div class=\"g-cols vc_row via_flex valign_middle type_default stacking_default\"><div class=\"vc_col-sm-12 wpb_column vc_column_container\"><div class=\"vc_column-inner\"><div class=\"wpb_wrapper\"><h1 class=\"w-post-elm post_title us_custom_409b4cb1 align_right entry-title color_link_inherit\">Projects<\/h1><\/div><\/div><\/div><\/div><\/div><\/section><section class=\"l-section wpb_row o-firmie-iconbox thin-content height_medium\"><div class=\"l-section-h i-cf\"><div class=\"g-cols vc_row via_flex valign_top type_default stacking_default\"><div class=\"vc_col-sm-6 vc_col-xs-12 wpb_column vc_column_container\"><div class=\"vc_column-inner\"><div class=\"wpb_wrapper\"><div class=\"w-iconbox us_custom_b2399a20 service-article portfolio iconpos_top style_default color_primary align_center no_text icontype_img\"><a href=\"\/en\/projects\/arrangements-made-of-artificial-rocks-in-the-sosnowiec-exotarium\/\" class=\"w-iconbox-link\" aria-label=\"Arrangements made of artificial rocks in the Sosnowiec Exotarium\"><div class=\"w-iconbox-icon\"><img width=\"600\" height=\"400\" src=\"https:\/\/artsystemdeco.com\/wp-content\/uploads\/2023\/09\/aranzacje-sosnowiec-preview.jpg\" class=\"attachment-full size-full\" alt=\"\" decoding=\"async\" loading=\"lazy\" srcset=\"https:\/\/artsystemdeco.com\/wp-content\/uploads\/2023\/09\/aranzacje-sosnowiec-preview.jpg 600w, https:\/\/artsystemdeco.com\/wp-content\/uploads\/2023\/09\/aranzacje-sosnowiec-preview-300x200.jpg 300w\" sizes=\"(max-width: 600px) 100vw, 600px\" \/><\/div><\/a><div class=\"w-iconbox-meta\"><a href=\"\/en\/projects\/arrangements-made-of-artificial-rocks-in-the-sosnowiec-exotarium\/\" class=\"w-iconbox-link\" aria-label=\"Arrangements made of artificial rocks in the Sosnowiec Exotarium\"><h3 class=\"w-iconbox-title\">Arrangements made of artificial rocks in the Sosnowiec Exotarium<\/h3><\/a><\/div><\/div><div class=\"w-separator size_small\"><\/div><\/div><\/div><\/div><div class=\"vc_col-sm-6 vc_col-sm-offset-0 vc_col-xs-12 wpb_column vc_column_container\"><div class=\"vc_column-inner\"><div class=\"wpb_wrapper\"><div class=\"w-iconbox us_custom_b2399a20 service-article portfolio iconpos_top style_default color_primary align_center no_text icontype_img\"><a href=\"\/en\/projects\/artificial-rocks-and-artificial-trees-in-the-south-american-pavilion-at-the-silesian-zoo\/\" class=\"w-iconbox-link\" aria-label=\"Artificial rocks and artificial trees in the South American pavilion at the Silesian Zoo\"><div class=\"w-iconbox-icon\"><img width=\"600\" height=\"400\" src=\"https:\/\/artsystemdeco.com\/wp-content\/uploads\/2023\/09\/sztuczne-drzewa-slask-preview-3.jpg\" class=\"attachment-full size-full\" alt=\"\" decoding=\"async\" loading=\"lazy\" srcset=\"https:\/\/artsystemdeco.com\/wp-content\/uploads\/2023\/09\/sztuczne-drzewa-slask-preview-3.jpg 600w, https:\/\/artsystemdeco.com\/wp-content\/uploads\/2023\/09\/sztuczne-drzewa-slask-preview-3-300x200.jpg 300w\" sizes=\"(max-width: 600px) 100vw, 600px\" \/><\/div><\/a><div class=\"w-iconbox-meta\"><a href=\"\/en\/projects\/artificial-rocks-and-artificial-trees-in-the-south-american-pavilion-at-the-silesian-zoo\/\" class=\"w-iconbox-link\" aria-label=\"Artificial rocks and artificial trees in the South American pavilion at the Silesian Zoo\"><h3 class=\"w-iconbox-title\">Artificial rocks and artificial trees in the South American pavilion at the Silesian Zoo<\/h3><\/a><\/div><\/div><div class=\"w-separator size_small\"><\/div><\/div><\/div><\/div><div class=\"vc_col-sm-6 vc_col-xs-12 wpb_column vc_column_container\"><div class=\"vc_column-inner\"><div class=\"wpb_wrapper\"><div class=\"w-iconbox us_custom_b2399a20 service-article portfolio iconpos_top style_default color_primary align_center no_text icontype_img\"><a href=\"\/en\/projects\/orientarium-zoo-lodz\/\" class=\"w-iconbox-link\" aria-label=\"\u0141\u00f3d\u017a ZOO Orientarium\"><div class=\"w-iconbox-icon\"><img width=\"600\" height=\"400\" src=\"https:\/\/artsystemdeco.com\/wp-content\/uploads\/2023\/09\/orientarium-preview.jpg\" class=\"attachment-full size-full\" alt=\"\" decoding=\"async\" loading=\"lazy\" srcset=\"https:\/\/artsystemdeco.com\/wp-content\/uploads\/2023\/09\/orientarium-preview.jpg 600w, https:\/\/artsystemdeco.com\/wp-content\/uploads\/2023\/09\/orientarium-preview-300x200.jpg 300w\" sizes=\"(max-width: 600px) 100vw, 600px\" \/><\/div><\/a><div class=\"w-iconbox-meta\"><a href=\"\/en\/projects\/orientarium-zoo-lodz\/\" class=\"w-iconbox-link\" aria-label=\"\u0141\u00f3d\u017a ZOO Orientarium\"><h3 class=\"w-iconbox-title\">\u0141\u00f3d\u017a ZOO Orientarium<\/h3><\/a><\/div><\/div><div class=\"w-separator size_small\"><\/div><\/div><\/div><\/div><div class=\"vc_col-sm-6 vc_col-xs-12 wpb_column vc_column_container\"><div class=\"vc_column-inner\"><div class=\"wpb_wrapper\"><div class=\"w-iconbox us_custom_b2399a20 service-article portfolio iconpos_top style_default color_primary align_center no_text icontype_img\"><a href=\"\/en\/projects\/25-metre-long-artificial-exotic-tree\/\" class=\"w-iconbox-link\" aria-label=\"25-metre-long artificial exotic tree\"><div class=\"w-iconbox-icon\"><img width=\"600\" height=\"400\" src=\"https:\/\/artsystemdeco.com\/wp-content\/uploads\/2023\/09\/25-metrowe-drzewo-preview.jpg\" class=\"attachment-full size-full\" alt=\"\" decoding=\"async\" loading=\"lazy\" srcset=\"https:\/\/artsystemdeco.com\/wp-content\/uploads\/2023\/09\/25-metrowe-drzewo-preview.jpg 600w, https:\/\/artsystemdeco.com\/wp-content\/uploads\/2023\/09\/25-metrowe-drzewo-preview-300x200.jpg 300w\" sizes=\"(max-width: 600px) 100vw, 600px\" \/><\/div><\/a><div class=\"w-iconbox-meta\"><a href=\"\/en\/projects\/25-metre-long-artificial-exotic-tree\/\" class=\"w-iconbox-link\" aria-label=\"25-metre-long artificial exotic tree\"><h3 class=\"w-iconbox-title\">25-metre-long artificial exotic tree<\/h3><\/a><\/div><\/div><div class=\"w-separator size_small\"><\/div><\/div><\/div><\/div><div class=\"vc_col-sm-6 vc_col-xs-12 wpb_column vc_column_container\"><div class=\"vc_column-inner\"><div class=\"wpb_wrapper\"><div class=\"w-iconbox us_custom_b2399a20 service-article portfolio iconpos_top style_default color_primary align_center no_text icontype_img\"><a href=\"\/en\/projects\/deep-spot-mszczonow\/\" class=\"w-iconbox-link\" aria-label=\"Deep Spot Mszczon\u00f3w\"><div class=\"w-iconbox-icon\"><img width=\"1600\" height=\"900\" src=\"https:\/\/artsystemdeco.com\/wp-content\/uploads\/2023\/03\/deepspot1n.jpg\" class=\"attachment-full size-full\" alt=\"\" decoding=\"async\" loading=\"lazy\" srcset=\"https:\/\/artsystemdeco.com\/wp-content\/uploads\/2023\/03\/deepspot1n.jpg 1600w, https:\/\/artsystemdeco.com\/wp-content\/uploads\/2023\/03\/deepspot1n-300x169.jpg 300w, https:\/\/artsystemdeco.com\/wp-content\/uploads\/2023\/03\/deepspot1n-1024x576.jpg 1024w\" sizes=\"(max-width: 1600px) 100vw, 1600px\" \/><\/div><\/a><div class=\"w-iconbox-meta\"><a href=\"\/en\/projects\/deep-spot-mszczonow\/\" class=\"w-iconbox-link\" aria-label=\"Deep Spot Mszczon\u00f3w\"><h3 class=\"w-iconbox-title\">Deep Spot Mszczon\u00f3w<\/h3><\/a><\/div><\/div><\/div><\/div><\/div><\/div><\/div><\/section>\n","protected":false},"excerpt":{"rendered":"ProjectsArrangements made of artificial rocks in the Sosnowiec ExotariumArtificial rocks and artificial trees in the South American pavilion at the Silesian Zoo\u0141\u00f3d\u017a ZOO Orientarium25-metre-long artificial exotic treeDeep Spot Mszczon\u00f3w","protected":false},"author":1,"featured_media":0,"parent":0,"menu_order":0,"comment_status":"closed","ping_status":"closed","template":"","meta":[],"acf":[],"yoast_head":"<!-- This site is optimized with the Yoast SEO plugin v20.13 - https:\/\/yoast.com\/wordpress\/plugins\/seo\/ -->\n<title>Projects - ArtSystemDeco<\/title>\n<meta name=\"robots\" content=\"index, follow, max-snippet:-1, max-image-preview:large, max-video-preview:-1\" \/>\n<link rel=\"canonical\" href=\"https:\/\/artsystemdeco.com\/en\/projects\/\" \/>\n<meta property=\"og:locale\" content=\"en_US\" \/>\n<meta property=\"og:type\" content=\"article\" \/>\n<meta property=\"og:title\" content=\"Projects - ArtSystemDeco\" \/>\n<meta property=\"og:url\" content=\"https:\/\/artsystemdeco.com\/en\/projects\/\" \/>\n<meta property=\"og:site_name\" content=\"ArtSystemDeco\" \/>\n<meta property=\"article:modified_time\" content=\"2023-09-27T07:10:34+00:00\" \/>\n<meta name=\"twitter:card\" content=\"summary_large_image\" \/>\n<meta name=\"twitter:label1\" content=\"Est. reading time\" \/>\n\t<meta name=\"twitter:data1\" content=\"1 minute\" \/>\n<script type=\"application\/ld+json\" class=\"yoast-schema-graph\">{\"@context\":\"https:\/\/schema.org\",\"@graph\":[{\"@type\":\"WebPage\",\"@id\":\"https:\/\/artsystemdeco.com\/en\/projects\/\",\"url\":\"https:\/\/artsystemdeco.com\/en\/projects\/\",\"name\":\"Projects - ArtSystemDeco\",\"isPartOf\":{\"@id\":\"https:\/\/artsystemdeco.com\/en\/#website\"},\"datePublished\":\"2023-09-25T09:22:21+00:00\",\"dateModified\":\"2023-09-27T07:10:34+00:00\",\"breadcrumb\":{\"@id\":\"https:\/\/artsystemdeco.com\/en\/projects\/#breadcrumb\"},\"inLanguage\":\"en-US\",\"potentialAction\":[{\"@type\":\"ReadAction\",\"target\":[\"https:\/\/artsystemdeco.com\/en\/projects\/\"]}]},{\"@type\":\"BreadcrumbList\",\"@id\":\"https:\/\/artsystemdeco.com\/en\/projects\/#breadcrumb\",\"itemListElement\":[{\"@type\":\"ListItem\",\"position\":1,\"name\":\"Strona g\u0142\u00f3wna\",\"item\":\"https:\/\/artsystemdeco.com\/en\/\"},{\"@type\":\"ListItem\",\"position\":2,\"name\":\"Projects\"}]},{\"@type\":\"WebSite\",\"@id\":\"https:\/\/artsystemdeco.com\/en\/#website\",\"url\":\"https:\/\/artsystemdeco.com\/en\/\",\"name\":\"ArtSystemDeco\",\"description\":\"\",\"potentialAction\":[{\"@type\":\"SearchAction\",\"target\":{\"@type\":\"EntryPoint\",\"urlTemplate\":\"https:\/\/artsystemdeco.com\/en\/?s={search_term_string}\"},\"query-input\":\"required name=search_term_string\"}],\"inLanguage\":\"en-US\"}]}<\/script>\n<!-- \/ Yoast SEO plugin. -->","yoast_head_json":{"title":"Projects - ArtSystemDeco","robots":{"index":"index","follow":"follow","max-snippet":"max-snippet:-1","max-image-preview":"max-image-preview:large","max-video-preview":"max-video-preview:-1"},"canonical":"https:\/\/artsystemdeco.com\/en\/projects\/","og_locale":"en_US","og_type":"article","og_title":"Projects - ArtSystemDeco","og_url":"https:\/\/artsystemdeco.com\/en\/projects\/","og_site_name":"ArtSystemDeco","article_modified_time":"2023-09-27T07:10:34+00:00","twitter_card":"summary_large_image","twitter_misc":{"Est. reading time":"1 minute"},"schema":{"@context":"https:\/\/schema.org","@graph":[{"@type":"WebPage","@id":"https:\/\/artsystemdeco.com\/en\/projects\/","url":"https:\/\/artsystemdeco.com\/en\/projects\/","name":"Projects - ArtSystemDeco","isPartOf":{"@id":"https:\/\/artsystemdeco.com\/en\/#website"},"datePublished":"2023-09-25T09:22:21+00:00","dateModified":"2023-09-27T07:10:34+00:00","breadcrumb":{"@id":"https:\/\/artsystemdeco.com\/en\/projects\/#breadcrumb"},"inLanguage":"en-US","potentialAction":[{"@type":"ReadAction","target":["https:\/\/artsystemdeco.com\/en\/projects\/"]}]},{"@type":"BreadcrumbList","@id":"https:\/\/artsystemdeco.com\/en\/projects\/#breadcrumb","itemListElement":[{"@type":"ListItem","position":1,"name":"Strona g\u0142\u00f3wna","item":"https:\/\/artsystemdeco.com\/en\/"},{"@type":"ListItem","position":2,"name":"Projects"}]},{"@type":"WebSite","@id":"https:\/\/artsystemdeco.com\/en\/#website","url":"https:\/\/artsystemdeco.com\/en\/","name":"ArtSystemDeco","description":"","potentialAction":[{"@type":"SearchAction","target":{"@type":"EntryPoint","urlTemplate":"https:\/\/artsystemdeco.com\/en\/?s={search_term_string}"},"query-input":"required name=search_term_string"}],"inLanguage":"en-US"}]}},"_links":{"self":[{"href":"https:\/\/artsystemdeco.com\/en\/wp-json\/wp\/v2\/pages\/4872"}],"collection":[{"href":"https:\/\/artsystemdeco.com\/en\/wp-json\/wp\/v2\/pages"}],"about":[{"href":"https:\/\/artsystemdeco.com\/en\/wp-json\/wp\/v2\/types\/page"}],"author":[{"embeddable":true,"href":"https:\/\/artsystemdeco.com\/en\/wp-json\/wp\/v2\/users\/1"}],"replies":[{"embeddable":true,"href":"https:\/\/artsystemdeco.com\/en\/wp-json\/wp\/v2\/comments?post=4872"}],"version-history":[{"count":6,"href":"https:\/\/artsystemdeco.com\/en\/wp-json\/wp\/v2\/pages\/4872\/revisions"}],"predecessor-version":[{"id":4954,"href":"https:\/\/artsystemdeco.com\/en\/wp-json\/wp\/v2\/pages\/4872\/revisions\/4954"}],"wp:attachment":[{"href":"https:\/\/artsystemdeco.com\/en\/wp-json\/wp\/v2\/media?parent=4872"}],"curies":[{"name":"wp","href":"https:\/\/api.w.org\/{rel}","templated":true}]}}